{"id":12612,"date":"2023-10-27T16:20:04","date_gmt":"2023-10-27T19:20:04","guid":{"rendered":"https:\/\/calzavara.ar\/?post_type=product&#038;p=12612"},"modified":"2026-01-19T08:43:14","modified_gmt":"2026-01-19T11:43:14","slug":"limpia-contactos-mecanic-50-150g","status":"publish","type":"product","link":"https:\/\/calzavara.ar\/index.php\/producto\/limpia-contactos-mecanic-50-150g\/","title":{"rendered":"Limpia contactos Mecanic 50 150G"},"content":{"rendered":"<p>ste limpiador es altamente eficaz para eliminar suciedad, polvo, grasa y otros residuos que puedan afectar el rendimiento de tus dispositivos y equipos el\u00e9ctricos. Adem\u00e1s, seca r\u00e1pidamente, dejando las superficies limpias y sin residuos, lo que evita cortocircuitos y garantiza un funcionamiento \u00f3ptimo.<\/p>\n<p>&nbsp;<\/p>\n<p>Lo m\u00e1s importante es que nuestro limpiador de contactos en aerosol es seguro para usar en una amplia variedad de materiales, incluyendo pl\u00e1sticos, metales y gomas, sin causar da\u00f1o ni corrosi\u00f3n. Tambi\u00e9n cumple con las normativas de seguridad y regulaciones pertinentes.<\/p>\n<p>&nbsp;<\/p>\n<p>Nuestra f\u00f3rmula avanzada incluye caracter\u00edsticas como la expulsi\u00f3n de la humedad y la prevenci\u00f3n de la corrosi\u00f3n. Adem\u00e1s, es compatible con la electr\u00f3nica sensible, lo que lo convierte en una soluci\u00f3n vers\u00e1til para m\u00faltiples aplicaciones.<\/p>\n<p>&nbsp;<\/p>\n<hr \/>\n<p>&nbsp;<\/p>\n<p><strong><u>Datos \u00fatiles<\/u><\/strong><\/p>\n<p>&nbsp;<\/p>\n<p>Agitar antes de usar, rociar la superficie a una distancia de 15 a 20cm aproximadamente, dejar actuar unos minutos.<\/p>\n","protected":false},"excerpt":{"rendered":"<p>Color: incoloro.<br \/>\nOlor: caracter\u00edstico.<br \/>\nPorcentaje de volatilidad: 100 %<br \/>\nDensidad: 0,79 g\/mL.<br \/>\nConstante diel\u00e9ctrica: 32,7 (a 25 \u00baC)<br \/>\nPunto de congelaci\u00f3n: -97 \u00baC.<br \/>\nPunto de ebullici\u00f3n: 65 \u00baC.<br \/>\nSolubilidad: soluble en agua.<br \/>\nCARACTERISTICAS GENERALES<br \/>\nIdeal para equipos electr\u00f3nicos sensibles.<br \/>\nNo deja residuos.<br \/>\nApto para uso en superficie met\u00e1lica y pl\u00e1stico.<br \/>\nSecado r\u00e1pido.<br \/>\nAlto poder diel\u00e9ctrico.<br \/>\nNo contiene: clorofluoro-carbonados, resinas, siliconas,<br \/>\nplomo,<br \/>\nmercurio, cadmio<\/p>\n","protected":false},"featured_media":12613,"template":"","meta":[],"product_brand":[],"product_cat":[545],"product_tag":[],"class_list":{"0":"post-12612","1":"product","2":"type-product","3":"status-publish","4":"has-post-thumbnail","6":"product_cat-lubricantes","8":"first","9":"instock","10":"taxable","11":"shipping-taxable","12":"purchasable","13":"product-type-simple"},"yoast_head":"<!-- This site is optimized with the Yoast SEO plugin v27.3 - https:\/\/yoast.com\/product\/yoast-seo-wordpress\/ -->\n<title>Limpia contactos Mecanic 50 150G - CALZAVARA<\/title>\n<meta name=\"robots\" content=\"index, follow, max-snippet:-1, max-image-preview:large, max-video-preview:-1\" \/>\n<link rel=\"canonical\" href=\"https:\/\/calzavara.ar\/index.php\/producto\/limpia-contactos-mecanic-50-150g\/\" \/>\n<meta property=\"og:locale\" content=\"es_ES\" \/>\n<meta property=\"og:type\" content=\"article\" \/>\n<meta property=\"og:title\" content=\"Limpia contactos Mecanic 50 150G - CALZAVARA\" \/>\n<meta property=\"og:description\" content=\"Color: incoloro. Olor: caracter\u00edstico. Porcentaje de volatilidad: 100 % Densidad: 0,79 g\/mL. Constante diel\u00e9ctrica: 32,7 (a 25 \u00baC) Punto de congelaci\u00f3n: -97 \u00baC. Punto de ebullici\u00f3n: 65 \u00baC. Solubilidad: soluble en agua. CARACTERISTICAS GENERALES Ideal para equipos electr\u00f3nicos sensibles. No deja residuos. Apto para uso en superficie met\u00e1lica y pl\u00e1stico. Secado r\u00e1pido. Alto poder diel\u00e9ctrico. No contiene: clorofluoro-carbonados, resinas, siliconas, plomo, mercurio, cadmio\" \/>\n<meta property=\"og:url\" content=\"https:\/\/calzavara.ar\/index.php\/producto\/limpia-contactos-mecanic-50-150g\/\" \/>\n<meta property=\"og:site_name\" content=\"CALZAVARA\" \/>\n<meta property=\"article:publisher\" content=\"https:\/\/www.facebook.com\/calzavarasrl\" \/>\n<meta property=\"article:modified_time\" content=\"2026-01-19T11:43:14+00:00\" \/>\n<meta property=\"og:image\" content=\"https:\/\/calzavara.ar\/wp-content\/uploads\/2023\/10\/101200-limpia-contacto.jpg\" \/>\n\t<meta property=\"og:image:width\" content=\"800\" \/>\n\t<meta property=\"og:image:height\" content=\"1021\" \/>\n\t<meta property=\"og:image:type\" content=\"image\/jpeg\" \/>\n<meta name=\"twitter:card\" content=\"summary_large_image\" \/>\n<meta name=\"twitter:label1\" content=\"Tiempo de lectura\" \/>\n\t<meta name=\"twitter:data1\" content=\"1 minuto\" \/>\n<script type=\"application\/ld+json\" class=\"yoast-schema-graph\">{\"@context\":\"https:\\\/\\\/schema.org\",\"@graph\":[{\"@type\":\"WebPage\",\"@id\":\"https:\\\/\\\/calzavara.ar\\\/index.php\\\/producto\\\/limpia-contactos-mecanic-50-150g\\\/\",\"url\":\"https:\\\/\\\/calzavara.ar\\\/index.php\\\/producto\\\/limpia-contactos-mecanic-50-150g\\\/\",\"name\":\"Limpia contactos Mecanic 50 150G - CALZAVARA\",\"isPartOf\":{\"@id\":\"https:\\\/\\\/calzavara.ar\\\/#website\"},\"primaryImageOfPage\":{\"@id\":\"https:\\\/\\\/calzavara.ar\\\/index.php\\\/producto\\\/limpia-contactos-mecanic-50-150g\\\/#primaryimage\"},\"image\":{\"@id\":\"https:\\\/\\\/calzavara.ar\\\/index.php\\\/producto\\\/limpia-contactos-mecanic-50-150g\\\/#primaryimage\"},\"thumbnailUrl\":\"https:\\\/\\\/calzavara.ar\\\/wp-content\\\/uploads\\\/2023\\\/10\\\/101200-limpia-contacto.jpg\",\"datePublished\":\"2023-10-27T19:20:04+00:00\",\"dateModified\":\"2026-01-19T11:43:14+00:00\",\"breadcrumb\":{\"@id\":\"https:\\\/\\\/calzavara.ar\\\/index.php\\\/producto\\\/limpia-contactos-mecanic-50-150g\\\/#breadcrumb\"},\"inLanguage\":\"es\",\"potentialAction\":[{\"@type\":\"ReadAction\",\"target\":[\"https:\\\/\\\/calzavara.ar\\\/index.php\\\/producto\\\/limpia-contactos-mecanic-50-150g\\\/\"]}]},{\"@type\":\"ImageObject\",\"inLanguage\":\"es\",\"@id\":\"https:\\\/\\\/calzavara.ar\\\/index.php\\\/producto\\\/limpia-contactos-mecanic-50-150g\\\/#primaryimage\",\"url\":\"https:\\\/\\\/calzavara.ar\\\/wp-content\\\/uploads\\\/2023\\\/10\\\/101200-limpia-contacto.jpg\",\"contentUrl\":\"https:\\\/\\\/calzavara.ar\\\/wp-content\\\/uploads\\\/2023\\\/10\\\/101200-limpia-contacto.jpg\",\"width\":800,\"height\":1021},{\"@type\":\"BreadcrumbList\",\"@id\":\"https:\\\/\\\/calzavara.ar\\\/index.php\\\/producto\\\/limpia-contactos-mecanic-50-150g\\\/#breadcrumb\",\"itemListElement\":[{\"@type\":\"ListItem\",\"position\":1,\"name\":\"Portada\",\"item\":\"https:\\\/\\\/calzavara.ar\\\/\"},{\"@type\":\"ListItem\",\"position\":2,\"name\":\"Tienda\",\"item\":\"https:\\\/\\\/calzavara.ar\\\/index.php\\\/tienda\\\/\"},{\"@type\":\"ListItem\",\"position\":3,\"name\":\"Limpia contactos Mecanic 50 150G\"}]},{\"@type\":\"WebSite\",\"@id\":\"https:\\\/\\\/calzavara.ar\\\/#website\",\"url\":\"https:\\\/\\\/calzavara.ar\\\/\",\"name\":\"CALZAVARA\",\"description\":\"Tienda Oficial CALZAVARA\",\"publisher\":{\"@id\":\"https:\\\/\\\/calzavara.ar\\\/#organization\"},\"potentialAction\":[{\"@type\":\"SearchAction\",\"target\":{\"@type\":\"EntryPoint\",\"urlTemplate\":\"https:\\\/\\\/calzavara.ar\\\/?s={search_term_string}\"},\"query-input\":{\"@type\":\"PropertyValueSpecification\",\"valueRequired\":true,\"valueName\":\"search_term_string\"}}],\"inLanguage\":\"es\"},{\"@type\":\"Organization\",\"@id\":\"https:\\\/\\\/calzavara.ar\\\/#organization\",\"name\":\"CALZAVARA\",\"url\":\"https:\\\/\\\/calzavara.ar\\\/\",\"logo\":{\"@type\":\"ImageObject\",\"inLanguage\":\"es\",\"@id\":\"https:\\\/\\\/calzavara.ar\\\/#\\\/schema\\\/logo\\\/image\\\/\",\"url\":\"https:\\\/\\\/calzavara.ar\\\/wp-content\\\/uploads\\\/2025\\\/05\\\/CalzaLogoRedes.jpg\",\"contentUrl\":\"https:\\\/\\\/calzavara.ar\\\/wp-content\\\/uploads\\\/2025\\\/05\\\/CalzaLogoRedes.jpg\",\"width\":640,\"height\":640,\"caption\":\"CALZAVARA\"},\"image\":{\"@id\":\"https:\\\/\\\/calzavara.ar\\\/#\\\/schema\\\/logo\\\/image\\\/\"},\"sameAs\":[\"https:\\\/\\\/www.facebook.com\\\/calzavarasrl\",\"https:\\\/\\\/www.instagram.com\\\/calzavara_herrajes\",\"https:\\\/\\\/www.linkedin.com\\\/company\\\/calzavara\\\/\",\"https:\\\/\\\/www.youtube.com\\\/@calzavara3279\"]}]}<\/script>\n<!-- \/ Yoast SEO plugin. -->","yoast_head_json":{"title":"Limpia contactos Mecanic 50 150G - CALZAVARA","robots":{"index":"index","follow":"follow","max-snippet":"max-snippet:-1","max-image-preview":"max-image-preview:large","max-video-preview":"max-video-preview:-1"},"canonical":"https:\/\/calzavara.ar\/index.php\/producto\/limpia-contactos-mecanic-50-150g\/","og_locale":"es_ES","og_type":"article","og_title":"Limpia contactos Mecanic 50 150G - CALZAVARA","og_description":"Color: incoloro. Olor: caracter\u00edstico. Porcentaje de volatilidad: 100 % Densidad: 0,79 g\/mL. Constante diel\u00e9ctrica: 32,7 (a 25 \u00baC) Punto de congelaci\u00f3n: -97 \u00baC. Punto de ebullici\u00f3n: 65 \u00baC. Solubilidad: soluble en agua. CARACTERISTICAS GENERALES Ideal para equipos electr\u00f3nicos sensibles. No deja residuos. Apto para uso en superficie met\u00e1lica y pl\u00e1stico. Secado r\u00e1pido. Alto poder diel\u00e9ctrico. No contiene: clorofluoro-carbonados, resinas, siliconas, plomo, mercurio, cadmio","og_url":"https:\/\/calzavara.ar\/index.php\/producto\/limpia-contactos-mecanic-50-150g\/","og_site_name":"CALZAVARA","article_publisher":"https:\/\/www.facebook.com\/calzavarasrl","article_modified_time":"2026-01-19T11:43:14+00:00","og_image":[{"width":800,"height":1021,"url":"https:\/\/calzavara.ar\/wp-content\/uploads\/2023\/10\/101200-limpia-contacto.jpg","type":"image\/jpeg"}],"twitter_card":"summary_large_image","twitter_misc":{"Tiempo de lectura":"1 minuto"},"schema":{"@context":"https:\/\/schema.org","@graph":[{"@type":"WebPage","@id":"https:\/\/calzavara.ar\/index.php\/producto\/limpia-contactos-mecanic-50-150g\/","url":"https:\/\/calzavara.ar\/index.php\/producto\/limpia-contactos-mecanic-50-150g\/","name":"Limpia contactos Mecanic 50 150G - CALZAVARA","isPartOf":{"@id":"https:\/\/calzavara.ar\/#website"},"primaryImageOfPage":{"@id":"https:\/\/calzavara.ar\/index.php\/producto\/limpia-contactos-mecanic-50-150g\/#primaryimage"},"image":{"@id":"https:\/\/calzavara.ar\/index.php\/producto\/limpia-contactos-mecanic-50-150g\/#primaryimage"},"thumbnailUrl":"https:\/\/calzavara.ar\/wp-content\/uploads\/2023\/10\/101200-limpia-contacto.jpg","datePublished":"2023-10-27T19:20:04+00:00","dateModified":"2026-01-19T11:43:14+00:00","breadcrumb":{"@id":"https:\/\/calzavara.ar\/index.php\/producto\/limpia-contactos-mecanic-50-150g\/#breadcrumb"},"inLanguage":"es","potentialAction":[{"@type":"ReadAction","target":["https:\/\/calzavara.ar\/index.php\/producto\/limpia-contactos-mecanic-50-150g\/"]}]},{"@type":"ImageObject","inLanguage":"es","@id":"https:\/\/calzavara.ar\/index.php\/producto\/limpia-contactos-mecanic-50-150g\/#primaryimage","url":"https:\/\/calzavara.ar\/wp-content\/uploads\/2023\/10\/101200-limpia-contacto.jpg","contentUrl":"https:\/\/calzavara.ar\/wp-content\/uploads\/2023\/10\/101200-limpia-contacto.jpg","width":800,"height":1021},{"@type":"BreadcrumbList","@id":"https:\/\/calzavara.ar\/index.php\/producto\/limpia-contactos-mecanic-50-150g\/#breadcrumb","itemListElement":[{"@type":"ListItem","position":1,"name":"Portada","item":"https:\/\/calzavara.ar\/"},{"@type":"ListItem","position":2,"name":"Tienda","item":"https:\/\/calzavara.ar\/index.php\/tienda\/"},{"@type":"ListItem","position":3,"name":"Limpia contactos Mecanic 50 150G"}]},{"@type":"WebSite","@id":"https:\/\/calzavara.ar\/#website","url":"https:\/\/calzavara.ar\/","name":"CALZAVARA","description":"Tienda Oficial CALZAVARA","publisher":{"@id":"https:\/\/calzavara.ar\/#organization"},"potentialAction":[{"@type":"SearchAction","target":{"@type":"EntryPoint","urlTemplate":"https:\/\/calzavara.ar\/?s={search_term_string}"},"query-input":{"@type":"PropertyValueSpecification","valueRequired":true,"valueName":"search_term_string"}}],"inLanguage":"es"},{"@type":"Organization","@id":"https:\/\/calzavara.ar\/#organization","name":"CALZAVARA","url":"https:\/\/calzavara.ar\/","logo":{"@type":"ImageObject","inLanguage":"es","@id":"https:\/\/calzavara.ar\/#\/schema\/logo\/image\/","url":"https:\/\/calzavara.ar\/wp-content\/uploads\/2025\/05\/CalzaLogoRedes.jpg","contentUrl":"https:\/\/calzavara.ar\/wp-content\/uploads\/2025\/05\/CalzaLogoRedes.jpg","width":640,"height":640,"caption":"CALZAVARA"},"image":{"@id":"https:\/\/calzavara.ar\/#\/schema\/logo\/image\/"},"sameAs":["https:\/\/www.facebook.com\/calzavarasrl","https:\/\/www.instagram.com\/calzavara_herrajes","https:\/\/www.linkedin.com\/company\/calzavara\/","https:\/\/www.youtube.com\/@calzavara3279"]}]}},"jetpack_sharing_enabled":true,"_links":{"self":[{"href":"https:\/\/calzavara.ar\/index.php\/wp-json\/wp\/v2\/product\/12612","targetHints":{"allow":["GET"]}}],"collection":[{"href":"https:\/\/calzavara.ar\/index.php\/wp-json\/wp\/v2\/product"}],"about":[{"href":"https:\/\/calzavara.ar\/index.php\/wp-json\/wp\/v2\/types\/product"}],"wp:featuredmedia":[{"embeddable":true,"href":"https:\/\/calzavara.ar\/index.php\/wp-json\/wp\/v2\/media\/12613"}],"wp:attachment":[{"href":"https:\/\/calzavara.ar\/index.php\/wp-json\/wp\/v2\/media?parent=12612"}],"wp:term":[{"taxonomy":"product_brand","embeddable":true,"href":"https:\/\/calzavara.ar\/index.php\/wp-json\/wp\/v2\/product_brand?post=12612"},{"taxonomy":"product_cat","embeddable":true,"href":"https:\/\/calzavara.ar\/index.php\/wp-json\/wp\/v2\/product_cat?post=12612"},{"taxonomy":"product_tag","embeddable":true,"href":"https:\/\/calzavara.ar\/index.php\/wp-json\/wp\/v2\/product_tag?post=12612"}],"curies":[{"name":"wp","href":"https:\/\/api.w.org\/{rel}","templated":true}]}}