{"id":12578,"date":"2023-10-26T13:57:00","date_gmt":"2023-10-26T16:57:00","guid":{"rendered":"https:\/\/calzavara.ar\/?post_type=product&#038;p=12578"},"modified":"2026-01-19T08:43:13","modified_gmt":"2026-01-19T11:43:13","slug":"espuma-de-montaje-rapido-premium-pu-750-ml","status":"publish","type":"product","link":"https:\/\/calzavara.ar\/index.php\/producto\/espuma-de-montaje-rapido-premium-pu-750-ml\/","title":{"rendered":"Espuma de montaje r?pido Premium PU 750 Ml"},"content":{"rendered":"<div class=\"product-family-head-fi__description\" data-v-7e9ee63a=\"\">La espuma de instalaci\u00f3n r\u00e1pida Premium PU 750 de fischer es ideal para el relleno, el aislamiento y el aislamiento de las juntas de conexi\u00f3n de las ventanas y el relleno de las juntas de conexi\u00f3n de los marcos de las puertas, los elementos acabados, las conexiones de las paredes, las penetraciones de las paredes y las cavidades. Tiene un aislamiento ac\u00fastico extremadamente alto en las articulaciones. El informe de prueba de la resistencia a la presi\u00f3n del agua confirma su idoneidad como espuma para fuentes. El dispensador beige de espuma de adaptador de fischer PU 750 est\u00e1 equipado con el adaptador de fijaci\u00f3n de fischer, que permite el uso posterior de latas abiertas. La v\u00e1lvula s\u00f3lida ofrece la m\u00e1xima seguridad contra las obstrucciones y la p\u00e9rdida de gas. Se incluyen guantes protectores para los usuarios finales.<\/div>\n","protected":false},"excerpt":{"rendered":"<ul>\n<li>Espuma de poliuretano de un componente<\/li>\n<li>Clase de material de construcci\u00f3n B2 o B3<\/li>\n<li>Temperatura de procesamiento del ambiente: +5 \u00b0C a +35 \u00b0C (temperatura de la lata: +5 \u00b0C a +25 \u00b0C)<\/li>\n<li>No es pegajoso despu\u00e9s de unos 20 minutos.<\/li>\n<li>Puede ser cortado despu\u00e9s de aproximadamente 40 minutos<\/li>\n<li>Se cura en 5 a 8 horas<\/li>\n<li>Resistente a la temperatura de -40 \u00b0C a +90 \u00b0C<\/li>\n<li>Espesor de las capas &gt; 50 mm: espumar en varias capas y luego humedecer.<\/li>\n<li>Las manchas de espuma fresca se pueden eliminar inmediatamente con el limpiador de PU de fischer.<\/li>\n<\/ul>\n","protected":false},"featured_media":12579,"template":"","meta":[],"product_brand":[],"product_cat":[265],"product_tag":[],"class_list":{"0":"post-12578","1":"product","2":"type-product","3":"status-publish","4":"has-post-thumbnail","6":"product_cat-fijaciones-vidrio","8":"first","9":"instock","10":"sale","11":"taxable","12":"shipping-taxable","13":"purchasable","14":"product-type-simple"},"yoast_head":"<!-- This site is optimized with the Yoast SEO plugin v27.3 - https:\/\/yoast.com\/product\/yoast-seo-wordpress\/ -->\n<title>Espuma de montaje r?pido Premium PU 750 Ml - CALZAVARA<\/title>\n<meta name=\"robots\" content=\"index, follow, max-snippet:-1, max-image-preview:large, max-video-preview:-1\" \/>\n<link rel=\"canonical\" href=\"https:\/\/calzavara.ar\/index.php\/producto\/espuma-de-montaje-rapido-premium-pu-750-ml\/\" \/>\n<meta property=\"og:locale\" content=\"es_ES\" \/>\n<meta property=\"og:type\" content=\"article\" \/>\n<meta property=\"og:title\" content=\"Espuma de montaje r?pido Premium PU 750 Ml - CALZAVARA\" \/>\n<meta property=\"og:description\" content=\"Espuma de poliuretano de un componente  Clase de material de construcci\u00f3n B2 o B3  Temperatura de procesamiento del ambiente: +5 \u00b0C a +35 \u00b0C (temperatura de la lata: +5 \u00b0C a +25 \u00b0C)  No es pegajoso despu\u00e9s de unos 20 minutos.  Puede ser cortado despu\u00e9s de aproximadamente 40 minutos  Se cura en 5 a 8 horas  Resistente a la temperatura de -40 \u00b0C a +90 \u00b0C  Espesor de las capas &gt; 50 mm: espumar en varias capas y luego humedecer.  Las manchas de espuma fresca se pueden eliminar inmediatamente con el limpiador de PU de fischer.\" \/>\n<meta property=\"og:url\" content=\"https:\/\/calzavara.ar\/index.php\/producto\/espuma-de-montaje-rapido-premium-pu-750-ml\/\" \/>\n<meta property=\"og:site_name\" content=\"CALZAVARA\" \/>\n<meta property=\"article:publisher\" content=\"https:\/\/www.facebook.com\/calzavarasrl\" \/>\n<meta property=\"article:modified_time\" content=\"2026-01-19T11:43:13+00:00\" \/>\n<meta property=\"og:image\" content=\"https:\/\/calzavara.ar\/wp-content\/uploads\/2023\/10\/94728_800.jpg\" \/>\n\t<meta property=\"og:image:width\" content=\"800\" \/>\n\t<meta property=\"og:image:height\" content=\"800\" \/>\n\t<meta property=\"og:image:type\" content=\"image\/jpeg\" \/>\n<meta name=\"twitter:card\" content=\"summary_large_image\" \/>\n<meta name=\"twitter:label1\" content=\"Tiempo de lectura\" \/>\n\t<meta name=\"twitter:data1\" content=\"1 minuto\" \/>\n<script type=\"application\/ld+json\" class=\"yoast-schema-graph\">{\"@context\":\"https:\\\/\\\/schema.org\",\"@graph\":[{\"@type\":\"WebPage\",\"@id\":\"https:\\\/\\\/calzavara.ar\\\/index.php\\\/producto\\\/espuma-de-montaje-rapido-premium-pu-750-ml\\\/\",\"url\":\"https:\\\/\\\/calzavara.ar\\\/index.php\\\/producto\\\/espuma-de-montaje-rapido-premium-pu-750-ml\\\/\",\"name\":\"Espuma de montaje r?pido Premium PU 750 Ml - CALZAVARA\",\"isPartOf\":{\"@id\":\"https:\\\/\\\/calzavara.ar\\\/#website\"},\"primaryImageOfPage\":{\"@id\":\"https:\\\/\\\/calzavara.ar\\\/index.php\\\/producto\\\/espuma-de-montaje-rapido-premium-pu-750-ml\\\/#primaryimage\"},\"image\":{\"@id\":\"https:\\\/\\\/calzavara.ar\\\/index.php\\\/producto\\\/espuma-de-montaje-rapido-premium-pu-750-ml\\\/#primaryimage\"},\"thumbnailUrl\":\"https:\\\/\\\/calzavara.ar\\\/wp-content\\\/uploads\\\/2023\\\/10\\\/94728_800.jpg\",\"datePublished\":\"2023-10-26T16:57:00+00:00\",\"dateModified\":\"2026-01-19T11:43:13+00:00\",\"breadcrumb\":{\"@id\":\"https:\\\/\\\/calzavara.ar\\\/index.php\\\/producto\\\/espuma-de-montaje-rapido-premium-pu-750-ml\\\/#breadcrumb\"},\"inLanguage\":\"es\",\"potentialAction\":[{\"@type\":\"ReadAction\",\"target\":[\"https:\\\/\\\/calzavara.ar\\\/index.php\\\/producto\\\/espuma-de-montaje-rapido-premium-pu-750-ml\\\/\"]}]},{\"@type\":\"ImageObject\",\"inLanguage\":\"es\",\"@id\":\"https:\\\/\\\/calzavara.ar\\\/index.php\\\/producto\\\/espuma-de-montaje-rapido-premium-pu-750-ml\\\/#primaryimage\",\"url\":\"https:\\\/\\\/calzavara.ar\\\/wp-content\\\/uploads\\\/2023\\\/10\\\/94728_800.jpg\",\"contentUrl\":\"https:\\\/\\\/calzavara.ar\\\/wp-content\\\/uploads\\\/2023\\\/10\\\/94728_800.jpg\",\"width\":800,\"height\":800},{\"@type\":\"BreadcrumbList\",\"@id\":\"https:\\\/\\\/calzavara.ar\\\/index.php\\\/producto\\\/espuma-de-montaje-rapido-premium-pu-750-ml\\\/#breadcrumb\",\"itemListElement\":[{\"@type\":\"ListItem\",\"position\":1,\"name\":\"Portada\",\"item\":\"https:\\\/\\\/calzavara.ar\\\/\"},{\"@type\":\"ListItem\",\"position\":2,\"name\":\"Tienda\",\"item\":\"https:\\\/\\\/calzavara.ar\\\/index.php\\\/tienda\\\/\"},{\"@type\":\"ListItem\",\"position\":3,\"name\":\"Espuma de montaje r?pido Premium PU 750 Ml\"}]},{\"@type\":\"WebSite\",\"@id\":\"https:\\\/\\\/calzavara.ar\\\/#website\",\"url\":\"https:\\\/\\\/calzavara.ar\\\/\",\"name\":\"CALZAVARA\",\"description\":\"Tienda Oficial CALZAVARA\",\"publisher\":{\"@id\":\"https:\\\/\\\/calzavara.ar\\\/#organization\"},\"potentialAction\":[{\"@type\":\"SearchAction\",\"target\":{\"@type\":\"EntryPoint\",\"urlTemplate\":\"https:\\\/\\\/calzavara.ar\\\/?s={search_term_string}\"},\"query-input\":{\"@type\":\"PropertyValueSpecification\",\"valueRequired\":true,\"valueName\":\"search_term_string\"}}],\"inLanguage\":\"es\"},{\"@type\":\"Organization\",\"@id\":\"https:\\\/\\\/calzavara.ar\\\/#organization\",\"name\":\"CALZAVARA\",\"url\":\"https:\\\/\\\/calzavara.ar\\\/\",\"logo\":{\"@type\":\"ImageObject\",\"inLanguage\":\"es\",\"@id\":\"https:\\\/\\\/calzavara.ar\\\/#\\\/schema\\\/logo\\\/image\\\/\",\"url\":\"https:\\\/\\\/calzavara.ar\\\/wp-content\\\/uploads\\\/2025\\\/05\\\/CalzaLogoRedes.jpg\",\"contentUrl\":\"https:\\\/\\\/calzavara.ar\\\/wp-content\\\/uploads\\\/2025\\\/05\\\/CalzaLogoRedes.jpg\",\"width\":640,\"height\":640,\"caption\":\"CALZAVARA\"},\"image\":{\"@id\":\"https:\\\/\\\/calzavara.ar\\\/#\\\/schema\\\/logo\\\/image\\\/\"},\"sameAs\":[\"https:\\\/\\\/www.facebook.com\\\/calzavarasrl\",\"https:\\\/\\\/www.instagram.com\\\/calzavara_herrajes\",\"https:\\\/\\\/www.linkedin.com\\\/company\\\/calzavara\\\/\",\"https:\\\/\\\/www.youtube.com\\\/@calzavara3279\"]}]}<\/script>\n<!-- \/ Yoast SEO plugin. -->","yoast_head_json":{"title":"Espuma de montaje r?pido Premium PU 750 Ml - CALZAVARA","robots":{"index":"index","follow":"follow","max-snippet":"max-snippet:-1","max-image-preview":"max-image-preview:large","max-video-preview":"max-video-preview:-1"},"canonical":"https:\/\/calzavara.ar\/index.php\/producto\/espuma-de-montaje-rapido-premium-pu-750-ml\/","og_locale":"es_ES","og_type":"article","og_title":"Espuma de montaje r?pido Premium PU 750 Ml - CALZAVARA","og_description":"Espuma de poliuretano de un componente  Clase de material de construcci\u00f3n B2 o B3  Temperatura de procesamiento del ambiente: +5 \u00b0C a +35 \u00b0C (temperatura de la lata: +5 \u00b0C a +25 \u00b0C)  No es pegajoso despu\u00e9s de unos 20 minutos.  Puede ser cortado despu\u00e9s de aproximadamente 40 minutos  Se cura en 5 a 8 horas  Resistente a la temperatura de -40 \u00b0C a +90 \u00b0C  Espesor de las capas &gt; 50 mm: espumar en varias capas y luego humedecer.  Las manchas de espuma fresca se pueden eliminar inmediatamente con el limpiador de PU de fischer.","og_url":"https:\/\/calzavara.ar\/index.php\/producto\/espuma-de-montaje-rapido-premium-pu-750-ml\/","og_site_name":"CALZAVARA","article_publisher":"https:\/\/www.facebook.com\/calzavarasrl","article_modified_time":"2026-01-19T11:43:13+00:00","og_image":[{"width":800,"height":800,"url":"https:\/\/calzavara.ar\/wp-content\/uploads\/2023\/10\/94728_800.jpg","type":"image\/jpeg"}],"twitter_card":"summary_large_image","twitter_misc":{"Tiempo de lectura":"1 minuto"},"schema":{"@context":"https:\/\/schema.org","@graph":[{"@type":"WebPage","@id":"https:\/\/calzavara.ar\/index.php\/producto\/espuma-de-montaje-rapido-premium-pu-750-ml\/","url":"https:\/\/calzavara.ar\/index.php\/producto\/espuma-de-montaje-rapido-premium-pu-750-ml\/","name":"Espuma de montaje r?pido Premium PU 750 Ml - CALZAVARA","isPartOf":{"@id":"https:\/\/calzavara.ar\/#website"},"primaryImageOfPage":{"@id":"https:\/\/calzavara.ar\/index.php\/producto\/espuma-de-montaje-rapido-premium-pu-750-ml\/#primaryimage"},"image":{"@id":"https:\/\/calzavara.ar\/index.php\/producto\/espuma-de-montaje-rapido-premium-pu-750-ml\/#primaryimage"},"thumbnailUrl":"https:\/\/calzavara.ar\/wp-content\/uploads\/2023\/10\/94728_800.jpg","datePublished":"2023-10-26T16:57:00+00:00","dateModified":"2026-01-19T11:43:13+00:00","breadcrumb":{"@id":"https:\/\/calzavara.ar\/index.php\/producto\/espuma-de-montaje-rapido-premium-pu-750-ml\/#breadcrumb"},"inLanguage":"es","potentialAction":[{"@type":"ReadAction","target":["https:\/\/calzavara.ar\/index.php\/producto\/espuma-de-montaje-rapido-premium-pu-750-ml\/"]}]},{"@type":"ImageObject","inLanguage":"es","@id":"https:\/\/calzavara.ar\/index.php\/producto\/espuma-de-montaje-rapido-premium-pu-750-ml\/#primaryimage","url":"https:\/\/calzavara.ar\/wp-content\/uploads\/2023\/10\/94728_800.jpg","contentUrl":"https:\/\/calzavara.ar\/wp-content\/uploads\/2023\/10\/94728_800.jpg","width":800,"height":800},{"@type":"BreadcrumbList","@id":"https:\/\/calzavara.ar\/index.php\/producto\/espuma-de-montaje-rapido-premium-pu-750-ml\/#breadcrumb","itemListElement":[{"@type":"ListItem","position":1,"name":"Portada","item":"https:\/\/calzavara.ar\/"},{"@type":"ListItem","position":2,"name":"Tienda","item":"https:\/\/calzavara.ar\/index.php\/tienda\/"},{"@type":"ListItem","position":3,"name":"Espuma de montaje r?pido Premium PU 750 Ml"}]},{"@type":"WebSite","@id":"https:\/\/calzavara.ar\/#website","url":"https:\/\/calzavara.ar\/","name":"CALZAVARA","description":"Tienda Oficial CALZAVARA","publisher":{"@id":"https:\/\/calzavara.ar\/#organization"},"potentialAction":[{"@type":"SearchAction","target":{"@type":"EntryPoint","urlTemplate":"https:\/\/calzavara.ar\/?s={search_term_string}"},"query-input":{"@type":"PropertyValueSpecification","valueRequired":true,"valueName":"search_term_string"}}],"inLanguage":"es"},{"@type":"Organization","@id":"https:\/\/calzavara.ar\/#organization","name":"CALZAVARA","url":"https:\/\/calzavara.ar\/","logo":{"@type":"ImageObject","inLanguage":"es","@id":"https:\/\/calzavara.ar\/#\/schema\/logo\/image\/","url":"https:\/\/calzavara.ar\/wp-content\/uploads\/2025\/05\/CalzaLogoRedes.jpg","contentUrl":"https:\/\/calzavara.ar\/wp-content\/uploads\/2025\/05\/CalzaLogoRedes.jpg","width":640,"height":640,"caption":"CALZAVARA"},"image":{"@id":"https:\/\/calzavara.ar\/#\/schema\/logo\/image\/"},"sameAs":["https:\/\/www.facebook.com\/calzavarasrl","https:\/\/www.instagram.com\/calzavara_herrajes","https:\/\/www.linkedin.com\/company\/calzavara\/","https:\/\/www.youtube.com\/@calzavara3279"]}]}},"jetpack_sharing_enabled":true,"_links":{"self":[{"href":"https:\/\/calzavara.ar\/index.php\/wp-json\/wp\/v2\/product\/12578","targetHints":{"allow":["GET"]}}],"collection":[{"href":"https:\/\/calzavara.ar\/index.php\/wp-json\/wp\/v2\/product"}],"about":[{"href":"https:\/\/calzavara.ar\/index.php\/wp-json\/wp\/v2\/types\/product"}],"wp:featuredmedia":[{"embeddable":true,"href":"https:\/\/calzavara.ar\/index.php\/wp-json\/wp\/v2\/media\/12579"}],"wp:attachment":[{"href":"https:\/\/calzavara.ar\/index.php\/wp-json\/wp\/v2\/media?parent=12578"}],"wp:term":[{"taxonomy":"product_brand","embeddable":true,"href":"https:\/\/calzavara.ar\/index.php\/wp-json\/wp\/v2\/product_brand?post=12578"},{"taxonomy":"product_cat","embeddable":true,"href":"https:\/\/calzavara.ar\/index.php\/wp-json\/wp\/v2\/product_cat?post=12578"},{"taxonomy":"product_tag","embeddable":true,"href":"https:\/\/calzavara.ar\/index.php\/wp-json\/wp\/v2\/product_tag?post=12578"}],"curies":[{"name":"wp","href":"https:\/\/api.w.org\/{rel}","templated":true}]}}