{"id":12539,"date":"2023-10-20T15:57:00","date_gmt":"2023-10-20T18:57:00","guid":{"rendered":"https:\/\/calzavara.ar\/?post_type=product&#038;p=12539"},"modified":"2026-01-19T08:43:13","modified_gmt":"2026-01-19T11:43:13","slug":"bolsa-de-papel-para-aspiradora-15-lts","status":"publish","type":"product","link":"https:\/\/calzavara.ar\/index.php\/producto\/bolsa-de-papel-para-aspiradora-15-lts\/","title":{"rendered":"Bolsa De Papel Para Aspiradora 15 Lts"},"content":{"rendered":"<p>Bolsa de papel importado para aspiradoras marca Pektra, Lusqtoff, Daewo.<\/p>\n<p>El paquete es por 1 unidad.<\/p>\n<p>La Boca de cart\u00f3n mide 7,5 cm de di\u00e1metro, la boca de goma tiene 4 cm de di\u00e1metro, el largo es de 47 cm, el ancho de 26 cm, el ancho sin el dobles es de 36 cm.<\/p>\n<p>&nbsp;<\/p>\n","protected":false},"excerpt":{"rendered":"<p>Bolsa de papel importado para aspiradoras marca Pektra, Lusqtoff, Daewo. El paquete es por 1 unidad. La Boca de cart\u00f3n<\/p>\n","protected":false},"featured_media":12540,"template":"","meta":[],"product_brand":[],"product_cat":[1044],"product_tag":[1046,1045],"class_list":{"0":"post-12539","1":"product","2":"type-product","3":"status-publish","4":"has-post-thumbnail","6":"product_cat-bolsa-aspiradora","7":"product_tag-bolsa-aspiradora","8":"product_tag-repuesto-aspiradora","10":"first","11":"outofstock","12":"taxable","13":"shipping-taxable","14":"purchasable","15":"product-type-simple"},"yoast_head":"<!-- This site is optimized with the Yoast SEO plugin v27.3 - https:\/\/yoast.com\/product\/yoast-seo-wordpress\/ -->\n<title>Bolsa De Papel Para Aspiradora 15 Lts - CALZAVARA<\/title>\n<meta name=\"robots\" content=\"index, follow, max-snippet:-1, max-image-preview:large, max-video-preview:-1\" \/>\n<link rel=\"canonical\" href=\"https:\/\/calzavara.ar\/index.php\/producto\/bolsa-de-papel-para-aspiradora-15-lts\/\" \/>\n<meta property=\"og:locale\" content=\"es_ES\" \/>\n<meta property=\"og:type\" content=\"article\" \/>\n<meta property=\"og:title\" content=\"Bolsa De Papel Para Aspiradora 15 Lts - CALZAVARA\" \/>\n<meta property=\"og:description\" content=\"Bolsa de papel importado para aspiradoras marca Pektra, Lusqtoff, Daewo. El paquete es por 1 unidad. La Boca de cart\u00f3n\" \/>\n<meta property=\"og:url\" content=\"https:\/\/calzavara.ar\/index.php\/producto\/bolsa-de-papel-para-aspiradora-15-lts\/\" \/>\n<meta property=\"og:site_name\" content=\"CALZAVARA\" \/>\n<meta property=\"article:publisher\" content=\"https:\/\/www.facebook.com\/calzavarasrl\" \/>\n<meta property=\"article:modified_time\" content=\"2026-01-19T11:43:13+00:00\" \/>\n<meta property=\"og:image\" content=\"https:\/\/calzavara.ar\/wp-content\/uploads\/2023\/10\/D_NQ_NP_925018-MLA48235935605_112021-O.jpg\" \/>\n\t<meta property=\"og:image:width\" content=\"314\" \/>\n\t<meta property=\"og:image:height\" content=\"500\" \/>\n\t<meta property=\"og:image:type\" content=\"image\/jpeg\" \/>\n<meta name=\"twitter:card\" content=\"summary_large_image\" \/>\n<script type=\"application\/ld+json\" class=\"yoast-schema-graph\">{\"@context\":\"https:\\\/\\\/schema.org\",\"@graph\":[{\"@type\":\"WebPage\",\"@id\":\"https:\\\/\\\/calzavara.ar\\\/index.php\\\/producto\\\/bolsa-de-papel-para-aspiradora-15-lts\\\/\",\"url\":\"https:\\\/\\\/calzavara.ar\\\/index.php\\\/producto\\\/bolsa-de-papel-para-aspiradora-15-lts\\\/\",\"name\":\"Bolsa De Papel Para Aspiradora 15 Lts - CALZAVARA\",\"isPartOf\":{\"@id\":\"https:\\\/\\\/calzavara.ar\\\/#website\"},\"primaryImageOfPage\":{\"@id\":\"https:\\\/\\\/calzavara.ar\\\/index.php\\\/producto\\\/bolsa-de-papel-para-aspiradora-15-lts\\\/#primaryimage\"},\"image\":{\"@id\":\"https:\\\/\\\/calzavara.ar\\\/index.php\\\/producto\\\/bolsa-de-papel-para-aspiradora-15-lts\\\/#primaryimage\"},\"thumbnailUrl\":\"https:\\\/\\\/calzavara.ar\\\/wp-content\\\/uploads\\\/2023\\\/10\\\/D_NQ_NP_925018-MLA48235935605_112021-O.jpg\",\"datePublished\":\"2023-10-20T18:57:00+00:00\",\"dateModified\":\"2026-01-19T11:43:13+00:00\",\"breadcrumb\":{\"@id\":\"https:\\\/\\\/calzavara.ar\\\/index.php\\\/producto\\\/bolsa-de-papel-para-aspiradora-15-lts\\\/#breadcrumb\"},\"inLanguage\":\"es\",\"potentialAction\":[{\"@type\":\"ReadAction\",\"target\":[\"https:\\\/\\\/calzavara.ar\\\/index.php\\\/producto\\\/bolsa-de-papel-para-aspiradora-15-lts\\\/\"]}]},{\"@type\":\"ImageObject\",\"inLanguage\":\"es\",\"@id\":\"https:\\\/\\\/calzavara.ar\\\/index.php\\\/producto\\\/bolsa-de-papel-para-aspiradora-15-lts\\\/#primaryimage\",\"url\":\"https:\\\/\\\/calzavara.ar\\\/wp-content\\\/uploads\\\/2023\\\/10\\\/D_NQ_NP_925018-MLA48235935605_112021-O.jpg\",\"contentUrl\":\"https:\\\/\\\/calzavara.ar\\\/wp-content\\\/uploads\\\/2023\\\/10\\\/D_NQ_NP_925018-MLA48235935605_112021-O.jpg\",\"width\":314,\"height\":500},{\"@type\":\"BreadcrumbList\",\"@id\":\"https:\\\/\\\/calzavara.ar\\\/index.php\\\/producto\\\/bolsa-de-papel-para-aspiradora-15-lts\\\/#breadcrumb\",\"itemListElement\":[{\"@type\":\"ListItem\",\"position\":1,\"name\":\"Portada\",\"item\":\"https:\\\/\\\/calzavara.ar\\\/\"},{\"@type\":\"ListItem\",\"position\":2,\"name\":\"Tienda\",\"item\":\"https:\\\/\\\/calzavara.ar\\\/index.php\\\/tienda\\\/\"},{\"@type\":\"ListItem\",\"position\":3,\"name\":\"Bolsa De Papel Para Aspiradora 15 Lts\"}]},{\"@type\":\"WebSite\",\"@id\":\"https:\\\/\\\/calzavara.ar\\\/#website\",\"url\":\"https:\\\/\\\/calzavara.ar\\\/\",\"name\":\"CALZAVARA\",\"description\":\"Tienda Oficial CALZAVARA\",\"publisher\":{\"@id\":\"https:\\\/\\\/calzavara.ar\\\/#organization\"},\"potentialAction\":[{\"@type\":\"SearchAction\",\"target\":{\"@type\":\"EntryPoint\",\"urlTemplate\":\"https:\\\/\\\/calzavara.ar\\\/?s={search_term_string}\"},\"query-input\":{\"@type\":\"PropertyValueSpecification\",\"valueRequired\":true,\"valueName\":\"search_term_string\"}}],\"inLanguage\":\"es\"},{\"@type\":\"Organization\",\"@id\":\"https:\\\/\\\/calzavara.ar\\\/#organization\",\"name\":\"CALZAVARA\",\"url\":\"https:\\\/\\\/calzavara.ar\\\/\",\"logo\":{\"@type\":\"ImageObject\",\"inLanguage\":\"es\",\"@id\":\"https:\\\/\\\/calzavara.ar\\\/#\\\/schema\\\/logo\\\/image\\\/\",\"url\":\"https:\\\/\\\/calzavara.ar\\\/wp-content\\\/uploads\\\/2025\\\/05\\\/CalzaLogoRedes.jpg\",\"contentUrl\":\"https:\\\/\\\/calzavara.ar\\\/wp-content\\\/uploads\\\/2025\\\/05\\\/CalzaLogoRedes.jpg\",\"width\":640,\"height\":640,\"caption\":\"CALZAVARA\"},\"image\":{\"@id\":\"https:\\\/\\\/calzavara.ar\\\/#\\\/schema\\\/logo\\\/image\\\/\"},\"sameAs\":[\"https:\\\/\\\/www.facebook.com\\\/calzavarasrl\",\"https:\\\/\\\/www.instagram.com\\\/calzavara_herrajes\",\"https:\\\/\\\/www.linkedin.com\\\/company\\\/calzavara\\\/\",\"https:\\\/\\\/www.youtube.com\\\/@calzavara3279\"]}]}<\/script>\n<!-- \/ Yoast SEO plugin. -->","yoast_head_json":{"title":"Bolsa De Papel Para Aspiradora 15 Lts - CALZAVARA","robots":{"index":"index","follow":"follow","max-snippet":"max-snippet:-1","max-image-preview":"max-image-preview:large","max-video-preview":"max-video-preview:-1"},"canonical":"https:\/\/calzavara.ar\/index.php\/producto\/bolsa-de-papel-para-aspiradora-15-lts\/","og_locale":"es_ES","og_type":"article","og_title":"Bolsa De Papel Para Aspiradora 15 Lts - CALZAVARA","og_description":"Bolsa de papel importado para aspiradoras marca Pektra, Lusqtoff, Daewo. El paquete es por 1 unidad. La Boca de cart\u00f3n","og_url":"https:\/\/calzavara.ar\/index.php\/producto\/bolsa-de-papel-para-aspiradora-15-lts\/","og_site_name":"CALZAVARA","article_publisher":"https:\/\/www.facebook.com\/calzavarasrl","article_modified_time":"2026-01-19T11:43:13+00:00","og_image":[{"width":314,"height":500,"url":"https:\/\/calzavara.ar\/wp-content\/uploads\/2023\/10\/D_NQ_NP_925018-MLA48235935605_112021-O.jpg","type":"image\/jpeg"}],"twitter_card":"summary_large_image","schema":{"@context":"https:\/\/schema.org","@graph":[{"@type":"WebPage","@id":"https:\/\/calzavara.ar\/index.php\/producto\/bolsa-de-papel-para-aspiradora-15-lts\/","url":"https:\/\/calzavara.ar\/index.php\/producto\/bolsa-de-papel-para-aspiradora-15-lts\/","name":"Bolsa De Papel Para Aspiradora 15 Lts - CALZAVARA","isPartOf":{"@id":"https:\/\/calzavara.ar\/#website"},"primaryImageOfPage":{"@id":"https:\/\/calzavara.ar\/index.php\/producto\/bolsa-de-papel-para-aspiradora-15-lts\/#primaryimage"},"image":{"@id":"https:\/\/calzavara.ar\/index.php\/producto\/bolsa-de-papel-para-aspiradora-15-lts\/#primaryimage"},"thumbnailUrl":"https:\/\/calzavara.ar\/wp-content\/uploads\/2023\/10\/D_NQ_NP_925018-MLA48235935605_112021-O.jpg","datePublished":"2023-10-20T18:57:00+00:00","dateModified":"2026-01-19T11:43:13+00:00","breadcrumb":{"@id":"https:\/\/calzavara.ar\/index.php\/producto\/bolsa-de-papel-para-aspiradora-15-lts\/#breadcrumb"},"inLanguage":"es","potentialAction":[{"@type":"ReadAction","target":["https:\/\/calzavara.ar\/index.php\/producto\/bolsa-de-papel-para-aspiradora-15-lts\/"]}]},{"@type":"ImageObject","inLanguage":"es","@id":"https:\/\/calzavara.ar\/index.php\/producto\/bolsa-de-papel-para-aspiradora-15-lts\/#primaryimage","url":"https:\/\/calzavara.ar\/wp-content\/uploads\/2023\/10\/D_NQ_NP_925018-MLA48235935605_112021-O.jpg","contentUrl":"https:\/\/calzavara.ar\/wp-content\/uploads\/2023\/10\/D_NQ_NP_925018-MLA48235935605_112021-O.jpg","width":314,"height":500},{"@type":"BreadcrumbList","@id":"https:\/\/calzavara.ar\/index.php\/producto\/bolsa-de-papel-para-aspiradora-15-lts\/#breadcrumb","itemListElement":[{"@type":"ListItem","position":1,"name":"Portada","item":"https:\/\/calzavara.ar\/"},{"@type":"ListItem","position":2,"name":"Tienda","item":"https:\/\/calzavara.ar\/index.php\/tienda\/"},{"@type":"ListItem","position":3,"name":"Bolsa De Papel Para Aspiradora 15 Lts"}]},{"@type":"WebSite","@id":"https:\/\/calzavara.ar\/#website","url":"https:\/\/calzavara.ar\/","name":"CALZAVARA","description":"Tienda Oficial CALZAVARA","publisher":{"@id":"https:\/\/calzavara.ar\/#organization"},"potentialAction":[{"@type":"SearchAction","target":{"@type":"EntryPoint","urlTemplate":"https:\/\/calzavara.ar\/?s={search_term_string}"},"query-input":{"@type":"PropertyValueSpecification","valueRequired":true,"valueName":"search_term_string"}}],"inLanguage":"es"},{"@type":"Organization","@id":"https:\/\/calzavara.ar\/#organization","name":"CALZAVARA","url":"https:\/\/calzavara.ar\/","logo":{"@type":"ImageObject","inLanguage":"es","@id":"https:\/\/calzavara.ar\/#\/schema\/logo\/image\/","url":"https:\/\/calzavara.ar\/wp-content\/uploads\/2025\/05\/CalzaLogoRedes.jpg","contentUrl":"https:\/\/calzavara.ar\/wp-content\/uploads\/2025\/05\/CalzaLogoRedes.jpg","width":640,"height":640,"caption":"CALZAVARA"},"image":{"@id":"https:\/\/calzavara.ar\/#\/schema\/logo\/image\/"},"sameAs":["https:\/\/www.facebook.com\/calzavarasrl","https:\/\/www.instagram.com\/calzavara_herrajes","https:\/\/www.linkedin.com\/company\/calzavara\/","https:\/\/www.youtube.com\/@calzavara3279"]}]}},"jetpack_sharing_enabled":true,"_links":{"self":[{"href":"https:\/\/calzavara.ar\/index.php\/wp-json\/wp\/v2\/product\/12539","targetHints":{"allow":["GET"]}}],"collection":[{"href":"https:\/\/calzavara.ar\/index.php\/wp-json\/wp\/v2\/product"}],"about":[{"href":"https:\/\/calzavara.ar\/index.php\/wp-json\/wp\/v2\/types\/product"}],"wp:featuredmedia":[{"embeddable":true,"href":"https:\/\/calzavara.ar\/index.php\/wp-json\/wp\/v2\/media\/12540"}],"wp:attachment":[{"href":"https:\/\/calzavara.ar\/index.php\/wp-json\/wp\/v2\/media?parent=12539"}],"wp:term":[{"taxonomy":"product_brand","embeddable":true,"href":"https:\/\/calzavara.ar\/index.php\/wp-json\/wp\/v2\/product_brand?post=12539"},{"taxonomy":"product_cat","embeddable":true,"href":"https:\/\/calzavara.ar\/index.php\/wp-json\/wp\/v2\/product_cat?post=12539"},{"taxonomy":"product_tag","embeddable":true,"href":"https:\/\/calzavara.ar\/index.php\/wp-json\/wp\/v2\/product_tag?post=12539"}],"curies":[{"name":"wp","href":"https:\/\/api.w.org\/{rel}","templated":true}]}}