{"id":12201,"date":"2023-08-04T17:56:37","date_gmt":"2023-08-04T20:56:37","guid":{"rendered":"https:\/\/calzavara.ar\/?post_type=product&#038;p=12201"},"modified":"2026-01-19T08:43:01","modified_gmt":"2026-01-19T11:43:01","slug":"tubo-led-9w-g13-60cm-frio","status":"publish","type":"product","link":"https:\/\/calzavara.ar\/index.php\/producto\/tubo-led-9w-g13-60cm-frio\/","title":{"rendered":"TUBO LED 9W G13 60CM FRIO"},"content":{"rendered":"<p>L\u00ednea de tubos led de vidrio con conector a un solo lado, ideales para iluminar oficinas, garajes con tecnolog\u00eda de \u00faltima generaci\u00f3n que protege las l\u00e1mparas a\u00fan cuando la tensi\u00f3n de red var\u00eda. Su vida \u00fatil es de 25.000 horas.<br \/>\nAhorran hasta un 90% de energ\u00eda y tiene garant\u00eda de 2 a\u00f1os.<\/p>\n","protected":false},"excerpt":{"rendered":"<p>Potencia 9W<br \/>\nTensi\u00f3n AC185-265V<br \/>\nReemplazo Tubo Fluorescente 18W<br \/>\nConector G13<br \/>\n\u00c1ngulo de Apertura 300\u00b0<br \/>\nMaterial del Cuerpo Vidrio<br \/>\nMaterial del Lente Vidrio<br \/>\nTama\u00f1o de Lampara \u00f828x600mm<br \/>\nPeso de L\u00e1mpara 120 gr<br \/>\nL\u00famenes por Watt 90 lm.xW<\/p>\n","protected":false},"featured_media":12198,"template":"","meta":[],"product_brand":[],"product_cat":[70,71],"product_tag":[988,984],"class_list":{"0":"post-12201","1":"product","2":"type-product","3":"status-publish","4":"has-post-thumbnail","6":"product_cat-electricidad","7":"product_cat-lamparitas","8":"product_tag-lamparas","9":"product_tag-led","11":"first","12":"instock","13":"sale","14":"sold-individually","15":"taxable","16":"shipping-taxable","17":"purchasable","18":"product-type-simple"},"yoast_head":"<!-- This site is optimized with the Yoast SEO plugin v27.3 - https:\/\/yoast.com\/product\/yoast-seo-wordpress\/ -->\n<title>TUBO LED 9W G13 60CM FRIO - CALZAVARA<\/title>\n<meta name=\"robots\" content=\"index, follow, max-snippet:-1, max-image-preview:large, max-video-preview:-1\" \/>\n<link rel=\"canonical\" href=\"https:\/\/calzavara.ar\/index.php\/producto\/tubo-led-9w-g13-60cm-frio\/\" \/>\n<meta property=\"og:locale\" content=\"es_ES\" \/>\n<meta property=\"og:type\" content=\"article\" \/>\n<meta property=\"og:title\" content=\"TUBO LED 9W G13 60CM FRIO - CALZAVARA\" \/>\n<meta property=\"og:description\" content=\"Potencia 9W Tensi\u00f3n AC185-265V Reemplazo Tubo Fluorescente 18W Conector G13 \u00c1ngulo de Apertura 300\u00b0 Material del Cuerpo Vidrio Material del Lente Vidrio Tama\u00f1o de Lampara \u00f828x600mm Peso de L\u00e1mpara 120 gr L\u00famenes por Watt 90 lm.xW\" \/>\n<meta property=\"og:url\" content=\"https:\/\/calzavara.ar\/index.php\/producto\/tubo-led-9w-g13-60cm-frio\/\" \/>\n<meta property=\"og:site_name\" content=\"CALZAVARA\" \/>\n<meta property=\"article:publisher\" content=\"https:\/\/www.facebook.com\/calzavarasrl\" \/>\n<meta property=\"article:modified_time\" content=\"2026-01-19T11:43:01+00:00\" \/>\n<meta property=\"og:image\" content=\"https:\/\/calzavara.ar\/wp-content\/uploads\/2023\/08\/D_NQ_NP_702610-MLA54786772943_042023-O.jpg\" \/>\n\t<meta property=\"og:image:width\" content=\"500\" \/>\n\t<meta property=\"og:image:height\" content=\"306\" \/>\n\t<meta property=\"og:image:type\" content=\"image\/jpeg\" \/>\n<meta name=\"twitter:card\" content=\"summary_large_image\" \/>\n<script type=\"application\/ld+json\" class=\"yoast-schema-graph\">{\"@context\":\"https:\\\/\\\/schema.org\",\"@graph\":[{\"@type\":\"WebPage\",\"@id\":\"https:\\\/\\\/calzavara.ar\\\/index.php\\\/producto\\\/tubo-led-9w-g13-60cm-frio\\\/\",\"url\":\"https:\\\/\\\/calzavara.ar\\\/index.php\\\/producto\\\/tubo-led-9w-g13-60cm-frio\\\/\",\"name\":\"TUBO LED 9W G13 60CM FRIO - CALZAVARA\",\"isPartOf\":{\"@id\":\"https:\\\/\\\/calzavara.ar\\\/#website\"},\"primaryImageOfPage\":{\"@id\":\"https:\\\/\\\/calzavara.ar\\\/index.php\\\/producto\\\/tubo-led-9w-g13-60cm-frio\\\/#primaryimage\"},\"image\":{\"@id\":\"https:\\\/\\\/calzavara.ar\\\/index.php\\\/producto\\\/tubo-led-9w-g13-60cm-frio\\\/#primaryimage\"},\"thumbnailUrl\":\"https:\\\/\\\/calzavara.ar\\\/wp-content\\\/uploads\\\/2023\\\/08\\\/D_NQ_NP_702610-MLA54786772943_042023-O.jpg\",\"datePublished\":\"2023-08-04T20:56:37+00:00\",\"dateModified\":\"2026-01-19T11:43:01+00:00\",\"breadcrumb\":{\"@id\":\"https:\\\/\\\/calzavara.ar\\\/index.php\\\/producto\\\/tubo-led-9w-g13-60cm-frio\\\/#breadcrumb\"},\"inLanguage\":\"es\",\"potentialAction\":[{\"@type\":\"ReadAction\",\"target\":[\"https:\\\/\\\/calzavara.ar\\\/index.php\\\/producto\\\/tubo-led-9w-g13-60cm-frio\\\/\"]}]},{\"@type\":\"ImageObject\",\"inLanguage\":\"es\",\"@id\":\"https:\\\/\\\/calzavara.ar\\\/index.php\\\/producto\\\/tubo-led-9w-g13-60cm-frio\\\/#primaryimage\",\"url\":\"https:\\\/\\\/calzavara.ar\\\/wp-content\\\/uploads\\\/2023\\\/08\\\/D_NQ_NP_702610-MLA54786772943_042023-O.jpg\",\"contentUrl\":\"https:\\\/\\\/calzavara.ar\\\/wp-content\\\/uploads\\\/2023\\\/08\\\/D_NQ_NP_702610-MLA54786772943_042023-O.jpg\",\"width\":500,\"height\":306},{\"@type\":\"BreadcrumbList\",\"@id\":\"https:\\\/\\\/calzavara.ar\\\/index.php\\\/producto\\\/tubo-led-9w-g13-60cm-frio\\\/#breadcrumb\",\"itemListElement\":[{\"@type\":\"ListItem\",\"position\":1,\"name\":\"Portada\",\"item\":\"https:\\\/\\\/calzavara.ar\\\/\"},{\"@type\":\"ListItem\",\"position\":2,\"name\":\"Tienda\",\"item\":\"https:\\\/\\\/calzavara.ar\\\/index.php\\\/tienda\\\/\"},{\"@type\":\"ListItem\",\"position\":3,\"name\":\"TUBO LED 9W G13 60CM FRIO\"}]},{\"@type\":\"WebSite\",\"@id\":\"https:\\\/\\\/calzavara.ar\\\/#website\",\"url\":\"https:\\\/\\\/calzavara.ar\\\/\",\"name\":\"CALZAVARA\",\"description\":\"Tienda Oficial CALZAVARA\",\"publisher\":{\"@id\":\"https:\\\/\\\/calzavara.ar\\\/#organization\"},\"potentialAction\":[{\"@type\":\"SearchAction\",\"target\":{\"@type\":\"EntryPoint\",\"urlTemplate\":\"https:\\\/\\\/calzavara.ar\\\/?s={search_term_string}\"},\"query-input\":{\"@type\":\"PropertyValueSpecification\",\"valueRequired\":true,\"valueName\":\"search_term_string\"}}],\"inLanguage\":\"es\"},{\"@type\":\"Organization\",\"@id\":\"https:\\\/\\\/calzavara.ar\\\/#organization\",\"name\":\"CALZAVARA\",\"url\":\"https:\\\/\\\/calzavara.ar\\\/\",\"logo\":{\"@type\":\"ImageObject\",\"inLanguage\":\"es\",\"@id\":\"https:\\\/\\\/calzavara.ar\\\/#\\\/schema\\\/logo\\\/image\\\/\",\"url\":\"https:\\\/\\\/calzavara.ar\\\/wp-content\\\/uploads\\\/2025\\\/05\\\/CalzaLogoRedes.jpg\",\"contentUrl\":\"https:\\\/\\\/calzavara.ar\\\/wp-content\\\/uploads\\\/2025\\\/05\\\/CalzaLogoRedes.jpg\",\"width\":640,\"height\":640,\"caption\":\"CALZAVARA\"},\"image\":{\"@id\":\"https:\\\/\\\/calzavara.ar\\\/#\\\/schema\\\/logo\\\/image\\\/\"},\"sameAs\":[\"https:\\\/\\\/www.facebook.com\\\/calzavarasrl\",\"https:\\\/\\\/www.instagram.com\\\/calzavara_herrajes\",\"https:\\\/\\\/www.linkedin.com\\\/company\\\/calzavara\\\/\",\"https:\\\/\\\/www.youtube.com\\\/@calzavara3279\"]}]}<\/script>\n<!-- \/ Yoast SEO plugin. -->","yoast_head_json":{"title":"TUBO LED 9W G13 60CM FRIO - CALZAVARA","robots":{"index":"index","follow":"follow","max-snippet":"max-snippet:-1","max-image-preview":"max-image-preview:large","max-video-preview":"max-video-preview:-1"},"canonical":"https:\/\/calzavara.ar\/index.php\/producto\/tubo-led-9w-g13-60cm-frio\/","og_locale":"es_ES","og_type":"article","og_title":"TUBO LED 9W G13 60CM FRIO - CALZAVARA","og_description":"Potencia 9W Tensi\u00f3n AC185-265V Reemplazo Tubo Fluorescente 18W Conector G13 \u00c1ngulo de Apertura 300\u00b0 Material del Cuerpo Vidrio Material del Lente Vidrio Tama\u00f1o de Lampara \u00f828x600mm Peso de L\u00e1mpara 120 gr L\u00famenes por Watt 90 lm.xW","og_url":"https:\/\/calzavara.ar\/index.php\/producto\/tubo-led-9w-g13-60cm-frio\/","og_site_name":"CALZAVARA","article_publisher":"https:\/\/www.facebook.com\/calzavarasrl","article_modified_time":"2026-01-19T11:43:01+00:00","og_image":[{"width":500,"height":306,"url":"https:\/\/calzavara.ar\/wp-content\/uploads\/2023\/08\/D_NQ_NP_702610-MLA54786772943_042023-O.jpg","type":"image\/jpeg"}],"twitter_card":"summary_large_image","schema":{"@context":"https:\/\/schema.org","@graph":[{"@type":"WebPage","@id":"https:\/\/calzavara.ar\/index.php\/producto\/tubo-led-9w-g13-60cm-frio\/","url":"https:\/\/calzavara.ar\/index.php\/producto\/tubo-led-9w-g13-60cm-frio\/","name":"TUBO LED 9W G13 60CM FRIO - CALZAVARA","isPartOf":{"@id":"https:\/\/calzavara.ar\/#website"},"primaryImageOfPage":{"@id":"https:\/\/calzavara.ar\/index.php\/producto\/tubo-led-9w-g13-60cm-frio\/#primaryimage"},"image":{"@id":"https:\/\/calzavara.ar\/index.php\/producto\/tubo-led-9w-g13-60cm-frio\/#primaryimage"},"thumbnailUrl":"https:\/\/calzavara.ar\/wp-content\/uploads\/2023\/08\/D_NQ_NP_702610-MLA54786772943_042023-O.jpg","datePublished":"2023-08-04T20:56:37+00:00","dateModified":"2026-01-19T11:43:01+00:00","breadcrumb":{"@id":"https:\/\/calzavara.ar\/index.php\/producto\/tubo-led-9w-g13-60cm-frio\/#breadcrumb"},"inLanguage":"es","potentialAction":[{"@type":"ReadAction","target":["https:\/\/calzavara.ar\/index.php\/producto\/tubo-led-9w-g13-60cm-frio\/"]}]},{"@type":"ImageObject","inLanguage":"es","@id":"https:\/\/calzavara.ar\/index.php\/producto\/tubo-led-9w-g13-60cm-frio\/#primaryimage","url":"https:\/\/calzavara.ar\/wp-content\/uploads\/2023\/08\/D_NQ_NP_702610-MLA54786772943_042023-O.jpg","contentUrl":"https:\/\/calzavara.ar\/wp-content\/uploads\/2023\/08\/D_NQ_NP_702610-MLA54786772943_042023-O.jpg","width":500,"height":306},{"@type":"BreadcrumbList","@id":"https:\/\/calzavara.ar\/index.php\/producto\/tubo-led-9w-g13-60cm-frio\/#breadcrumb","itemListElement":[{"@type":"ListItem","position":1,"name":"Portada","item":"https:\/\/calzavara.ar\/"},{"@type":"ListItem","position":2,"name":"Tienda","item":"https:\/\/calzavara.ar\/index.php\/tienda\/"},{"@type":"ListItem","position":3,"name":"TUBO LED 9W G13 60CM FRIO"}]},{"@type":"WebSite","@id":"https:\/\/calzavara.ar\/#website","url":"https:\/\/calzavara.ar\/","name":"CALZAVARA","description":"Tienda Oficial CALZAVARA","publisher":{"@id":"https:\/\/calzavara.ar\/#organization"},"potentialAction":[{"@type":"SearchAction","target":{"@type":"EntryPoint","urlTemplate":"https:\/\/calzavara.ar\/?s={search_term_string}"},"query-input":{"@type":"PropertyValueSpecification","valueRequired":true,"valueName":"search_term_string"}}],"inLanguage":"es"},{"@type":"Organization","@id":"https:\/\/calzavara.ar\/#organization","name":"CALZAVARA","url":"https:\/\/calzavara.ar\/","logo":{"@type":"ImageObject","inLanguage":"es","@id":"https:\/\/calzavara.ar\/#\/schema\/logo\/image\/","url":"https:\/\/calzavara.ar\/wp-content\/uploads\/2025\/05\/CalzaLogoRedes.jpg","contentUrl":"https:\/\/calzavara.ar\/wp-content\/uploads\/2025\/05\/CalzaLogoRedes.jpg","width":640,"height":640,"caption":"CALZAVARA"},"image":{"@id":"https:\/\/calzavara.ar\/#\/schema\/logo\/image\/"},"sameAs":["https:\/\/www.facebook.com\/calzavarasrl","https:\/\/www.instagram.com\/calzavara_herrajes","https:\/\/www.linkedin.com\/company\/calzavara\/","https:\/\/www.youtube.com\/@calzavara3279"]}]}},"jetpack_sharing_enabled":true,"_links":{"self":[{"href":"https:\/\/calzavara.ar\/index.php\/wp-json\/wp\/v2\/product\/12201","targetHints":{"allow":["GET"]}}],"collection":[{"href":"https:\/\/calzavara.ar\/index.php\/wp-json\/wp\/v2\/product"}],"about":[{"href":"https:\/\/calzavara.ar\/index.php\/wp-json\/wp\/v2\/types\/product"}],"wp:featuredmedia":[{"embeddable":true,"href":"https:\/\/calzavara.ar\/index.php\/wp-json\/wp\/v2\/media\/12198"}],"wp:attachment":[{"href":"https:\/\/calzavara.ar\/index.php\/wp-json\/wp\/v2\/media?parent=12201"}],"wp:term":[{"taxonomy":"product_brand","embeddable":true,"href":"https:\/\/calzavara.ar\/index.php\/wp-json\/wp\/v2\/product_brand?post=12201"},{"taxonomy":"product_cat","embeddable":true,"href":"https:\/\/calzavara.ar\/index.php\/wp-json\/wp\/v2\/product_cat?post=12201"},{"taxonomy":"product_tag","embeddable":true,"href":"https:\/\/calzavara.ar\/index.php\/wp-json\/wp\/v2\/product_tag?post=12201"}],"curies":[{"name":"wp","href":"https:\/\/api.w.org\/{rel}","templated":true}]}}