{"id":12095,"date":"2023-07-31T00:32:07","date_gmt":"2023-07-31T03:32:07","guid":{"rendered":"https:\/\/calzavara.ar\/?post_type=product&#038;p=12095"},"modified":"2026-01-19T08:42:59","modified_gmt":"2026-01-19T11:42:59","slug":"lampara-led-gota-filamento-4w","status":"publish","type":"product","link":"https:\/\/calzavara.ar\/index.php\/producto\/lampara-led-gota-filamento-4w\/","title":{"rendered":"LAMPARA LED GOTA FILAMENTO 4W"},"content":{"rendered":"<p>Las L\u00e1mparas LED de filamento ofrecen una opci\u00f3n ideal para decorar cualquier ambiente, ya sea en espacios interiores o exteriores, y su bombilla con tonalidad \u00e1mbar les brinda un estilo vintage. Estas l\u00e1mparas est\u00e1n equipadas con tecnolog\u00eda de \u00faltima generaci\u00f3n que las protege ante fluctuaciones en la tensi\u00f3n el\u00e9ctrica, asegurando su \u00f3ptimo rendimiento. Con una vida \u00fatil de hasta 14.999 horas, estas l\u00e1mparas permiten un ahorro energ\u00e9tico de hasta el 90%, y adem\u00e1s cuentan con una garant\u00eda de 2 a\u00f1os.<\/p>\n","protected":false},"excerpt":{"rendered":"<p>\u2022 Tensi\u00f3n: 220V \/ 240V<br \/>\n\u2022 Potencia: 4W LED<br \/>\n\u2022 Reemplaza 40 Watts.<br \/>\n\u2022 Luz c\u00e1lida \u00e1mbar.<br \/>\n\u2022 Rosca E27.<br \/>\n\u2022 Apertura: 360\u00b0.<br \/>\n\u2022 Encendido Instant\u00e1neo.<br \/>\n\u2022 Material: Vidrio transparente color \u00e1mbar.<br \/>\n\u2022 L\u00famenes: 400.<br \/>\n\u2022 Vida \u00fatil es de 14.999 horas.<br \/>\n\u2022 Ahorran hasta un 90% de energ\u00eda.<br \/>\n\u2022 NO DIMERIZABLE<\/p>\n","protected":false},"featured_media":12096,"template":"","meta":[],"product_brand":[],"product_cat":[70,71],"product_tag":[976,980,984],"class_list":{"0":"post-12095","1":"product","2":"type-product","3":"status-publish","4":"has-post-thumbnail","6":"product_cat-electricidad","7":"product_cat-lamparitas","8":"product_tag-iluminacion","9":"product_tag-lampara","10":"product_tag-led","12":"first","13":"instock","14":"sale","15":"sold-individually","16":"taxable","17":"shipping-taxable","18":"purchasable","19":"product-type-simple"},"yoast_head":"<!-- This site is optimized with the Yoast SEO plugin v27.3 - https:\/\/yoast.com\/product\/yoast-seo-wordpress\/ -->\n<title>LAMPARA LED GOTA FILAMENTO 4W - CALZAVARA<\/title>\n<meta name=\"robots\" content=\"index, follow, max-snippet:-1, max-image-preview:large, max-video-preview:-1\" \/>\n<link rel=\"canonical\" href=\"https:\/\/calzavara.ar\/index.php\/producto\/lampara-led-gota-filamento-4w\/\" \/>\n<meta property=\"og:locale\" content=\"es_ES\" \/>\n<meta property=\"og:type\" content=\"article\" \/>\n<meta property=\"og:title\" content=\"LAMPARA LED GOTA FILAMENTO 4W - CALZAVARA\" \/>\n<meta property=\"og:description\" content=\"\u2022 Tensi\u00f3n: 220V \/ 240V \u2022 Potencia: 4W LED \u2022 Reemplaza 40 Watts. \u2022 Luz c\u00e1lida \u00e1mbar. \u2022 Rosca E27. \u2022 Apertura: 360\u00b0. \u2022 Encendido Instant\u00e1neo. \u2022 Material: Vidrio transparente color \u00e1mbar. \u2022 L\u00famenes: 400. \u2022 Vida \u00fatil es de 14.999 horas. \u2022 Ahorran hasta un 90% de energ\u00eda. \u2022 NO DIMERIZABLE\" \/>\n<meta property=\"og:url\" content=\"https:\/\/calzavara.ar\/index.php\/producto\/lampara-led-gota-filamento-4w\/\" \/>\n<meta property=\"og:site_name\" content=\"CALZAVARA\" \/>\n<meta property=\"article:publisher\" content=\"https:\/\/www.facebook.com\/calzavarasrl\" \/>\n<meta property=\"article:modified_time\" content=\"2026-01-19T11:42:59+00:00\" \/>\n<meta property=\"og:image\" content=\"https:\/\/calzavara.ar\/wp-content\/uploads\/2023\/07\/D_NQ_NP_896170-MLA54849734374_042023-O.jpg\" \/>\n\t<meta property=\"og:image:width\" content=\"326\" \/>\n\t<meta property=\"og:image:height\" content=\"500\" \/>\n\t<meta property=\"og:image:type\" content=\"image\/jpeg\" \/>\n<meta name=\"twitter:card\" content=\"summary_large_image\" \/>\n<script type=\"application\/ld+json\" class=\"yoast-schema-graph\">{\"@context\":\"https:\\\/\\\/schema.org\",\"@graph\":[{\"@type\":\"WebPage\",\"@id\":\"https:\\\/\\\/calzavara.ar\\\/index.php\\\/producto\\\/lampara-led-gota-filamento-4w\\\/\",\"url\":\"https:\\\/\\\/calzavara.ar\\\/index.php\\\/producto\\\/lampara-led-gota-filamento-4w\\\/\",\"name\":\"LAMPARA LED GOTA FILAMENTO 4W - CALZAVARA\",\"isPartOf\":{\"@id\":\"https:\\\/\\\/calzavara.ar\\\/#website\"},\"primaryImageOfPage\":{\"@id\":\"https:\\\/\\\/calzavara.ar\\\/index.php\\\/producto\\\/lampara-led-gota-filamento-4w\\\/#primaryimage\"},\"image\":{\"@id\":\"https:\\\/\\\/calzavara.ar\\\/index.php\\\/producto\\\/lampara-led-gota-filamento-4w\\\/#primaryimage\"},\"thumbnailUrl\":\"https:\\\/\\\/calzavara.ar\\\/wp-content\\\/uploads\\\/2023\\\/07\\\/D_NQ_NP_896170-MLA54849734374_042023-O.jpg\",\"datePublished\":\"2023-07-31T03:32:07+00:00\",\"dateModified\":\"2026-01-19T11:42:59+00:00\",\"breadcrumb\":{\"@id\":\"https:\\\/\\\/calzavara.ar\\\/index.php\\\/producto\\\/lampara-led-gota-filamento-4w\\\/#breadcrumb\"},\"inLanguage\":\"es\",\"potentialAction\":[{\"@type\":\"ReadAction\",\"target\":[\"https:\\\/\\\/calzavara.ar\\\/index.php\\\/producto\\\/lampara-led-gota-filamento-4w\\\/\"]}]},{\"@type\":\"ImageObject\",\"inLanguage\":\"es\",\"@id\":\"https:\\\/\\\/calzavara.ar\\\/index.php\\\/producto\\\/lampara-led-gota-filamento-4w\\\/#primaryimage\",\"url\":\"https:\\\/\\\/calzavara.ar\\\/wp-content\\\/uploads\\\/2023\\\/07\\\/D_NQ_NP_896170-MLA54849734374_042023-O.jpg\",\"contentUrl\":\"https:\\\/\\\/calzavara.ar\\\/wp-content\\\/uploads\\\/2023\\\/07\\\/D_NQ_NP_896170-MLA54849734374_042023-O.jpg\",\"width\":326,\"height\":500},{\"@type\":\"BreadcrumbList\",\"@id\":\"https:\\\/\\\/calzavara.ar\\\/index.php\\\/producto\\\/lampara-led-gota-filamento-4w\\\/#breadcrumb\",\"itemListElement\":[{\"@type\":\"ListItem\",\"position\":1,\"name\":\"Portada\",\"item\":\"https:\\\/\\\/calzavara.ar\\\/\"},{\"@type\":\"ListItem\",\"position\":2,\"name\":\"Tienda\",\"item\":\"https:\\\/\\\/calzavara.ar\\\/index.php\\\/tienda\\\/\"},{\"@type\":\"ListItem\",\"position\":3,\"name\":\"LAMPARA LED GOTA FILAMENTO 4W\"}]},{\"@type\":\"WebSite\",\"@id\":\"https:\\\/\\\/calzavara.ar\\\/#website\",\"url\":\"https:\\\/\\\/calzavara.ar\\\/\",\"name\":\"CALZAVARA\",\"description\":\"Tienda Oficial CALZAVARA\",\"publisher\":{\"@id\":\"https:\\\/\\\/calzavara.ar\\\/#organization\"},\"potentialAction\":[{\"@type\":\"SearchAction\",\"target\":{\"@type\":\"EntryPoint\",\"urlTemplate\":\"https:\\\/\\\/calzavara.ar\\\/?s={search_term_string}\"},\"query-input\":{\"@type\":\"PropertyValueSpecification\",\"valueRequired\":true,\"valueName\":\"search_term_string\"}}],\"inLanguage\":\"es\"},{\"@type\":\"Organization\",\"@id\":\"https:\\\/\\\/calzavara.ar\\\/#organization\",\"name\":\"CALZAVARA\",\"url\":\"https:\\\/\\\/calzavara.ar\\\/\",\"logo\":{\"@type\":\"ImageObject\",\"inLanguage\":\"es\",\"@id\":\"https:\\\/\\\/calzavara.ar\\\/#\\\/schema\\\/logo\\\/image\\\/\",\"url\":\"https:\\\/\\\/calzavara.ar\\\/wp-content\\\/uploads\\\/2025\\\/05\\\/CalzaLogoRedes.jpg\",\"contentUrl\":\"https:\\\/\\\/calzavara.ar\\\/wp-content\\\/uploads\\\/2025\\\/05\\\/CalzaLogoRedes.jpg\",\"width\":640,\"height\":640,\"caption\":\"CALZAVARA\"},\"image\":{\"@id\":\"https:\\\/\\\/calzavara.ar\\\/#\\\/schema\\\/logo\\\/image\\\/\"},\"sameAs\":[\"https:\\\/\\\/www.facebook.com\\\/calzavarasrl\",\"https:\\\/\\\/www.instagram.com\\\/calzavara_herrajes\",\"https:\\\/\\\/www.linkedin.com\\\/company\\\/calzavara\\\/\",\"https:\\\/\\\/www.youtube.com\\\/@calzavara3279\"]}]}<\/script>\n<!-- \/ Yoast SEO plugin. -->","yoast_head_json":{"title":"LAMPARA LED GOTA FILAMENTO 4W - CALZAVARA","robots":{"index":"index","follow":"follow","max-snippet":"max-snippet:-1","max-image-preview":"max-image-preview:large","max-video-preview":"max-video-preview:-1"},"canonical":"https:\/\/calzavara.ar\/index.php\/producto\/lampara-led-gota-filamento-4w\/","og_locale":"es_ES","og_type":"article","og_title":"LAMPARA LED GOTA FILAMENTO 4W - CALZAVARA","og_description":"\u2022 Tensi\u00f3n: 220V \/ 240V \u2022 Potencia: 4W LED \u2022 Reemplaza 40 Watts. \u2022 Luz c\u00e1lida \u00e1mbar. \u2022 Rosca E27. \u2022 Apertura: 360\u00b0. \u2022 Encendido Instant\u00e1neo. \u2022 Material: Vidrio transparente color \u00e1mbar. \u2022 L\u00famenes: 400. \u2022 Vida \u00fatil es de 14.999 horas. \u2022 Ahorran hasta un 90% de energ\u00eda. \u2022 NO DIMERIZABLE","og_url":"https:\/\/calzavara.ar\/index.php\/producto\/lampara-led-gota-filamento-4w\/","og_site_name":"CALZAVARA","article_publisher":"https:\/\/www.facebook.com\/calzavarasrl","article_modified_time":"2026-01-19T11:42:59+00:00","og_image":[{"width":326,"height":500,"url":"https:\/\/calzavara.ar\/wp-content\/uploads\/2023\/07\/D_NQ_NP_896170-MLA54849734374_042023-O.jpg","type":"image\/jpeg"}],"twitter_card":"summary_large_image","schema":{"@context":"https:\/\/schema.org","@graph":[{"@type":"WebPage","@id":"https:\/\/calzavara.ar\/index.php\/producto\/lampara-led-gota-filamento-4w\/","url":"https:\/\/calzavara.ar\/index.php\/producto\/lampara-led-gota-filamento-4w\/","name":"LAMPARA LED GOTA FILAMENTO 4W - CALZAVARA","isPartOf":{"@id":"https:\/\/calzavara.ar\/#website"},"primaryImageOfPage":{"@id":"https:\/\/calzavara.ar\/index.php\/producto\/lampara-led-gota-filamento-4w\/#primaryimage"},"image":{"@id":"https:\/\/calzavara.ar\/index.php\/producto\/lampara-led-gota-filamento-4w\/#primaryimage"},"thumbnailUrl":"https:\/\/calzavara.ar\/wp-content\/uploads\/2023\/07\/D_NQ_NP_896170-MLA54849734374_042023-O.jpg","datePublished":"2023-07-31T03:32:07+00:00","dateModified":"2026-01-19T11:42:59+00:00","breadcrumb":{"@id":"https:\/\/calzavara.ar\/index.php\/producto\/lampara-led-gota-filamento-4w\/#breadcrumb"},"inLanguage":"es","potentialAction":[{"@type":"ReadAction","target":["https:\/\/calzavara.ar\/index.php\/producto\/lampara-led-gota-filamento-4w\/"]}]},{"@type":"ImageObject","inLanguage":"es","@id":"https:\/\/calzavara.ar\/index.php\/producto\/lampara-led-gota-filamento-4w\/#primaryimage","url":"https:\/\/calzavara.ar\/wp-content\/uploads\/2023\/07\/D_NQ_NP_896170-MLA54849734374_042023-O.jpg","contentUrl":"https:\/\/calzavara.ar\/wp-content\/uploads\/2023\/07\/D_NQ_NP_896170-MLA54849734374_042023-O.jpg","width":326,"height":500},{"@type":"BreadcrumbList","@id":"https:\/\/calzavara.ar\/index.php\/producto\/lampara-led-gota-filamento-4w\/#breadcrumb","itemListElement":[{"@type":"ListItem","position":1,"name":"Portada","item":"https:\/\/calzavara.ar\/"},{"@type":"ListItem","position":2,"name":"Tienda","item":"https:\/\/calzavara.ar\/index.php\/tienda\/"},{"@type":"ListItem","position":3,"name":"LAMPARA LED GOTA FILAMENTO 4W"}]},{"@type":"WebSite","@id":"https:\/\/calzavara.ar\/#website","url":"https:\/\/calzavara.ar\/","name":"CALZAVARA","description":"Tienda Oficial CALZAVARA","publisher":{"@id":"https:\/\/calzavara.ar\/#organization"},"potentialAction":[{"@type":"SearchAction","target":{"@type":"EntryPoint","urlTemplate":"https:\/\/calzavara.ar\/?s={search_term_string}"},"query-input":{"@type":"PropertyValueSpecification","valueRequired":true,"valueName":"search_term_string"}}],"inLanguage":"es"},{"@type":"Organization","@id":"https:\/\/calzavara.ar\/#organization","name":"CALZAVARA","url":"https:\/\/calzavara.ar\/","logo":{"@type":"ImageObject","inLanguage":"es","@id":"https:\/\/calzavara.ar\/#\/schema\/logo\/image\/","url":"https:\/\/calzavara.ar\/wp-content\/uploads\/2025\/05\/CalzaLogoRedes.jpg","contentUrl":"https:\/\/calzavara.ar\/wp-content\/uploads\/2025\/05\/CalzaLogoRedes.jpg","width":640,"height":640,"caption":"CALZAVARA"},"image":{"@id":"https:\/\/calzavara.ar\/#\/schema\/logo\/image\/"},"sameAs":["https:\/\/www.facebook.com\/calzavarasrl","https:\/\/www.instagram.com\/calzavara_herrajes","https:\/\/www.linkedin.com\/company\/calzavara\/","https:\/\/www.youtube.com\/@calzavara3279"]}]}},"jetpack_sharing_enabled":true,"_links":{"self":[{"href":"https:\/\/calzavara.ar\/index.php\/wp-json\/wp\/v2\/product\/12095","targetHints":{"allow":["GET"]}}],"collection":[{"href":"https:\/\/calzavara.ar\/index.php\/wp-json\/wp\/v2\/product"}],"about":[{"href":"https:\/\/calzavara.ar\/index.php\/wp-json\/wp\/v2\/types\/product"}],"wp:featuredmedia":[{"embeddable":true,"href":"https:\/\/calzavara.ar\/index.php\/wp-json\/wp\/v2\/media\/12096"}],"wp:attachment":[{"href":"https:\/\/calzavara.ar\/index.php\/wp-json\/wp\/v2\/media?parent=12095"}],"wp:term":[{"taxonomy":"product_brand","embeddable":true,"href":"https:\/\/calzavara.ar\/index.php\/wp-json\/wp\/v2\/product_brand?post=12095"},{"taxonomy":"product_cat","embeddable":true,"href":"https:\/\/calzavara.ar\/index.php\/wp-json\/wp\/v2\/product_cat?post=12095"},{"taxonomy":"product_tag","embeddable":true,"href":"https:\/\/calzavara.ar\/index.php\/wp-json\/wp\/v2\/product_tag?post=12095"}],"curies":[{"name":"wp","href":"https:\/\/api.w.org\/{rel}","templated":true}]}}