{"id":12078,"date":"2023-07-30T18:53:08","date_gmt":"2023-07-30T21:53:08","guid":{"rendered":"https:\/\/calzavara.ar\/?post_type=product&#038;p=12078"},"modified":"2026-01-19T08:42:59","modified_gmt":"2026-01-19T11:42:59","slug":"lampara-led-globo-candela-filamento-6w","status":"publish","type":"product","link":"https:\/\/calzavara.ar\/index.php\/producto\/lampara-led-globo-candela-filamento-6w\/","title":{"rendered":"LAMPARA LED GLOBO FILAMENTO 6W"},"content":{"rendered":"<p>Las L\u00e1mparas LED de filamento ofrecen una opci\u00f3n ideal para decorar cualquier ambiente, ya sea en espacios interiores o exteriores, y su bombilla con tonalidad \u00e1mbar les brinda un estilo vintage. Estas l\u00e1mparas est\u00e1n equipadas con tecnolog\u00eda de \u00faltima generaci\u00f3n que las protege ante fluctuaciones en la tensi\u00f3n el\u00e9ctrica, asegurando su \u00f3ptimo rendimiento. Con una vida \u00fatil de hasta 25.000 horas, estas l\u00e1mparas permiten un ahorro energ\u00e9tico de hasta el 90%, y adem\u00e1s cuentan con una garant\u00eda de 2 a\u00f1os. Potencia: 6w. Formato: Globo. Color: Luz c\u00e1lida \u00e1mbar. Rosca: E27. Flujo luminoso: 600lm. Vida \u00fatil: 25000hs. Tensi\u00f3n: 220V. Apertura: 320\u00ba. Material: Vidrio transparente tonalizado en dorado. Reemplaza 50 Watts.<\/p>\n","protected":false},"excerpt":{"rendered":"<ul class=\"ui-vpp-highlighted-specs__features-list\">\n<li class=\"ui-vpp-highlighted-specs__features-list-item ui-pdp-color--BLACK ui-pdp-size--XSMALL ui-pdp-family--REGULAR\">Dise\u00f1o moderno y elegante con luz \u00e1mbar c\u00e1lida<\/li>\n<li class=\"ui-vpp-highlighted-specs__features-list-item ui-pdp-color--BLACK ui-pdp-size--XSMALL ui-pdp-family--REGULAR\">Tecnolog\u00eda LED de 6W para ahorro energ\u00e9tico<\/li>\n<li class=\"ui-vpp-highlighted-specs__features-list-item ui-pdp-color--BLACK ui-pdp-size--XSMALL ui-pdp-family--REGULAR\">Compatible con rosca E27, f\u00e1cil instalaci\u00f3n<\/li>\n<li class=\"ui-vpp-highlighted-specs__features-list-item ui-pdp-color--BLACK ui-pdp-size--XSMALL ui-pdp-family--REGULAR\">Vida \u00fatil prolongada de 15.000 horas<\/li>\n<li class=\"ui-vpp-highlighted-specs__features-list-item ui-pdp-color--BLACK ui-pdp-size--XSMALL ui-pdp-family--REGULAR\">\u00c1ngulo de apertura de 360\u00b0 para iluminaci\u00f3n uniforme<\/li>\n<li class=\"ui-vpp-highlighted-specs__features-list-item ui-pdp-color--BLACK ui-pdp-size--XSMALL ui-pdp-family--REGULAR\">Eficiencia energ\u00e9tica A++ para cuidar el medio ambiente.<\/li>\n<\/ul>\n","protected":false},"featured_media":12084,"template":"","meta":[],"product_brand":[],"product_cat":[70,71],"product_tag":[976,980],"class_list":{"0":"post-12078","1":"product","2":"type-product","3":"status-publish","4":"has-post-thumbnail","6":"product_cat-electricidad","7":"product_cat-lamparitas","8":"product_tag-iluminacion","9":"product_tag-lampara","11":"first","12":"instock","13":"sale","14":"sold-individually","15":"taxable","16":"shipping-taxable","17":"purchasable","18":"product-type-simple"},"yoast_head":"<!-- This site is optimized with the Yoast SEO plugin v27.3 - https:\/\/yoast.com\/product\/yoast-seo-wordpress\/ -->\n<title>LAMPARA LED GLOBO FILAMENTO 6W - CALZAVARA<\/title>\n<meta name=\"robots\" content=\"index, follow, max-snippet:-1, max-image-preview:large, max-video-preview:-1\" \/>\n<link rel=\"canonical\" href=\"https:\/\/calzavara.ar\/index.php\/producto\/lampara-led-globo-candela-filamento-6w\/\" \/>\n<meta property=\"og:locale\" content=\"es_ES\" \/>\n<meta property=\"og:type\" content=\"article\" \/>\n<meta property=\"og:title\" content=\"LAMPARA LED GLOBO FILAMENTO 6W - CALZAVARA\" \/>\n<meta property=\"og:description\" content=\"Dise\u00f1o moderno y elegante con luz \u00e1mbar c\u00e1lida  Tecnolog\u00eda LED de 6W para ahorro energ\u00e9tico  Compatible con rosca E27, f\u00e1cil instalaci\u00f3n  Vida \u00fatil prolongada de 15.000 horas  \u00c1ngulo de apertura de 360\u00b0 para iluminaci\u00f3n uniforme  Eficiencia energ\u00e9tica A++ para cuidar el medio ambiente.\" \/>\n<meta property=\"og:url\" content=\"https:\/\/calzavara.ar\/index.php\/producto\/lampara-led-globo-candela-filamento-6w\/\" \/>\n<meta property=\"og:site_name\" content=\"CALZAVARA\" \/>\n<meta property=\"article:publisher\" content=\"https:\/\/www.facebook.com\/calzavarasrl\" \/>\n<meta property=\"article:modified_time\" content=\"2026-01-19T11:42:59+00:00\" \/>\n<meta property=\"og:image\" content=\"https:\/\/calzavara.ar\/wp-content\/uploads\/2023\/07\/50165-portada.webp\" \/>\n\t<meta property=\"og:image:width\" content=\"325\" \/>\n\t<meta property=\"og:image:height\" content=\"500\" \/>\n\t<meta property=\"og:image:type\" content=\"image\/webp\" \/>\n<meta name=\"twitter:card\" content=\"summary_large_image\" \/>\n<meta name=\"twitter:label1\" content=\"Tiempo de lectura\" \/>\n\t<meta name=\"twitter:data1\" content=\"1 minuto\" \/>\n<script type=\"application\/ld+json\" class=\"yoast-schema-graph\">{\"@context\":\"https:\\\/\\\/schema.org\",\"@graph\":[{\"@type\":\"WebPage\",\"@id\":\"https:\\\/\\\/calzavara.ar\\\/index.php\\\/producto\\\/lampara-led-globo-candela-filamento-6w\\\/\",\"url\":\"https:\\\/\\\/calzavara.ar\\\/index.php\\\/producto\\\/lampara-led-globo-candela-filamento-6w\\\/\",\"name\":\"LAMPARA LED GLOBO FILAMENTO 6W - CALZAVARA\",\"isPartOf\":{\"@id\":\"https:\\\/\\\/calzavara.ar\\\/#website\"},\"primaryImageOfPage\":{\"@id\":\"https:\\\/\\\/calzavara.ar\\\/index.php\\\/producto\\\/lampara-led-globo-candela-filamento-6w\\\/#primaryimage\"},\"image\":{\"@id\":\"https:\\\/\\\/calzavara.ar\\\/index.php\\\/producto\\\/lampara-led-globo-candela-filamento-6w\\\/#primaryimage\"},\"thumbnailUrl\":\"https:\\\/\\\/calzavara.ar\\\/wp-content\\\/uploads\\\/2023\\\/07\\\/50165-portada.webp\",\"datePublished\":\"2023-07-30T21:53:08+00:00\",\"dateModified\":\"2026-01-19T11:42:59+00:00\",\"breadcrumb\":{\"@id\":\"https:\\\/\\\/calzavara.ar\\\/index.php\\\/producto\\\/lampara-led-globo-candela-filamento-6w\\\/#breadcrumb\"},\"inLanguage\":\"es\",\"potentialAction\":[{\"@type\":\"ReadAction\",\"target\":[\"https:\\\/\\\/calzavara.ar\\\/index.php\\\/producto\\\/lampara-led-globo-candela-filamento-6w\\\/\"]}]},{\"@type\":\"ImageObject\",\"inLanguage\":\"es\",\"@id\":\"https:\\\/\\\/calzavara.ar\\\/index.php\\\/producto\\\/lampara-led-globo-candela-filamento-6w\\\/#primaryimage\",\"url\":\"https:\\\/\\\/calzavara.ar\\\/wp-content\\\/uploads\\\/2023\\\/07\\\/50165-portada.webp\",\"contentUrl\":\"https:\\\/\\\/calzavara.ar\\\/wp-content\\\/uploads\\\/2023\\\/07\\\/50165-portada.webp\",\"width\":325,\"height\":500},{\"@type\":\"BreadcrumbList\",\"@id\":\"https:\\\/\\\/calzavara.ar\\\/index.php\\\/producto\\\/lampara-led-globo-candela-filamento-6w\\\/#breadcrumb\",\"itemListElement\":[{\"@type\":\"ListItem\",\"position\":1,\"name\":\"Portada\",\"item\":\"https:\\\/\\\/calzavara.ar\\\/\"},{\"@type\":\"ListItem\",\"position\":2,\"name\":\"Tienda\",\"item\":\"https:\\\/\\\/calzavara.ar\\\/index.php\\\/tienda\\\/\"},{\"@type\":\"ListItem\",\"position\":3,\"name\":\"LAMPARA LED GLOBO FILAMENTO 6W\"}]},{\"@type\":\"WebSite\",\"@id\":\"https:\\\/\\\/calzavara.ar\\\/#website\",\"url\":\"https:\\\/\\\/calzavara.ar\\\/\",\"name\":\"CALZAVARA\",\"description\":\"Tienda Oficial CALZAVARA\",\"publisher\":{\"@id\":\"https:\\\/\\\/calzavara.ar\\\/#organization\"},\"potentialAction\":[{\"@type\":\"SearchAction\",\"target\":{\"@type\":\"EntryPoint\",\"urlTemplate\":\"https:\\\/\\\/calzavara.ar\\\/?s={search_term_string}\"},\"query-input\":{\"@type\":\"PropertyValueSpecification\",\"valueRequired\":true,\"valueName\":\"search_term_string\"}}],\"inLanguage\":\"es\"},{\"@type\":\"Organization\",\"@id\":\"https:\\\/\\\/calzavara.ar\\\/#organization\",\"name\":\"CALZAVARA\",\"url\":\"https:\\\/\\\/calzavara.ar\\\/\",\"logo\":{\"@type\":\"ImageObject\",\"inLanguage\":\"es\",\"@id\":\"https:\\\/\\\/calzavara.ar\\\/#\\\/schema\\\/logo\\\/image\\\/\",\"url\":\"https:\\\/\\\/calzavara.ar\\\/wp-content\\\/uploads\\\/2025\\\/05\\\/CalzaLogoRedes.jpg\",\"contentUrl\":\"https:\\\/\\\/calzavara.ar\\\/wp-content\\\/uploads\\\/2025\\\/05\\\/CalzaLogoRedes.jpg\",\"width\":640,\"height\":640,\"caption\":\"CALZAVARA\"},\"image\":{\"@id\":\"https:\\\/\\\/calzavara.ar\\\/#\\\/schema\\\/logo\\\/image\\\/\"},\"sameAs\":[\"https:\\\/\\\/www.facebook.com\\\/calzavarasrl\",\"https:\\\/\\\/www.instagram.com\\\/calzavara_herrajes\",\"https:\\\/\\\/www.linkedin.com\\\/company\\\/calzavara\\\/\",\"https:\\\/\\\/www.youtube.com\\\/@calzavara3279\"]}]}<\/script>\n<!-- \/ Yoast SEO plugin. -->","yoast_head_json":{"title":"LAMPARA LED GLOBO FILAMENTO 6W - CALZAVARA","robots":{"index":"index","follow":"follow","max-snippet":"max-snippet:-1","max-image-preview":"max-image-preview:large","max-video-preview":"max-video-preview:-1"},"canonical":"https:\/\/calzavara.ar\/index.php\/producto\/lampara-led-globo-candela-filamento-6w\/","og_locale":"es_ES","og_type":"article","og_title":"LAMPARA LED GLOBO FILAMENTO 6W - CALZAVARA","og_description":"Dise\u00f1o moderno y elegante con luz \u00e1mbar c\u00e1lida  Tecnolog\u00eda LED de 6W para ahorro energ\u00e9tico  Compatible con rosca E27, f\u00e1cil instalaci\u00f3n  Vida \u00fatil prolongada de 15.000 horas  \u00c1ngulo de apertura de 360\u00b0 para iluminaci\u00f3n uniforme  Eficiencia energ\u00e9tica A++ para cuidar el medio ambiente.","og_url":"https:\/\/calzavara.ar\/index.php\/producto\/lampara-led-globo-candela-filamento-6w\/","og_site_name":"CALZAVARA","article_publisher":"https:\/\/www.facebook.com\/calzavarasrl","article_modified_time":"2026-01-19T11:42:59+00:00","og_image":[{"width":325,"height":500,"url":"https:\/\/calzavara.ar\/wp-content\/uploads\/2023\/07\/50165-portada.webp","type":"image\/webp"}],"twitter_card":"summary_large_image","twitter_misc":{"Tiempo de lectura":"1 minuto"},"schema":{"@context":"https:\/\/schema.org","@graph":[{"@type":"WebPage","@id":"https:\/\/calzavara.ar\/index.php\/producto\/lampara-led-globo-candela-filamento-6w\/","url":"https:\/\/calzavara.ar\/index.php\/producto\/lampara-led-globo-candela-filamento-6w\/","name":"LAMPARA LED GLOBO FILAMENTO 6W - CALZAVARA","isPartOf":{"@id":"https:\/\/calzavara.ar\/#website"},"primaryImageOfPage":{"@id":"https:\/\/calzavara.ar\/index.php\/producto\/lampara-led-globo-candela-filamento-6w\/#primaryimage"},"image":{"@id":"https:\/\/calzavara.ar\/index.php\/producto\/lampara-led-globo-candela-filamento-6w\/#primaryimage"},"thumbnailUrl":"https:\/\/calzavara.ar\/wp-content\/uploads\/2023\/07\/50165-portada.webp","datePublished":"2023-07-30T21:53:08+00:00","dateModified":"2026-01-19T11:42:59+00:00","breadcrumb":{"@id":"https:\/\/calzavara.ar\/index.php\/producto\/lampara-led-globo-candela-filamento-6w\/#breadcrumb"},"inLanguage":"es","potentialAction":[{"@type":"ReadAction","target":["https:\/\/calzavara.ar\/index.php\/producto\/lampara-led-globo-candela-filamento-6w\/"]}]},{"@type":"ImageObject","inLanguage":"es","@id":"https:\/\/calzavara.ar\/index.php\/producto\/lampara-led-globo-candela-filamento-6w\/#primaryimage","url":"https:\/\/calzavara.ar\/wp-content\/uploads\/2023\/07\/50165-portada.webp","contentUrl":"https:\/\/calzavara.ar\/wp-content\/uploads\/2023\/07\/50165-portada.webp","width":325,"height":500},{"@type":"BreadcrumbList","@id":"https:\/\/calzavara.ar\/index.php\/producto\/lampara-led-globo-candela-filamento-6w\/#breadcrumb","itemListElement":[{"@type":"ListItem","position":1,"name":"Portada","item":"https:\/\/calzavara.ar\/"},{"@type":"ListItem","position":2,"name":"Tienda","item":"https:\/\/calzavara.ar\/index.php\/tienda\/"},{"@type":"ListItem","position":3,"name":"LAMPARA LED GLOBO FILAMENTO 6W"}]},{"@type":"WebSite","@id":"https:\/\/calzavara.ar\/#website","url":"https:\/\/calzavara.ar\/","name":"CALZAVARA","description":"Tienda Oficial CALZAVARA","publisher":{"@id":"https:\/\/calzavara.ar\/#organization"},"potentialAction":[{"@type":"SearchAction","target":{"@type":"EntryPoint","urlTemplate":"https:\/\/calzavara.ar\/?s={search_term_string}"},"query-input":{"@type":"PropertyValueSpecification","valueRequired":true,"valueName":"search_term_string"}}],"inLanguage":"es"},{"@type":"Organization","@id":"https:\/\/calzavara.ar\/#organization","name":"CALZAVARA","url":"https:\/\/calzavara.ar\/","logo":{"@type":"ImageObject","inLanguage":"es","@id":"https:\/\/calzavara.ar\/#\/schema\/logo\/image\/","url":"https:\/\/calzavara.ar\/wp-content\/uploads\/2025\/05\/CalzaLogoRedes.jpg","contentUrl":"https:\/\/calzavara.ar\/wp-content\/uploads\/2025\/05\/CalzaLogoRedes.jpg","width":640,"height":640,"caption":"CALZAVARA"},"image":{"@id":"https:\/\/calzavara.ar\/#\/schema\/logo\/image\/"},"sameAs":["https:\/\/www.facebook.com\/calzavarasrl","https:\/\/www.instagram.com\/calzavara_herrajes","https:\/\/www.linkedin.com\/company\/calzavara\/","https:\/\/www.youtube.com\/@calzavara3279"]}]}},"jetpack_sharing_enabled":true,"_links":{"self":[{"href":"https:\/\/calzavara.ar\/index.php\/wp-json\/wp\/v2\/product\/12078","targetHints":{"allow":["GET"]}}],"collection":[{"href":"https:\/\/calzavara.ar\/index.php\/wp-json\/wp\/v2\/product"}],"about":[{"href":"https:\/\/calzavara.ar\/index.php\/wp-json\/wp\/v2\/types\/product"}],"wp:featuredmedia":[{"embeddable":true,"href":"https:\/\/calzavara.ar\/index.php\/wp-json\/wp\/v2\/media\/12084"}],"wp:attachment":[{"href":"https:\/\/calzavara.ar\/index.php\/wp-json\/wp\/v2\/media?parent=12078"}],"wp:term":[{"taxonomy":"product_brand","embeddable":true,"href":"https:\/\/calzavara.ar\/index.php\/wp-json\/wp\/v2\/product_brand?post=12078"},{"taxonomy":"product_cat","embeddable":true,"href":"https:\/\/calzavara.ar\/index.php\/wp-json\/wp\/v2\/product_cat?post=12078"},{"taxonomy":"product_tag","embeddable":true,"href":"https:\/\/calzavara.ar\/index.php\/wp-json\/wp\/v2\/product_tag?post=12078"}],"curies":[{"name":"wp","href":"https:\/\/api.w.org\/{rel}","templated":true}]}}