{"id":11688,"date":"2023-05-20T22:51:53","date_gmt":"2023-05-21T01:51:53","guid":{"rendered":"https:\/\/calzavara.ar\/?post_type=product&#038;p=11688"},"modified":"2026-01-19T08:42:50","modified_gmt":"2026-01-19T11:42:50","slug":"silicona-neutra-unifix","status":"publish","type":"product","link":"https:\/\/calzavara.ar\/index.php\/producto\/silicona-neutra-unifix\/","title":{"rendered":"Silicona Neutra Unifix"},"content":{"rendered":"<p>Silicona neutra multiprop\u00f3sito Unifix<\/p>\n<p>&#8211; Sin olor. Elasticidad permanente.<br \/>\n&#8211; Sellador de silicona que adhiere sobre vidrios, espejos, aluminio anodizado, acero inoxidable, galvanizados y Zincados, ABS, PVC, poli\u00e9ster reforzado, policarbonato, nylon, hormig\u00f3n, m\u00e1rmol.<br \/>\n&#8211; Sellador 100% neutro de un solo componente.<br \/>\n&#8211; Formaci\u00f3n de piel en 10 minutos.<br \/>\n&#8211; M\u00e1xima adhesi\u00f3n en 24hs. (dependiendo del espesor de la junta)<br \/>\n&#8211; Una vez curado brinda flexibilidad permanente a temperatura entre -50 + 220<br \/>\n&#8211; Excelente resistencia a la intemperie (ozono, luz u.v)<br \/>\n&#8211; Alta elasticidad.<\/p>\n","protected":false},"excerpt":{"rendered":"<p>Silicona Neutra.<\/p>\n","protected":false},"featured_media":11694,"template":"","meta":[],"product_brand":[],"product_cat":[69],"product_tag":[407,900,738,402,903],"class_list":{"0":"post-11688","1":"product","2":"type-product","3":"status-publish","4":"has-post-thumbnail","6":"product_cat-adhesivosselladores","7":"product_tag-adhesivo","8":"product_tag-multiuso","9":"product_tag-neutra","10":"product_tag-silicona","11":"product_tag-unifix","13":"first","14":"instock","15":"taxable","16":"shipping-taxable","17":"product-type-variable"},"yoast_head":"<!-- This site is optimized with the Yoast SEO plugin v27.2 - https:\/\/yoast.com\/product\/yoast-seo-wordpress\/ -->\n<title>Silicona Neutra Unifix - CALZAVARA<\/title>\n<meta name=\"robots\" content=\"index, follow, max-snippet:-1, max-image-preview:large, max-video-preview:-1\" \/>\n<link rel=\"canonical\" href=\"https:\/\/calzavara.ar\/index.php\/producto\/silicona-neutra-unifix\/\" \/>\n<meta property=\"og:locale\" content=\"es_ES\" \/>\n<meta property=\"og:type\" content=\"article\" \/>\n<meta property=\"og:title\" content=\"Silicona Neutra Unifix - CALZAVARA\" \/>\n<meta property=\"og:description\" content=\"Silicona Neutra.\" \/>\n<meta property=\"og:url\" content=\"https:\/\/calzavara.ar\/index.php\/producto\/silicona-neutra-unifix\/\" \/>\n<meta property=\"og:site_name\" content=\"CALZAVARA\" \/>\n<meta property=\"article:publisher\" content=\"https:\/\/www.facebook.com\/calzavarasrl\" \/>\n<meta property=\"article:modified_time\" content=\"2026-01-19T11:42:50+00:00\" \/>\n<meta property=\"og:image\" content=\"https:\/\/calzavara.ar\/wp-content\/uploads\/2023\/05\/18671-siliciona-neutra.webp\" \/>\n\t<meta property=\"og:image:width\" content=\"266\" \/>\n\t<meta property=\"og:image:height\" content=\"500\" \/>\n\t<meta property=\"og:image:type\" content=\"image\/webp\" \/>\n<meta name=\"twitter:card\" content=\"summary_large_image\" \/>\n<script type=\"application\/ld+json\" class=\"yoast-schema-graph\">{\"@context\":\"https:\/\/schema.org\",\"@graph\":[{\"@type\":\"WebPage\",\"@id\":\"https:\/\/calzavara.ar\/index.php\/producto\/silicona-neutra-unifix\/\",\"url\":\"https:\/\/calzavara.ar\/index.php\/producto\/silicona-neutra-unifix\/\",\"name\":\"Silicona Neutra Unifix - CALZAVARA\",\"isPartOf\":{\"@id\":\"https:\/\/calzavara.ar\/#website\"},\"primaryImageOfPage\":{\"@id\":\"https:\/\/calzavara.ar\/index.php\/producto\/silicona-neutra-unifix\/#primaryimage\"},\"image\":{\"@id\":\"https:\/\/calzavara.ar\/index.php\/producto\/silicona-neutra-unifix\/#primaryimage\"},\"thumbnailUrl\":\"https:\/\/calzavara.ar\/wp-content\/uploads\/2023\/05\/18671-siliciona-neutra.webp\",\"datePublished\":\"2023-05-21T01:51:53+00:00\",\"dateModified\":\"2026-01-19T11:42:50+00:00\",\"breadcrumb\":{\"@id\":\"https:\/\/calzavara.ar\/index.php\/producto\/silicona-neutra-unifix\/#breadcrumb\"},\"inLanguage\":\"es\",\"potentialAction\":[{\"@type\":\"ReadAction\",\"target\":[\"https:\/\/calzavara.ar\/index.php\/producto\/silicona-neutra-unifix\/\"]}]},{\"@type\":\"ImageObject\",\"inLanguage\":\"es\",\"@id\":\"https:\/\/calzavara.ar\/index.php\/producto\/silicona-neutra-unifix\/#primaryimage\",\"url\":\"https:\/\/calzavara.ar\/wp-content\/uploads\/2023\/05\/18671-siliciona-neutra.webp\",\"contentUrl\":\"https:\/\/calzavara.ar\/wp-content\/uploads\/2023\/05\/18671-siliciona-neutra.webp\",\"width\":266,\"height\":500},{\"@type\":\"BreadcrumbList\",\"@id\":\"https:\/\/calzavara.ar\/index.php\/producto\/silicona-neutra-unifix\/#breadcrumb\",\"itemListElement\":[{\"@type\":\"ListItem\",\"position\":1,\"name\":\"Portada\",\"item\":\"https:\/\/calzavara.ar\/\"},{\"@type\":\"ListItem\",\"position\":2,\"name\":\"Tienda\",\"item\":\"https:\/\/calzavara.ar\/index.php\/tienda\/\"},{\"@type\":\"ListItem\",\"position\":3,\"name\":\"Silicona Neutra Unifix\"}]},{\"@type\":\"WebSite\",\"@id\":\"https:\/\/calzavara.ar\/#website\",\"url\":\"https:\/\/calzavara.ar\/\",\"name\":\"CALZAVARA\",\"description\":\"Tienda Oficial CALZAVARA\",\"publisher\":{\"@id\":\"https:\/\/calzavara.ar\/#organization\"},\"potentialAction\":[{\"@type\":\"SearchAction\",\"target\":{\"@type\":\"EntryPoint\",\"urlTemplate\":\"https:\/\/calzavara.ar\/?s={search_term_string}\"},\"query-input\":{\"@type\":\"PropertyValueSpecification\",\"valueRequired\":true,\"valueName\":\"search_term_string\"}}],\"inLanguage\":\"es\"},{\"@type\":\"Organization\",\"@id\":\"https:\/\/calzavara.ar\/#organization\",\"name\":\"CALZAVARA\",\"url\":\"https:\/\/calzavara.ar\/\",\"logo\":{\"@type\":\"ImageObject\",\"inLanguage\":\"es\",\"@id\":\"https:\/\/calzavara.ar\/#\/schema\/logo\/image\/\",\"url\":\"https:\/\/calzavara.ar\/wp-content\/uploads\/2025\/05\/CalzaLogoRedes.jpg\",\"contentUrl\":\"https:\/\/calzavara.ar\/wp-content\/uploads\/2025\/05\/CalzaLogoRedes.jpg\",\"width\":640,\"height\":640,\"caption\":\"CALZAVARA\"},\"image\":{\"@id\":\"https:\/\/calzavara.ar\/#\/schema\/logo\/image\/\"},\"sameAs\":[\"https:\/\/www.facebook.com\/calzavarasrl\",\"https:\/\/www.instagram.com\/calzavara_herrajes\",\"https:\/\/www.linkedin.com\/company\/calzavara\/\",\"https:\/\/www.youtube.com\/@calzavara3279\"]}]}<\/script>\n<!-- \/ Yoast SEO plugin. -->","yoast_head_json":{"title":"Silicona Neutra Unifix - CALZAVARA","robots":{"index":"index","follow":"follow","max-snippet":"max-snippet:-1","max-image-preview":"max-image-preview:large","max-video-preview":"max-video-preview:-1"},"canonical":"https:\/\/calzavara.ar\/index.php\/producto\/silicona-neutra-unifix\/","og_locale":"es_ES","og_type":"article","og_title":"Silicona Neutra Unifix - CALZAVARA","og_description":"Silicona Neutra.","og_url":"https:\/\/calzavara.ar\/index.php\/producto\/silicona-neutra-unifix\/","og_site_name":"CALZAVARA","article_publisher":"https:\/\/www.facebook.com\/calzavarasrl","article_modified_time":"2026-01-19T11:42:50+00:00","og_image":[{"width":266,"height":500,"url":"https:\/\/calzavara.ar\/wp-content\/uploads\/2023\/05\/18671-siliciona-neutra.webp","type":"image\/webp"}],"twitter_card":"summary_large_image","schema":{"@context":"https:\/\/schema.org","@graph":[{"@type":"WebPage","@id":"https:\/\/calzavara.ar\/index.php\/producto\/silicona-neutra-unifix\/","url":"https:\/\/calzavara.ar\/index.php\/producto\/silicona-neutra-unifix\/","name":"Silicona Neutra Unifix - CALZAVARA","isPartOf":{"@id":"https:\/\/calzavara.ar\/#website"},"primaryImageOfPage":{"@id":"https:\/\/calzavara.ar\/index.php\/producto\/silicona-neutra-unifix\/#primaryimage"},"image":{"@id":"https:\/\/calzavara.ar\/index.php\/producto\/silicona-neutra-unifix\/#primaryimage"},"thumbnailUrl":"https:\/\/calzavara.ar\/wp-content\/uploads\/2023\/05\/18671-siliciona-neutra.webp","datePublished":"2023-05-21T01:51:53+00:00","dateModified":"2026-01-19T11:42:50+00:00","breadcrumb":{"@id":"https:\/\/calzavara.ar\/index.php\/producto\/silicona-neutra-unifix\/#breadcrumb"},"inLanguage":"es","potentialAction":[{"@type":"ReadAction","target":["https:\/\/calzavara.ar\/index.php\/producto\/silicona-neutra-unifix\/"]}]},{"@type":"ImageObject","inLanguage":"es","@id":"https:\/\/calzavara.ar\/index.php\/producto\/silicona-neutra-unifix\/#primaryimage","url":"https:\/\/calzavara.ar\/wp-content\/uploads\/2023\/05\/18671-siliciona-neutra.webp","contentUrl":"https:\/\/calzavara.ar\/wp-content\/uploads\/2023\/05\/18671-siliciona-neutra.webp","width":266,"height":500},{"@type":"BreadcrumbList","@id":"https:\/\/calzavara.ar\/index.php\/producto\/silicona-neutra-unifix\/#breadcrumb","itemListElement":[{"@type":"ListItem","position":1,"name":"Portada","item":"https:\/\/calzavara.ar\/"},{"@type":"ListItem","position":2,"name":"Tienda","item":"https:\/\/calzavara.ar\/index.php\/tienda\/"},{"@type":"ListItem","position":3,"name":"Silicona Neutra Unifix"}]},{"@type":"WebSite","@id":"https:\/\/calzavara.ar\/#website","url":"https:\/\/calzavara.ar\/","name":"CALZAVARA","description":"Tienda Oficial CALZAVARA","publisher":{"@id":"https:\/\/calzavara.ar\/#organization"},"potentialAction":[{"@type":"SearchAction","target":{"@type":"EntryPoint","urlTemplate":"https:\/\/calzavara.ar\/?s={search_term_string}"},"query-input":{"@type":"PropertyValueSpecification","valueRequired":true,"valueName":"search_term_string"}}],"inLanguage":"es"},{"@type":"Organization","@id":"https:\/\/calzavara.ar\/#organization","name":"CALZAVARA","url":"https:\/\/calzavara.ar\/","logo":{"@type":"ImageObject","inLanguage":"es","@id":"https:\/\/calzavara.ar\/#\/schema\/logo\/image\/","url":"https:\/\/calzavara.ar\/wp-content\/uploads\/2025\/05\/CalzaLogoRedes.jpg","contentUrl":"https:\/\/calzavara.ar\/wp-content\/uploads\/2025\/05\/CalzaLogoRedes.jpg","width":640,"height":640,"caption":"CALZAVARA"},"image":{"@id":"https:\/\/calzavara.ar\/#\/schema\/logo\/image\/"},"sameAs":["https:\/\/www.facebook.com\/calzavarasrl","https:\/\/www.instagram.com\/calzavara_herrajes","https:\/\/www.linkedin.com\/company\/calzavara\/","https:\/\/www.youtube.com\/@calzavara3279"]}]}},"jetpack_sharing_enabled":true,"_links":{"self":[{"href":"https:\/\/calzavara.ar\/index.php\/wp-json\/wp\/v2\/product\/11688","targetHints":{"allow":["GET"]}}],"collection":[{"href":"https:\/\/calzavara.ar\/index.php\/wp-json\/wp\/v2\/product"}],"about":[{"href":"https:\/\/calzavara.ar\/index.php\/wp-json\/wp\/v2\/types\/product"}],"wp:featuredmedia":[{"embeddable":true,"href":"https:\/\/calzavara.ar\/index.php\/wp-json\/wp\/v2\/media\/11694"}],"wp:attachment":[{"href":"https:\/\/calzavara.ar\/index.php\/wp-json\/wp\/v2\/media?parent=11688"}],"wp:term":[{"taxonomy":"product_brand","embeddable":true,"href":"https:\/\/calzavara.ar\/index.php\/wp-json\/wp\/v2\/product_brand?post=11688"},{"taxonomy":"product_cat","embeddable":true,"href":"https:\/\/calzavara.ar\/index.php\/wp-json\/wp\/v2\/product_cat?post=11688"},{"taxonomy":"product_tag","embeddable":true,"href":"https:\/\/calzavara.ar\/index.php\/wp-json\/wp\/v2\/product_tag?post=11688"}],"curies":[{"name":"wp","href":"https:\/\/api.w.org\/{rel}","templated":true}]}}