{"id":11462,"date":"2023-04-21T19:47:13","date_gmt":"2023-04-21T22:47:13","guid":{"rendered":"https:\/\/calzavara.ar\/?post_type=product&#038;p=11462"},"modified":"2026-01-19T08:42:44","modified_gmt":"2026-01-19T11:42:44","slug":"kit-ducasse-d-52-para-muebles-corredizos","status":"publish","type":"product","link":"https:\/\/calzavara.ar\/index.php\/producto\/kit-ducasse-d-52-para-muebles-corredizos\/","title":{"rendered":"Kit Ducasse D-52 Para Muebles Corredizos"},"content":{"rendered":"<p>Sistema corredizo al piso para puertas de placard. Permite instalaci\u00f3n embutida y sobrepuesta, ajustando la separaci\u00f3n de traslape entre puertas. Utiliza gu\u00eda y riel de aluminio. *<strong>Guias no incluidas<\/strong>* (se venden por separado).<\/p>\n<p>Permite instalar puertas de madera o con marco de aluminio (altura m\u00ednima del marco 55 mm) a partir de los 15 mm de espesor, y un peso m\u00e1ximo de 50 kg por hoja.<br \/>\nLos carros pueden colocarse embutidos (realizando previamente un fresado de 50 mm) o sobrepuestos de acuerdo a la luz que se desee obtener entre puertas. Tope de goma que evita el traslape de las hojas.<\/p>\n<p>Rodamiento fabricado en acero templado, pista exterior recubierta de nylon virgen. Rieles de aluminio anodizado.<\/p>\n<p><strong>Cualidades:<\/strong><\/p>\n<ul>\n<li>El carro puede ir sobrepuesto y no necesita de mecanizado en la puerta.<\/li>\n<li>El carro puede ir embutido permitiendo una m\u00ednima separaci\u00f3n entre puertas.<\/li>\n<li>Sistema suave y silencioso para puertas de placard. Incluye tope.<\/li>\n<li>Caracter\u00edsticas del carro evita la acumulaci\u00f3n de elementos que puedan obstruir el correcto desplazamiento del placard.<\/li>\n<\/ul>\n","protected":false},"excerpt":{"rendered":"<p>Sistema para puertas corredizas de placard hasta 50kg.<\/p>\n","protected":false},"featured_media":11464,"template":"","meta":[],"product_brand":[],"product_cat":[72,106,97],"product_tag":[836,837,834,835],"class_list":{"0":"post-11462","1":"product","2":"type-product","3":"status-publish","4":"has-post-thumbnail","6":"product_cat-herrajes","7":"product_cat-movcorredizos","8":"product_cat-muebles","9":"product_tag-d-52","10":"product_tag-ducasse","11":"product_tag-kit-placard","12":"product_tag-placard-corredizo","13":"product_shipping_class-sobredimensionado","15":"first","16":"instock","17":"taxable","18":"shipping-taxable","19":"purchasable","20":"product-type-simple"},"yoast_head":"<!-- This site is optimized with the Yoast SEO plugin v27.3 - https:\/\/yoast.com\/product\/yoast-seo-wordpress\/ -->\n<title>Kit Ducasse D-52 Para Muebles Corredizos - CALZAVARA<\/title>\n<meta name=\"robots\" content=\"index, follow, max-snippet:-1, max-image-preview:large, max-video-preview:-1\" \/>\n<link rel=\"canonical\" href=\"https:\/\/calzavara.ar\/index.php\/producto\/kit-ducasse-d-52-para-muebles-corredizos\/\" \/>\n<meta property=\"og:locale\" content=\"es_ES\" \/>\n<meta property=\"og:type\" content=\"article\" \/>\n<meta property=\"og:title\" content=\"Kit Ducasse D-52 Para Muebles Corredizos - CALZAVARA\" \/>\n<meta property=\"og:description\" content=\"Sistema para puertas corredizas de placard hasta 50kg.\" \/>\n<meta property=\"og:url\" content=\"https:\/\/calzavara.ar\/index.php\/producto\/kit-ducasse-d-52-para-muebles-corredizos\/\" \/>\n<meta property=\"og:site_name\" content=\"CALZAVARA\" \/>\n<meta property=\"article:publisher\" content=\"https:\/\/www.facebook.com\/calzavarasrl\" \/>\n<meta property=\"article:modified_time\" content=\"2026-01-19T11:42:44+00:00\" \/>\n<meta property=\"og:image\" content=\"https:\/\/calzavara.ar\/wp-content\/uploads\/2023\/04\/36090.webp\" \/>\n\t<meta property=\"og:image:width\" content=\"484\" \/>\n\t<meta property=\"og:image:height\" content=\"334\" \/>\n\t<meta property=\"og:image:type\" content=\"image\/webp\" \/>\n<meta name=\"twitter:card\" content=\"summary_large_image\" \/>\n<meta name=\"twitter:label1\" content=\"Tiempo de lectura\" \/>\n\t<meta name=\"twitter:data1\" content=\"1 minuto\" \/>\n<script type=\"application\/ld+json\" class=\"yoast-schema-graph\">{\"@context\":\"https:\\\/\\\/schema.org\",\"@graph\":[{\"@type\":\"WebPage\",\"@id\":\"https:\\\/\\\/calzavara.ar\\\/index.php\\\/producto\\\/kit-ducasse-d-52-para-muebles-corredizos\\\/\",\"url\":\"https:\\\/\\\/calzavara.ar\\\/index.php\\\/producto\\\/kit-ducasse-d-52-para-muebles-corredizos\\\/\",\"name\":\"Kit Ducasse D-52 Para Muebles Corredizos - CALZAVARA\",\"isPartOf\":{\"@id\":\"https:\\\/\\\/calzavara.ar\\\/#website\"},\"primaryImageOfPage\":{\"@id\":\"https:\\\/\\\/calzavara.ar\\\/index.php\\\/producto\\\/kit-ducasse-d-52-para-muebles-corredizos\\\/#primaryimage\"},\"image\":{\"@id\":\"https:\\\/\\\/calzavara.ar\\\/index.php\\\/producto\\\/kit-ducasse-d-52-para-muebles-corredizos\\\/#primaryimage\"},\"thumbnailUrl\":\"https:\\\/\\\/calzavara.ar\\\/wp-content\\\/uploads\\\/2023\\\/04\\\/36090.webp\",\"datePublished\":\"2023-04-21T22:47:13+00:00\",\"dateModified\":\"2026-01-19T11:42:44+00:00\",\"breadcrumb\":{\"@id\":\"https:\\\/\\\/calzavara.ar\\\/index.php\\\/producto\\\/kit-ducasse-d-52-para-muebles-corredizos\\\/#breadcrumb\"},\"inLanguage\":\"es\",\"potentialAction\":[{\"@type\":\"ReadAction\",\"target\":[\"https:\\\/\\\/calzavara.ar\\\/index.php\\\/producto\\\/kit-ducasse-d-52-para-muebles-corredizos\\\/\"]}]},{\"@type\":\"ImageObject\",\"inLanguage\":\"es\",\"@id\":\"https:\\\/\\\/calzavara.ar\\\/index.php\\\/producto\\\/kit-ducasse-d-52-para-muebles-corredizos\\\/#primaryimage\",\"url\":\"https:\\\/\\\/calzavara.ar\\\/wp-content\\\/uploads\\\/2023\\\/04\\\/36090.webp\",\"contentUrl\":\"https:\\\/\\\/calzavara.ar\\\/wp-content\\\/uploads\\\/2023\\\/04\\\/36090.webp\",\"width\":484,\"height\":334},{\"@type\":\"BreadcrumbList\",\"@id\":\"https:\\\/\\\/calzavara.ar\\\/index.php\\\/producto\\\/kit-ducasse-d-52-para-muebles-corredizos\\\/#breadcrumb\",\"itemListElement\":[{\"@type\":\"ListItem\",\"position\":1,\"name\":\"Portada\",\"item\":\"https:\\\/\\\/calzavara.ar\\\/\"},{\"@type\":\"ListItem\",\"position\":2,\"name\":\"Tienda\",\"item\":\"https:\\\/\\\/calzavara.ar\\\/index.php\\\/tienda\\\/\"},{\"@type\":\"ListItem\",\"position\":3,\"name\":\"Kit Ducasse D-52 Para Muebles Corredizos\"}]},{\"@type\":\"WebSite\",\"@id\":\"https:\\\/\\\/calzavara.ar\\\/#website\",\"url\":\"https:\\\/\\\/calzavara.ar\\\/\",\"name\":\"CALZAVARA\",\"description\":\"Tienda Oficial CALZAVARA\",\"publisher\":{\"@id\":\"https:\\\/\\\/calzavara.ar\\\/#organization\"},\"potentialAction\":[{\"@type\":\"SearchAction\",\"target\":{\"@type\":\"EntryPoint\",\"urlTemplate\":\"https:\\\/\\\/calzavara.ar\\\/?s={search_term_string}\"},\"query-input\":{\"@type\":\"PropertyValueSpecification\",\"valueRequired\":true,\"valueName\":\"search_term_string\"}}],\"inLanguage\":\"es\"},{\"@type\":\"Organization\",\"@id\":\"https:\\\/\\\/calzavara.ar\\\/#organization\",\"name\":\"CALZAVARA\",\"url\":\"https:\\\/\\\/calzavara.ar\\\/\",\"logo\":{\"@type\":\"ImageObject\",\"inLanguage\":\"es\",\"@id\":\"https:\\\/\\\/calzavara.ar\\\/#\\\/schema\\\/logo\\\/image\\\/\",\"url\":\"https:\\\/\\\/calzavara.ar\\\/wp-content\\\/uploads\\\/2025\\\/05\\\/CalzaLogoRedes.jpg\",\"contentUrl\":\"https:\\\/\\\/calzavara.ar\\\/wp-content\\\/uploads\\\/2025\\\/05\\\/CalzaLogoRedes.jpg\",\"width\":640,\"height\":640,\"caption\":\"CALZAVARA\"},\"image\":{\"@id\":\"https:\\\/\\\/calzavara.ar\\\/#\\\/schema\\\/logo\\\/image\\\/\"},\"sameAs\":[\"https:\\\/\\\/www.facebook.com\\\/calzavarasrl\",\"https:\\\/\\\/www.instagram.com\\\/calzavara_herrajes\",\"https:\\\/\\\/www.linkedin.com\\\/company\\\/calzavara\\\/\",\"https:\\\/\\\/www.youtube.com\\\/@calzavara3279\"]}]}<\/script>\n<!-- \/ Yoast SEO plugin. -->","yoast_head_json":{"title":"Kit Ducasse D-52 Para Muebles Corredizos - CALZAVARA","robots":{"index":"index","follow":"follow","max-snippet":"max-snippet:-1","max-image-preview":"max-image-preview:large","max-video-preview":"max-video-preview:-1"},"canonical":"https:\/\/calzavara.ar\/index.php\/producto\/kit-ducasse-d-52-para-muebles-corredizos\/","og_locale":"es_ES","og_type":"article","og_title":"Kit Ducasse D-52 Para Muebles Corredizos - CALZAVARA","og_description":"Sistema para puertas corredizas de placard hasta 50kg.","og_url":"https:\/\/calzavara.ar\/index.php\/producto\/kit-ducasse-d-52-para-muebles-corredizos\/","og_site_name":"CALZAVARA","article_publisher":"https:\/\/www.facebook.com\/calzavarasrl","article_modified_time":"2026-01-19T11:42:44+00:00","og_image":[{"width":484,"height":334,"url":"https:\/\/calzavara.ar\/wp-content\/uploads\/2023\/04\/36090.webp","type":"image\/webp"}],"twitter_card":"summary_large_image","twitter_misc":{"Tiempo de lectura":"1 minuto"},"schema":{"@context":"https:\/\/schema.org","@graph":[{"@type":"WebPage","@id":"https:\/\/calzavara.ar\/index.php\/producto\/kit-ducasse-d-52-para-muebles-corredizos\/","url":"https:\/\/calzavara.ar\/index.php\/producto\/kit-ducasse-d-52-para-muebles-corredizos\/","name":"Kit Ducasse D-52 Para Muebles Corredizos - CALZAVARA","isPartOf":{"@id":"https:\/\/calzavara.ar\/#website"},"primaryImageOfPage":{"@id":"https:\/\/calzavara.ar\/index.php\/producto\/kit-ducasse-d-52-para-muebles-corredizos\/#primaryimage"},"image":{"@id":"https:\/\/calzavara.ar\/index.php\/producto\/kit-ducasse-d-52-para-muebles-corredizos\/#primaryimage"},"thumbnailUrl":"https:\/\/calzavara.ar\/wp-content\/uploads\/2023\/04\/36090.webp","datePublished":"2023-04-21T22:47:13+00:00","dateModified":"2026-01-19T11:42:44+00:00","breadcrumb":{"@id":"https:\/\/calzavara.ar\/index.php\/producto\/kit-ducasse-d-52-para-muebles-corredizos\/#breadcrumb"},"inLanguage":"es","potentialAction":[{"@type":"ReadAction","target":["https:\/\/calzavara.ar\/index.php\/producto\/kit-ducasse-d-52-para-muebles-corredizos\/"]}]},{"@type":"ImageObject","inLanguage":"es","@id":"https:\/\/calzavara.ar\/index.php\/producto\/kit-ducasse-d-52-para-muebles-corredizos\/#primaryimage","url":"https:\/\/calzavara.ar\/wp-content\/uploads\/2023\/04\/36090.webp","contentUrl":"https:\/\/calzavara.ar\/wp-content\/uploads\/2023\/04\/36090.webp","width":484,"height":334},{"@type":"BreadcrumbList","@id":"https:\/\/calzavara.ar\/index.php\/producto\/kit-ducasse-d-52-para-muebles-corredizos\/#breadcrumb","itemListElement":[{"@type":"ListItem","position":1,"name":"Portada","item":"https:\/\/calzavara.ar\/"},{"@type":"ListItem","position":2,"name":"Tienda","item":"https:\/\/calzavara.ar\/index.php\/tienda\/"},{"@type":"ListItem","position":3,"name":"Kit Ducasse D-52 Para Muebles Corredizos"}]},{"@type":"WebSite","@id":"https:\/\/calzavara.ar\/#website","url":"https:\/\/calzavara.ar\/","name":"CALZAVARA","description":"Tienda Oficial CALZAVARA","publisher":{"@id":"https:\/\/calzavara.ar\/#organization"},"potentialAction":[{"@type":"SearchAction","target":{"@type":"EntryPoint","urlTemplate":"https:\/\/calzavara.ar\/?s={search_term_string}"},"query-input":{"@type":"PropertyValueSpecification","valueRequired":true,"valueName":"search_term_string"}}],"inLanguage":"es"},{"@type":"Organization","@id":"https:\/\/calzavara.ar\/#organization","name":"CALZAVARA","url":"https:\/\/calzavara.ar\/","logo":{"@type":"ImageObject","inLanguage":"es","@id":"https:\/\/calzavara.ar\/#\/schema\/logo\/image\/","url":"https:\/\/calzavara.ar\/wp-content\/uploads\/2025\/05\/CalzaLogoRedes.jpg","contentUrl":"https:\/\/calzavara.ar\/wp-content\/uploads\/2025\/05\/CalzaLogoRedes.jpg","width":640,"height":640,"caption":"CALZAVARA"},"image":{"@id":"https:\/\/calzavara.ar\/#\/schema\/logo\/image\/"},"sameAs":["https:\/\/www.facebook.com\/calzavarasrl","https:\/\/www.instagram.com\/calzavara_herrajes","https:\/\/www.linkedin.com\/company\/calzavara\/","https:\/\/www.youtube.com\/@calzavara3279"]}]}},"jetpack_sharing_enabled":true,"_links":{"self":[{"href":"https:\/\/calzavara.ar\/index.php\/wp-json\/wp\/v2\/product\/11462","targetHints":{"allow":["GET"]}}],"collection":[{"href":"https:\/\/calzavara.ar\/index.php\/wp-json\/wp\/v2\/product"}],"about":[{"href":"https:\/\/calzavara.ar\/index.php\/wp-json\/wp\/v2\/types\/product"}],"wp:featuredmedia":[{"embeddable":true,"href":"https:\/\/calzavara.ar\/index.php\/wp-json\/wp\/v2\/media\/11464"}],"wp:attachment":[{"href":"https:\/\/calzavara.ar\/index.php\/wp-json\/wp\/v2\/media?parent=11462"}],"wp:term":[{"taxonomy":"product_brand","embeddable":true,"href":"https:\/\/calzavara.ar\/index.php\/wp-json\/wp\/v2\/product_brand?post=11462"},{"taxonomy":"product_cat","embeddable":true,"href":"https:\/\/calzavara.ar\/index.php\/wp-json\/wp\/v2\/product_cat?post=11462"},{"taxonomy":"product_tag","embeddable":true,"href":"https:\/\/calzavara.ar\/index.php\/wp-json\/wp\/v2\/product_tag?post=11462"}],"curies":[{"name":"wp","href":"https:\/\/api.w.org\/{rel}","templated":true}]}}