{"id":11444,"date":"2023-04-20T18:46:40","date_gmt":"2023-04-20T21:46:40","guid":{"rendered":"https:\/\/calzavara.ar\/?post_type=product&#038;p=11444"},"modified":"2026-01-19T08:42:43","modified_gmt":"2026-01-19T11:42:43","slug":"kit-puerta-plegadiza-mr-plegamas-simple","status":"publish","type":"product","link":"https:\/\/calzavara.ar\/index.php\/producto\/kit-puerta-plegadiza-mr-plegamas-simple\/","title":{"rendered":"kit Puerta Plegadiza Mr Plegamas Simple"},"content":{"rendered":"<div class=\"wpb_text_column wpb_content_element \">\n<div class=\"wpb_wrapper\">\n<p>Sistema para puertas plegadizas; este kit permite la apertura total de las puertas sin reducir el espacio del ambiente. Altura regulable para un perfecto encuadre. El ancho m\u00e1ximo por hoja es de 70 cm (deben ser iguales) y el espesor 18mm. De f\u00e1cil instalaci\u00f3n.<\/p>\n<p><strong>USOS:\u00a0<\/strong>Puertas plegadizas, de madera o marco de aluminio, de muebles, placares y separadores de ambientes.<\/p>\n<p>*Riel no incluido, se vende por separado*<\/p>\n<p><strong>Contiene:<\/strong><\/p>\n<\/div>\n<\/div>\n<ul>\n<li>1 PIVOT RUEDA<\/li>\n<li>1 PIVOT SUPERIOR<\/li>\n<li>1 BASE SUPERIOR<\/li>\n<li>1 PIVOT INFERIOR<\/li>\n<li>1 BASE INFERIOR<\/li>\n<li>1 TOPE RESORTE<\/li>\n<li>1 ALINEADOR<\/li>\n<li>1 MANIJA PLASTICA NEGRA<\/li>\n<li>1 LLAVE AJUSTE<\/li>\n<li>3 REFUERZOS<\/li>\n<li>3BISAGRAS<\/li>\n<\/ul>\n","protected":false},"excerpt":{"rendered":"<p>Kit para sistema de puertas plegadizas hasta 70cm por hoja.<\/p>\n","protected":false},"featured_media":11445,"template":"","meta":[],"product_brand":[],"product_cat":[72,106,97],"product_tag":[751,824,823],"class_list":{"0":"post-11444","1":"product","2":"type-product","3":"status-publish","4":"has-post-thumbnail","6":"product_cat-herrajes","7":"product_cat-movcorredizos","8":"product_cat-muebles","9":"product_tag-kit","10":"product_tag-mr","11":"product_tag-puerta-plegadiza","12":"product_shipping_class-sobredimensionado","14":"first","15":"outofstock","16":"taxable","17":"shipping-taxable","18":"purchasable","19":"product-type-simple"},"yoast_head":"<!-- This site is optimized with the Yoast SEO plugin v27.2 - https:\/\/yoast.com\/product\/yoast-seo-wordpress\/ -->\n<title>kit Puerta Plegadiza Mr Plegamas Simple - CALZAVARA<\/title>\n<meta name=\"robots\" content=\"index, follow, max-snippet:-1, max-image-preview:large, max-video-preview:-1\" \/>\n<link rel=\"canonical\" href=\"https:\/\/calzavara.ar\/index.php\/producto\/kit-puerta-plegadiza-mr-plegamas-simple\/\" \/>\n<meta property=\"og:locale\" content=\"es_ES\" \/>\n<meta property=\"og:type\" content=\"article\" \/>\n<meta property=\"og:title\" content=\"kit Puerta Plegadiza Mr Plegamas Simple - CALZAVARA\" \/>\n<meta property=\"og:description\" content=\"Kit para sistema de puertas plegadizas hasta 70cm por hoja.\" \/>\n<meta property=\"og:url\" content=\"https:\/\/calzavara.ar\/index.php\/producto\/kit-puerta-plegadiza-mr-plegamas-simple\/\" \/>\n<meta property=\"og:site_name\" content=\"CALZAVARA\" \/>\n<meta property=\"article:publisher\" content=\"https:\/\/www.facebook.com\/calzavarasrl\" \/>\n<meta property=\"article:modified_time\" content=\"2026-01-19T11:42:43+00:00\" \/>\n<meta property=\"og:image\" content=\"https:\/\/calzavara.ar\/wp-content\/uploads\/2023\/04\/43514-plegamas-puerta-plegable-sistema.jpg\" \/>\n\t<meta property=\"og:image:width\" content=\"500\" \/>\n\t<meta property=\"og:image:height\" content=\"500\" \/>\n\t<meta property=\"og:image:type\" content=\"image\/jpeg\" \/>\n<meta name=\"twitter:card\" content=\"summary_large_image\" \/>\n<script type=\"application\/ld+json\" class=\"yoast-schema-graph\">{\"@context\":\"https:\/\/schema.org\",\"@graph\":[{\"@type\":\"WebPage\",\"@id\":\"https:\/\/calzavara.ar\/index.php\/producto\/kit-puerta-plegadiza-mr-plegamas-simple\/\",\"url\":\"https:\/\/calzavara.ar\/index.php\/producto\/kit-puerta-plegadiza-mr-plegamas-simple\/\",\"name\":\"kit Puerta Plegadiza Mr Plegamas Simple - CALZAVARA\",\"isPartOf\":{\"@id\":\"https:\/\/calzavara.ar\/#website\"},\"primaryImageOfPage\":{\"@id\":\"https:\/\/calzavara.ar\/index.php\/producto\/kit-puerta-plegadiza-mr-plegamas-simple\/#primaryimage\"},\"image\":{\"@id\":\"https:\/\/calzavara.ar\/index.php\/producto\/kit-puerta-plegadiza-mr-plegamas-simple\/#primaryimage\"},\"thumbnailUrl\":\"https:\/\/calzavara.ar\/wp-content\/uploads\/2023\/04\/43514-plegamas-puerta-plegable-sistema.jpg\",\"datePublished\":\"2023-04-20T21:46:40+00:00\",\"dateModified\":\"2026-01-19T11:42:43+00:00\",\"breadcrumb\":{\"@id\":\"https:\/\/calzavara.ar\/index.php\/producto\/kit-puerta-plegadiza-mr-plegamas-simple\/#breadcrumb\"},\"inLanguage\":\"es\",\"potentialAction\":[{\"@type\":\"ReadAction\",\"target\":[\"https:\/\/calzavara.ar\/index.php\/producto\/kit-puerta-plegadiza-mr-plegamas-simple\/\"]}]},{\"@type\":\"ImageObject\",\"inLanguage\":\"es\",\"@id\":\"https:\/\/calzavara.ar\/index.php\/producto\/kit-puerta-plegadiza-mr-plegamas-simple\/#primaryimage\",\"url\":\"https:\/\/calzavara.ar\/wp-content\/uploads\/2023\/04\/43514-plegamas-puerta-plegable-sistema.jpg\",\"contentUrl\":\"https:\/\/calzavara.ar\/wp-content\/uploads\/2023\/04\/43514-plegamas-puerta-plegable-sistema.jpg\",\"width\":500,\"height\":500},{\"@type\":\"BreadcrumbList\",\"@id\":\"https:\/\/calzavara.ar\/index.php\/producto\/kit-puerta-plegadiza-mr-plegamas-simple\/#breadcrumb\",\"itemListElement\":[{\"@type\":\"ListItem\",\"position\":1,\"name\":\"Portada\",\"item\":\"https:\/\/calzavara.ar\/\"},{\"@type\":\"ListItem\",\"position\":2,\"name\":\"Tienda\",\"item\":\"https:\/\/calzavara.ar\/index.php\/tienda\/\"},{\"@type\":\"ListItem\",\"position\":3,\"name\":\"kit Puerta Plegadiza Mr Plegamas Simple\"}]},{\"@type\":\"WebSite\",\"@id\":\"https:\/\/calzavara.ar\/#website\",\"url\":\"https:\/\/calzavara.ar\/\",\"name\":\"CALZAVARA\",\"description\":\"Tienda Oficial CALZAVARA\",\"publisher\":{\"@id\":\"https:\/\/calzavara.ar\/#organization\"},\"potentialAction\":[{\"@type\":\"SearchAction\",\"target\":{\"@type\":\"EntryPoint\",\"urlTemplate\":\"https:\/\/calzavara.ar\/?s={search_term_string}\"},\"query-input\":{\"@type\":\"PropertyValueSpecification\",\"valueRequired\":true,\"valueName\":\"search_term_string\"}}],\"inLanguage\":\"es\"},{\"@type\":\"Organization\",\"@id\":\"https:\/\/calzavara.ar\/#organization\",\"name\":\"CALZAVARA\",\"url\":\"https:\/\/calzavara.ar\/\",\"logo\":{\"@type\":\"ImageObject\",\"inLanguage\":\"es\",\"@id\":\"https:\/\/calzavara.ar\/#\/schema\/logo\/image\/\",\"url\":\"https:\/\/calzavara.ar\/wp-content\/uploads\/2025\/05\/CalzaLogoRedes.jpg\",\"contentUrl\":\"https:\/\/calzavara.ar\/wp-content\/uploads\/2025\/05\/CalzaLogoRedes.jpg\",\"width\":640,\"height\":640,\"caption\":\"CALZAVARA\"},\"image\":{\"@id\":\"https:\/\/calzavara.ar\/#\/schema\/logo\/image\/\"},\"sameAs\":[\"https:\/\/www.facebook.com\/calzavarasrl\",\"https:\/\/www.instagram.com\/calzavara_herrajes\",\"https:\/\/www.linkedin.com\/company\/calzavara\/\",\"https:\/\/www.youtube.com\/@calzavara3279\"]}]}<\/script>\n<!-- \/ Yoast SEO plugin. -->","yoast_head_json":{"title":"kit Puerta Plegadiza Mr Plegamas Simple - CALZAVARA","robots":{"index":"index","follow":"follow","max-snippet":"max-snippet:-1","max-image-preview":"max-image-preview:large","max-video-preview":"max-video-preview:-1"},"canonical":"https:\/\/calzavara.ar\/index.php\/producto\/kit-puerta-plegadiza-mr-plegamas-simple\/","og_locale":"es_ES","og_type":"article","og_title":"kit Puerta Plegadiza Mr Plegamas Simple - CALZAVARA","og_description":"Kit para sistema de puertas plegadizas hasta 70cm por hoja.","og_url":"https:\/\/calzavara.ar\/index.php\/producto\/kit-puerta-plegadiza-mr-plegamas-simple\/","og_site_name":"CALZAVARA","article_publisher":"https:\/\/www.facebook.com\/calzavarasrl","article_modified_time":"2026-01-19T11:42:43+00:00","og_image":[{"width":500,"height":500,"url":"https:\/\/calzavara.ar\/wp-content\/uploads\/2023\/04\/43514-plegamas-puerta-plegable-sistema.jpg","type":"image\/jpeg"}],"twitter_card":"summary_large_image","schema":{"@context":"https:\/\/schema.org","@graph":[{"@type":"WebPage","@id":"https:\/\/calzavara.ar\/index.php\/producto\/kit-puerta-plegadiza-mr-plegamas-simple\/","url":"https:\/\/calzavara.ar\/index.php\/producto\/kit-puerta-plegadiza-mr-plegamas-simple\/","name":"kit Puerta Plegadiza Mr Plegamas Simple - CALZAVARA","isPartOf":{"@id":"https:\/\/calzavara.ar\/#website"},"primaryImageOfPage":{"@id":"https:\/\/calzavara.ar\/index.php\/producto\/kit-puerta-plegadiza-mr-plegamas-simple\/#primaryimage"},"image":{"@id":"https:\/\/calzavara.ar\/index.php\/producto\/kit-puerta-plegadiza-mr-plegamas-simple\/#primaryimage"},"thumbnailUrl":"https:\/\/calzavara.ar\/wp-content\/uploads\/2023\/04\/43514-plegamas-puerta-plegable-sistema.jpg","datePublished":"2023-04-20T21:46:40+00:00","dateModified":"2026-01-19T11:42:43+00:00","breadcrumb":{"@id":"https:\/\/calzavara.ar\/index.php\/producto\/kit-puerta-plegadiza-mr-plegamas-simple\/#breadcrumb"},"inLanguage":"es","potentialAction":[{"@type":"ReadAction","target":["https:\/\/calzavara.ar\/index.php\/producto\/kit-puerta-plegadiza-mr-plegamas-simple\/"]}]},{"@type":"ImageObject","inLanguage":"es","@id":"https:\/\/calzavara.ar\/index.php\/producto\/kit-puerta-plegadiza-mr-plegamas-simple\/#primaryimage","url":"https:\/\/calzavara.ar\/wp-content\/uploads\/2023\/04\/43514-plegamas-puerta-plegable-sistema.jpg","contentUrl":"https:\/\/calzavara.ar\/wp-content\/uploads\/2023\/04\/43514-plegamas-puerta-plegable-sistema.jpg","width":500,"height":500},{"@type":"BreadcrumbList","@id":"https:\/\/calzavara.ar\/index.php\/producto\/kit-puerta-plegadiza-mr-plegamas-simple\/#breadcrumb","itemListElement":[{"@type":"ListItem","position":1,"name":"Portada","item":"https:\/\/calzavara.ar\/"},{"@type":"ListItem","position":2,"name":"Tienda","item":"https:\/\/calzavara.ar\/index.php\/tienda\/"},{"@type":"ListItem","position":3,"name":"kit Puerta Plegadiza Mr Plegamas Simple"}]},{"@type":"WebSite","@id":"https:\/\/calzavara.ar\/#website","url":"https:\/\/calzavara.ar\/","name":"CALZAVARA","description":"Tienda Oficial CALZAVARA","publisher":{"@id":"https:\/\/calzavara.ar\/#organization"},"potentialAction":[{"@type":"SearchAction","target":{"@type":"EntryPoint","urlTemplate":"https:\/\/calzavara.ar\/?s={search_term_string}"},"query-input":{"@type":"PropertyValueSpecification","valueRequired":true,"valueName":"search_term_string"}}],"inLanguage":"es"},{"@type":"Organization","@id":"https:\/\/calzavara.ar\/#organization","name":"CALZAVARA","url":"https:\/\/calzavara.ar\/","logo":{"@type":"ImageObject","inLanguage":"es","@id":"https:\/\/calzavara.ar\/#\/schema\/logo\/image\/","url":"https:\/\/calzavara.ar\/wp-content\/uploads\/2025\/05\/CalzaLogoRedes.jpg","contentUrl":"https:\/\/calzavara.ar\/wp-content\/uploads\/2025\/05\/CalzaLogoRedes.jpg","width":640,"height":640,"caption":"CALZAVARA"},"image":{"@id":"https:\/\/calzavara.ar\/#\/schema\/logo\/image\/"},"sameAs":["https:\/\/www.facebook.com\/calzavarasrl","https:\/\/www.instagram.com\/calzavara_herrajes","https:\/\/www.linkedin.com\/company\/calzavara\/","https:\/\/www.youtube.com\/@calzavara3279"]}]}},"jetpack_sharing_enabled":true,"_links":{"self":[{"href":"https:\/\/calzavara.ar\/index.php\/wp-json\/wp\/v2\/product\/11444","targetHints":{"allow":["GET"]}}],"collection":[{"href":"https:\/\/calzavara.ar\/index.php\/wp-json\/wp\/v2\/product"}],"about":[{"href":"https:\/\/calzavara.ar\/index.php\/wp-json\/wp\/v2\/types\/product"}],"wp:featuredmedia":[{"embeddable":true,"href":"https:\/\/calzavara.ar\/index.php\/wp-json\/wp\/v2\/media\/11445"}],"wp:attachment":[{"href":"https:\/\/calzavara.ar\/index.php\/wp-json\/wp\/v2\/media?parent=11444"}],"wp:term":[{"taxonomy":"product_brand","embeddable":true,"href":"https:\/\/calzavara.ar\/index.php\/wp-json\/wp\/v2\/product_brand?post=11444"},{"taxonomy":"product_cat","embeddable":true,"href":"https:\/\/calzavara.ar\/index.php\/wp-json\/wp\/v2\/product_cat?post=11444"},{"taxonomy":"product_tag","embeddable":true,"href":"https:\/\/calzavara.ar\/index.php\/wp-json\/wp\/v2\/product_tag?post=11444"}],"curies":[{"name":"wp","href":"https:\/\/api.w.org\/{rel}","templated":true}]}}