{"id":11426,"date":"2023-04-17T18:25:46","date_gmt":"2023-04-17T21:25:46","guid":{"rendered":"https:\/\/calzavara.ar\/?post_type=product&#038;p=11426"},"modified":"2026-01-19T08:42:43","modified_gmt":"2026-01-19T11:42:43","slug":"kit-corredizo-mr-1535-para-vidrio","status":"publish","type":"product","link":"https:\/\/calzavara.ar\/index.php\/producto\/kit-corredizo-mr-1535-para-vidrio\/","title":{"rendered":"kit Corredizo MR 1535 Para Vidrio"},"content":{"rendered":"<p>Sistema de 2 hojas de rapida instalaci\u00f3n. Rodamiento a rulem\u00e1n blindado recubierto con banda de poliamida, de suave y muy silencioso desplazamiento. El sistema de Frenos incorporado en el riel permite un buen cerrado del mueble.<\/p>\n<p>Este sistema se utiliza con<br \/>\nD13 &#8211; RIEL DE ALUMINIO DE EMBUTIR 2\/3 MTS ( NO INCLUYE )<br \/>\nD14 &#8211; RIEL DE ALUMINIO DE APLICAR 2\/3 MTS ( NO INCLUYE )<\/p>\n<p>*LOS PERFILES SE COMERCIALIZAN POR SEPARADO*.<\/p>\n<p><strong>Importante:<\/strong> Peso maximo de hojas 20kg, preparado para vidrio de 4 a 6mm de espesor.<\/p>\n<p><strong>USOS:\u00a0<\/strong>Muebles de cocina, bibliotecas, oficinas, estanter\u00edas, muebles con puertas de vidrio.<\/p>\n<p><strong>Contiene:<\/strong><\/p>\n<ul>\n<li>4 ruedas inferiores<\/li>\n<li>4 ruedas superiores<\/li>\n<li>4 frenos<\/li>\n<li>guia de instalaci\u00f3n.<\/li>\n<\/ul>\n<p>DETALLE DE INSTALACI\u00d3N :<br \/>\nSE NECESITA AGUJEREAR EL VIDRIO Y PARA SUJECI\u00d3N DE LA RUEDA Y LA GU\u00cdA SE UTILIZAN LAS TAPAS PL\u00c1STICAS , QUE VAN INCLUIDAS EN EL KIT.<br \/>\nUTILIZA EL MISMO RIEL EN LA PARTE SUPERIOR E INFERIOR DEL VANO, Y ESTE PUEDE SER DE APLICAR O DE EMBUTIR, AMBOS EN TERMINACI\u00d3N ANODIZADO NATURAL .<br \/>\nEL CLIP DE MONTAJE ( EN LA GUIA SUPERIOR) PERMITE UNA R\u00c1PIDA INSTALACI\u00d3N DE LA PUERTA .<\/p>\n","protected":false},"excerpt":{"rendered":"<p>Sistema corredizo de 2 hojas para vidrio de 4 a 6 mm, hasta 20kg.<\/p>\n","protected":false},"featured_media":11427,"template":"","meta":[],"product_brand":[],"product_cat":[106,97,261],"product_tag":[820,818,819],"class_list":{"0":"post-11426","1":"product","2":"type-product","3":"status-publish","4":"has-post-thumbnail","6":"product_cat-movcorredizos","7":"product_cat-muebles","8":"product_cat-vidrio","9":"product_tag-dos-hojas","10":"product_tag-kit-corredizo","11":"product_tag-puertas-vidrio","12":"product_shipping_class-sobredimensionado","14":"first","15":"instock","16":"taxable","17":"shipping-taxable","18":"purchasable","19":"product-type-simple"},"yoast_head":"<!-- This site is optimized with the Yoast SEO plugin v27.3 - https:\/\/yoast.com\/product\/yoast-seo-wordpress\/ -->\n<title>kit Corredizo MR 1535 Para Vidrio - CALZAVARA<\/title>\n<meta name=\"robots\" content=\"index, follow, max-snippet:-1, max-image-preview:large, max-video-preview:-1\" \/>\n<link rel=\"canonical\" href=\"https:\/\/calzavara.ar\/index.php\/producto\/kit-corredizo-mr-1535-para-vidrio\/\" \/>\n<meta property=\"og:locale\" content=\"es_ES\" \/>\n<meta property=\"og:type\" content=\"article\" \/>\n<meta property=\"og:title\" content=\"kit Corredizo MR 1535 Para Vidrio - CALZAVARA\" \/>\n<meta property=\"og:description\" content=\"Sistema corredizo de 2 hojas para vidrio de 4 a 6 mm, hasta 20kg.\" \/>\n<meta property=\"og:url\" content=\"https:\/\/calzavara.ar\/index.php\/producto\/kit-corredizo-mr-1535-para-vidrio\/\" \/>\n<meta property=\"og:site_name\" content=\"CALZAVARA\" \/>\n<meta property=\"article:publisher\" content=\"https:\/\/www.facebook.com\/calzavarasrl\" \/>\n<meta property=\"article:modified_time\" content=\"2026-01-19T11:42:43+00:00\" \/>\n<meta property=\"og:image\" content=\"https:\/\/calzavara.ar\/wp-content\/uploads\/2023\/04\/43589-kit-corredizo-vidrio.webp\" \/>\n\t<meta property=\"og:image:width\" content=\"730\" \/>\n\t<meta property=\"og:image:height\" content=\"524\" \/>\n\t<meta property=\"og:image:type\" content=\"image\/webp\" \/>\n<meta name=\"twitter:card\" content=\"summary_large_image\" \/>\n<meta name=\"twitter:label1\" content=\"Tiempo de lectura\" \/>\n\t<meta name=\"twitter:data1\" content=\"1 minuto\" \/>\n<script type=\"application\/ld+json\" class=\"yoast-schema-graph\">{\"@context\":\"https:\\\/\\\/schema.org\",\"@graph\":[{\"@type\":\"WebPage\",\"@id\":\"https:\\\/\\\/calzavara.ar\\\/index.php\\\/producto\\\/kit-corredizo-mr-1535-para-vidrio\\\/\",\"url\":\"https:\\\/\\\/calzavara.ar\\\/index.php\\\/producto\\\/kit-corredizo-mr-1535-para-vidrio\\\/\",\"name\":\"kit Corredizo MR 1535 Para Vidrio - CALZAVARA\",\"isPartOf\":{\"@id\":\"https:\\\/\\\/calzavara.ar\\\/#website\"},\"primaryImageOfPage\":{\"@id\":\"https:\\\/\\\/calzavara.ar\\\/index.php\\\/producto\\\/kit-corredizo-mr-1535-para-vidrio\\\/#primaryimage\"},\"image\":{\"@id\":\"https:\\\/\\\/calzavara.ar\\\/index.php\\\/producto\\\/kit-corredizo-mr-1535-para-vidrio\\\/#primaryimage\"},\"thumbnailUrl\":\"https:\\\/\\\/calzavara.ar\\\/wp-content\\\/uploads\\\/2023\\\/04\\\/43589-kit-corredizo-vidrio.webp\",\"datePublished\":\"2023-04-17T21:25:46+00:00\",\"dateModified\":\"2026-01-19T11:42:43+00:00\",\"breadcrumb\":{\"@id\":\"https:\\\/\\\/calzavara.ar\\\/index.php\\\/producto\\\/kit-corredizo-mr-1535-para-vidrio\\\/#breadcrumb\"},\"inLanguage\":\"es\",\"potentialAction\":[{\"@type\":\"ReadAction\",\"target\":[\"https:\\\/\\\/calzavara.ar\\\/index.php\\\/producto\\\/kit-corredizo-mr-1535-para-vidrio\\\/\"]}]},{\"@type\":\"ImageObject\",\"inLanguage\":\"es\",\"@id\":\"https:\\\/\\\/calzavara.ar\\\/index.php\\\/producto\\\/kit-corredizo-mr-1535-para-vidrio\\\/#primaryimage\",\"url\":\"https:\\\/\\\/calzavara.ar\\\/wp-content\\\/uploads\\\/2023\\\/04\\\/43589-kit-corredizo-vidrio.webp\",\"contentUrl\":\"https:\\\/\\\/calzavara.ar\\\/wp-content\\\/uploads\\\/2023\\\/04\\\/43589-kit-corredizo-vidrio.webp\",\"width\":730,\"height\":524},{\"@type\":\"BreadcrumbList\",\"@id\":\"https:\\\/\\\/calzavara.ar\\\/index.php\\\/producto\\\/kit-corredizo-mr-1535-para-vidrio\\\/#breadcrumb\",\"itemListElement\":[{\"@type\":\"ListItem\",\"position\":1,\"name\":\"Portada\",\"item\":\"https:\\\/\\\/calzavara.ar\\\/\"},{\"@type\":\"ListItem\",\"position\":2,\"name\":\"Tienda\",\"item\":\"https:\\\/\\\/calzavara.ar\\\/index.php\\\/tienda\\\/\"},{\"@type\":\"ListItem\",\"position\":3,\"name\":\"kit Corredizo MR 1535 Para Vidrio\"}]},{\"@type\":\"WebSite\",\"@id\":\"https:\\\/\\\/calzavara.ar\\\/#website\",\"url\":\"https:\\\/\\\/calzavara.ar\\\/\",\"name\":\"CALZAVARA\",\"description\":\"Tienda Oficial CALZAVARA\",\"publisher\":{\"@id\":\"https:\\\/\\\/calzavara.ar\\\/#organization\"},\"potentialAction\":[{\"@type\":\"SearchAction\",\"target\":{\"@type\":\"EntryPoint\",\"urlTemplate\":\"https:\\\/\\\/calzavara.ar\\\/?s={search_term_string}\"},\"query-input\":{\"@type\":\"PropertyValueSpecification\",\"valueRequired\":true,\"valueName\":\"search_term_string\"}}],\"inLanguage\":\"es\"},{\"@type\":\"Organization\",\"@id\":\"https:\\\/\\\/calzavara.ar\\\/#organization\",\"name\":\"CALZAVARA\",\"url\":\"https:\\\/\\\/calzavara.ar\\\/\",\"logo\":{\"@type\":\"ImageObject\",\"inLanguage\":\"es\",\"@id\":\"https:\\\/\\\/calzavara.ar\\\/#\\\/schema\\\/logo\\\/image\\\/\",\"url\":\"https:\\\/\\\/calzavara.ar\\\/wp-content\\\/uploads\\\/2025\\\/05\\\/CalzaLogoRedes.jpg\",\"contentUrl\":\"https:\\\/\\\/calzavara.ar\\\/wp-content\\\/uploads\\\/2025\\\/05\\\/CalzaLogoRedes.jpg\",\"width\":640,\"height\":640,\"caption\":\"CALZAVARA\"},\"image\":{\"@id\":\"https:\\\/\\\/calzavara.ar\\\/#\\\/schema\\\/logo\\\/image\\\/\"},\"sameAs\":[\"https:\\\/\\\/www.facebook.com\\\/calzavarasrl\",\"https:\\\/\\\/www.instagram.com\\\/calzavara_herrajes\",\"https:\\\/\\\/www.linkedin.com\\\/company\\\/calzavara\\\/\",\"https:\\\/\\\/www.youtube.com\\\/@calzavara3279\"]}]}<\/script>\n<!-- \/ Yoast SEO plugin. -->","yoast_head_json":{"title":"kit Corredizo MR 1535 Para Vidrio - CALZAVARA","robots":{"index":"index","follow":"follow","max-snippet":"max-snippet:-1","max-image-preview":"max-image-preview:large","max-video-preview":"max-video-preview:-1"},"canonical":"https:\/\/calzavara.ar\/index.php\/producto\/kit-corredizo-mr-1535-para-vidrio\/","og_locale":"es_ES","og_type":"article","og_title":"kit Corredizo MR 1535 Para Vidrio - CALZAVARA","og_description":"Sistema corredizo de 2 hojas para vidrio de 4 a 6 mm, hasta 20kg.","og_url":"https:\/\/calzavara.ar\/index.php\/producto\/kit-corredizo-mr-1535-para-vidrio\/","og_site_name":"CALZAVARA","article_publisher":"https:\/\/www.facebook.com\/calzavarasrl","article_modified_time":"2026-01-19T11:42:43+00:00","og_image":[{"width":730,"height":524,"url":"https:\/\/calzavara.ar\/wp-content\/uploads\/2023\/04\/43589-kit-corredizo-vidrio.webp","type":"image\/webp"}],"twitter_card":"summary_large_image","twitter_misc":{"Tiempo de lectura":"1 minuto"},"schema":{"@context":"https:\/\/schema.org","@graph":[{"@type":"WebPage","@id":"https:\/\/calzavara.ar\/index.php\/producto\/kit-corredizo-mr-1535-para-vidrio\/","url":"https:\/\/calzavara.ar\/index.php\/producto\/kit-corredizo-mr-1535-para-vidrio\/","name":"kit Corredizo MR 1535 Para Vidrio - CALZAVARA","isPartOf":{"@id":"https:\/\/calzavara.ar\/#website"},"primaryImageOfPage":{"@id":"https:\/\/calzavara.ar\/index.php\/producto\/kit-corredizo-mr-1535-para-vidrio\/#primaryimage"},"image":{"@id":"https:\/\/calzavara.ar\/index.php\/producto\/kit-corredizo-mr-1535-para-vidrio\/#primaryimage"},"thumbnailUrl":"https:\/\/calzavara.ar\/wp-content\/uploads\/2023\/04\/43589-kit-corredizo-vidrio.webp","datePublished":"2023-04-17T21:25:46+00:00","dateModified":"2026-01-19T11:42:43+00:00","breadcrumb":{"@id":"https:\/\/calzavara.ar\/index.php\/producto\/kit-corredizo-mr-1535-para-vidrio\/#breadcrumb"},"inLanguage":"es","potentialAction":[{"@type":"ReadAction","target":["https:\/\/calzavara.ar\/index.php\/producto\/kit-corredizo-mr-1535-para-vidrio\/"]}]},{"@type":"ImageObject","inLanguage":"es","@id":"https:\/\/calzavara.ar\/index.php\/producto\/kit-corredizo-mr-1535-para-vidrio\/#primaryimage","url":"https:\/\/calzavara.ar\/wp-content\/uploads\/2023\/04\/43589-kit-corredizo-vidrio.webp","contentUrl":"https:\/\/calzavara.ar\/wp-content\/uploads\/2023\/04\/43589-kit-corredizo-vidrio.webp","width":730,"height":524},{"@type":"BreadcrumbList","@id":"https:\/\/calzavara.ar\/index.php\/producto\/kit-corredizo-mr-1535-para-vidrio\/#breadcrumb","itemListElement":[{"@type":"ListItem","position":1,"name":"Portada","item":"https:\/\/calzavara.ar\/"},{"@type":"ListItem","position":2,"name":"Tienda","item":"https:\/\/calzavara.ar\/index.php\/tienda\/"},{"@type":"ListItem","position":3,"name":"kit Corredizo MR 1535 Para Vidrio"}]},{"@type":"WebSite","@id":"https:\/\/calzavara.ar\/#website","url":"https:\/\/calzavara.ar\/","name":"CALZAVARA","description":"Tienda Oficial CALZAVARA","publisher":{"@id":"https:\/\/calzavara.ar\/#organization"},"potentialAction":[{"@type":"SearchAction","target":{"@type":"EntryPoint","urlTemplate":"https:\/\/calzavara.ar\/?s={search_term_string}"},"query-input":{"@type":"PropertyValueSpecification","valueRequired":true,"valueName":"search_term_string"}}],"inLanguage":"es"},{"@type":"Organization","@id":"https:\/\/calzavara.ar\/#organization","name":"CALZAVARA","url":"https:\/\/calzavara.ar\/","logo":{"@type":"ImageObject","inLanguage":"es","@id":"https:\/\/calzavara.ar\/#\/schema\/logo\/image\/","url":"https:\/\/calzavara.ar\/wp-content\/uploads\/2025\/05\/CalzaLogoRedes.jpg","contentUrl":"https:\/\/calzavara.ar\/wp-content\/uploads\/2025\/05\/CalzaLogoRedes.jpg","width":640,"height":640,"caption":"CALZAVARA"},"image":{"@id":"https:\/\/calzavara.ar\/#\/schema\/logo\/image\/"},"sameAs":["https:\/\/www.facebook.com\/calzavarasrl","https:\/\/www.instagram.com\/calzavara_herrajes","https:\/\/www.linkedin.com\/company\/calzavara\/","https:\/\/www.youtube.com\/@calzavara3279"]}]}},"jetpack_sharing_enabled":true,"_links":{"self":[{"href":"https:\/\/calzavara.ar\/index.php\/wp-json\/wp\/v2\/product\/11426","targetHints":{"allow":["GET"]}}],"collection":[{"href":"https:\/\/calzavara.ar\/index.php\/wp-json\/wp\/v2\/product"}],"about":[{"href":"https:\/\/calzavara.ar\/index.php\/wp-json\/wp\/v2\/types\/product"}],"wp:featuredmedia":[{"embeddable":true,"href":"https:\/\/calzavara.ar\/index.php\/wp-json\/wp\/v2\/media\/11427"}],"wp:attachment":[{"href":"https:\/\/calzavara.ar\/index.php\/wp-json\/wp\/v2\/media?parent=11426"}],"wp:term":[{"taxonomy":"product_brand","embeddable":true,"href":"https:\/\/calzavara.ar\/index.php\/wp-json\/wp\/v2\/product_brand?post=11426"},{"taxonomy":"product_cat","embeddable":true,"href":"https:\/\/calzavara.ar\/index.php\/wp-json\/wp\/v2\/product_cat?post=11426"},{"taxonomy":"product_tag","embeddable":true,"href":"https:\/\/calzavara.ar\/index.php\/wp-json\/wp\/v2\/product_tag?post=11426"}],"curies":[{"name":"wp","href":"https:\/\/api.w.org\/{rel}","templated":true}]}}