{"id":11362,"date":"2023-04-14T18:41:30","date_gmt":"2023-04-14T21:41:30","guid":{"rendered":"https:\/\/calzavara.ar\/?post_type=product&#038;p=11362"},"modified":"2026-01-19T08:42:43","modified_gmt":"2026-01-19T11:42:43","slug":"bisagra-165-grados-hafele-casoleta-35mm","status":"publish","type":"product","link":"https:\/\/calzavara.ar\/index.php\/producto\/bisagra-165-grados-hafele-casoleta-35mm\/","title":{"rendered":"Bisagra 165 Grados Hafele Casoleta 35mm"},"content":{"rendered":"<p>Esta bisagra permite abrir las puertas con un angulo de apertura de 165\u00b0.<br \/>\n&#8211; Para armar una configuraci\u00f3n de mueble rinconero.<br \/>\n&#8211; Su \u00e1ngulo de apertura permite el uso de cajones o accesorios extra\u00edbles dentro del mueble.<br \/>\n&#8211; Sistema de doble acci\u00f3n que evita el golpe y la desregulaci\u00f3n de la puerta.<br \/>\n&#8211; Permite regular la puerta en tres dimensiones.<br \/>\n&#8211; Sistema slide-on, Dise\u00f1o que asegura el montaje de la puerta al cuerpo del mueble por deslizamiento.<br \/>\n&#8211; Testeado y garantizado en 40,000 ciclos de uso.<br \/>\n&#8211; Fabricada en acero laminado, terminaci\u00f3n superficial zincada,<br \/>\n&#8211; Resistencia a la corrosi\u00f3n en 48 hs, niebla salina,<\/p>\n<p>A tener en cuenta:<br \/>\n&#8211; Seg\u00fan el tama\u00f1o de la puerta depender\u00e1 la cantidad de bisagras por colocar.<br \/>\n&#8211; Requiere de un fresado de 35 mm de di\u00e1metro en la puerta.<br \/>\n&#8211; Para puertas con espesores entre 14 mm y 24 mm.<br \/>\n&#8211; Altura m\u00ednima de marco de puerta 45 mm.<\/p>\n<p>Material: Cazoleta y brazo articulado de acero<br \/>\n&#8211; Acabado: Niquelado<br \/>\n&#8211; Fijacion de la cazoleta : Para atornillar<br \/>\n&#8211; Montaje: Puerta montada en el armario con t\u00e9cnica de montaje r\u00e1pido SM<br \/>\n&#8211; Profundida del taladro: Cazoleta de la bisagra 12,0mm<br \/>\n&#8211; Posibilidad de ajuste: Ajuste latetal +- 1,5mm, ajuste de altura +-2mm (mediante placa de montaje)<br \/>\n&#8211; Montaje: Para encajar sistema clik<br \/>\n&#8211; Medida: 35mm<br \/>\n&#8211; Incluye base<\/p>\n<p>&nbsp;<\/p>\n","protected":false},"excerpt":{"rendered":"<p>Bisagra con apertura a 165 grados ideal para rinconeros.<\/p>\n","protected":false},"featured_media":11363,"template":"","meta":[],"product_brand":[],"product_cat":[84,72,97],"product_tag":[806,558,572,807],"class_list":{"0":"post-11362","1":"product","2":"type-product","3":"status-publish","4":"has-post-thumbnail","6":"product_cat-bisagras","7":"product_cat-herrajes","8":"product_cat-muebles","9":"product_tag-165-grados","10":"product_tag-bisagra","11":"product_tag-mueble","12":"product_tag-riconero","14":"first","15":"instock","16":"taxable","17":"shipping-taxable","18":"purchasable","19":"product-type-simple"},"yoast_head":"<!-- This site is optimized with the Yoast SEO plugin v27.3 - https:\/\/yoast.com\/product\/yoast-seo-wordpress\/ -->\n<title>Bisagra 165 Grados Hafele Casoleta 35mm - CALZAVARA<\/title>\n<meta name=\"robots\" content=\"index, follow, max-snippet:-1, max-image-preview:large, max-video-preview:-1\" \/>\n<link rel=\"canonical\" href=\"https:\/\/calzavara.ar\/index.php\/producto\/bisagra-165-grados-hafele-casoleta-35mm\/\" \/>\n<meta property=\"og:locale\" content=\"es_ES\" \/>\n<meta property=\"og:type\" content=\"article\" \/>\n<meta property=\"og:title\" content=\"Bisagra 165 Grados Hafele Casoleta 35mm - CALZAVARA\" \/>\n<meta property=\"og:description\" content=\"Bisagra con apertura a 165 grados ideal para rinconeros.\" \/>\n<meta property=\"og:url\" content=\"https:\/\/calzavara.ar\/index.php\/producto\/bisagra-165-grados-hafele-casoleta-35mm\/\" \/>\n<meta property=\"og:site_name\" content=\"CALZAVARA\" \/>\n<meta property=\"article:publisher\" content=\"https:\/\/www.facebook.com\/calzavarasrl\" \/>\n<meta property=\"article:modified_time\" content=\"2026-01-19T11:42:43+00:00\" \/>\n<meta property=\"og:image\" content=\"https:\/\/calzavara.ar\/wp-content\/uploads\/2023\/04\/44476-bisagra-165-grados.webp\" \/>\n\t<meta property=\"og:image:width\" content=\"1144\" \/>\n\t<meta property=\"og:image:height\" content=\"834\" \/>\n\t<meta property=\"og:image:type\" content=\"image\/webp\" \/>\n<meta name=\"twitter:card\" content=\"summary_large_image\" \/>\n<meta name=\"twitter:label1\" content=\"Tiempo de lectura\" \/>\n\t<meta name=\"twitter:data1\" content=\"1 minuto\" \/>\n<script type=\"application\/ld+json\" class=\"yoast-schema-graph\">{\"@context\":\"https:\\\/\\\/schema.org\",\"@graph\":[{\"@type\":\"WebPage\",\"@id\":\"https:\\\/\\\/calzavara.ar\\\/index.php\\\/producto\\\/bisagra-165-grados-hafele-casoleta-35mm\\\/\",\"url\":\"https:\\\/\\\/calzavara.ar\\\/index.php\\\/producto\\\/bisagra-165-grados-hafele-casoleta-35mm\\\/\",\"name\":\"Bisagra 165 Grados Hafele Casoleta 35mm - CALZAVARA\",\"isPartOf\":{\"@id\":\"https:\\\/\\\/calzavara.ar\\\/#website\"},\"primaryImageOfPage\":{\"@id\":\"https:\\\/\\\/calzavara.ar\\\/index.php\\\/producto\\\/bisagra-165-grados-hafele-casoleta-35mm\\\/#primaryimage\"},\"image\":{\"@id\":\"https:\\\/\\\/calzavara.ar\\\/index.php\\\/producto\\\/bisagra-165-grados-hafele-casoleta-35mm\\\/#primaryimage\"},\"thumbnailUrl\":\"https:\\\/\\\/calzavara.ar\\\/wp-content\\\/uploads\\\/2023\\\/04\\\/44476-bisagra-165-grados.webp\",\"datePublished\":\"2023-04-14T21:41:30+00:00\",\"dateModified\":\"2026-01-19T11:42:43+00:00\",\"breadcrumb\":{\"@id\":\"https:\\\/\\\/calzavara.ar\\\/index.php\\\/producto\\\/bisagra-165-grados-hafele-casoleta-35mm\\\/#breadcrumb\"},\"inLanguage\":\"es\",\"potentialAction\":[{\"@type\":\"ReadAction\",\"target\":[\"https:\\\/\\\/calzavara.ar\\\/index.php\\\/producto\\\/bisagra-165-grados-hafele-casoleta-35mm\\\/\"]}]},{\"@type\":\"ImageObject\",\"inLanguage\":\"es\",\"@id\":\"https:\\\/\\\/calzavara.ar\\\/index.php\\\/producto\\\/bisagra-165-grados-hafele-casoleta-35mm\\\/#primaryimage\",\"url\":\"https:\\\/\\\/calzavara.ar\\\/wp-content\\\/uploads\\\/2023\\\/04\\\/44476-bisagra-165-grados.webp\",\"contentUrl\":\"https:\\\/\\\/calzavara.ar\\\/wp-content\\\/uploads\\\/2023\\\/04\\\/44476-bisagra-165-grados.webp\",\"width\":1144,\"height\":834},{\"@type\":\"BreadcrumbList\",\"@id\":\"https:\\\/\\\/calzavara.ar\\\/index.php\\\/producto\\\/bisagra-165-grados-hafele-casoleta-35mm\\\/#breadcrumb\",\"itemListElement\":[{\"@type\":\"ListItem\",\"position\":1,\"name\":\"Portada\",\"item\":\"https:\\\/\\\/calzavara.ar\\\/\"},{\"@type\":\"ListItem\",\"position\":2,\"name\":\"Tienda\",\"item\":\"https:\\\/\\\/calzavara.ar\\\/index.php\\\/tienda\\\/\"},{\"@type\":\"ListItem\",\"position\":3,\"name\":\"Bisagra 165 Grados Hafele Casoleta 35mm\"}]},{\"@type\":\"WebSite\",\"@id\":\"https:\\\/\\\/calzavara.ar\\\/#website\",\"url\":\"https:\\\/\\\/calzavara.ar\\\/\",\"name\":\"CALZAVARA\",\"description\":\"Tienda Oficial CALZAVARA\",\"publisher\":{\"@id\":\"https:\\\/\\\/calzavara.ar\\\/#organization\"},\"potentialAction\":[{\"@type\":\"SearchAction\",\"target\":{\"@type\":\"EntryPoint\",\"urlTemplate\":\"https:\\\/\\\/calzavara.ar\\\/?s={search_term_string}\"},\"query-input\":{\"@type\":\"PropertyValueSpecification\",\"valueRequired\":true,\"valueName\":\"search_term_string\"}}],\"inLanguage\":\"es\"},{\"@type\":\"Organization\",\"@id\":\"https:\\\/\\\/calzavara.ar\\\/#organization\",\"name\":\"CALZAVARA\",\"url\":\"https:\\\/\\\/calzavara.ar\\\/\",\"logo\":{\"@type\":\"ImageObject\",\"inLanguage\":\"es\",\"@id\":\"https:\\\/\\\/calzavara.ar\\\/#\\\/schema\\\/logo\\\/image\\\/\",\"url\":\"https:\\\/\\\/calzavara.ar\\\/wp-content\\\/uploads\\\/2025\\\/05\\\/CalzaLogoRedes.jpg\",\"contentUrl\":\"https:\\\/\\\/calzavara.ar\\\/wp-content\\\/uploads\\\/2025\\\/05\\\/CalzaLogoRedes.jpg\",\"width\":640,\"height\":640,\"caption\":\"CALZAVARA\"},\"image\":{\"@id\":\"https:\\\/\\\/calzavara.ar\\\/#\\\/schema\\\/logo\\\/image\\\/\"},\"sameAs\":[\"https:\\\/\\\/www.facebook.com\\\/calzavarasrl\",\"https:\\\/\\\/www.instagram.com\\\/calzavara_herrajes\",\"https:\\\/\\\/www.linkedin.com\\\/company\\\/calzavara\\\/\",\"https:\\\/\\\/www.youtube.com\\\/@calzavara3279\"]}]}<\/script>\n<!-- \/ Yoast SEO plugin. -->","yoast_head_json":{"title":"Bisagra 165 Grados Hafele Casoleta 35mm - CALZAVARA","robots":{"index":"index","follow":"follow","max-snippet":"max-snippet:-1","max-image-preview":"max-image-preview:large","max-video-preview":"max-video-preview:-1"},"canonical":"https:\/\/calzavara.ar\/index.php\/producto\/bisagra-165-grados-hafele-casoleta-35mm\/","og_locale":"es_ES","og_type":"article","og_title":"Bisagra 165 Grados Hafele Casoleta 35mm - CALZAVARA","og_description":"Bisagra con apertura a 165 grados ideal para rinconeros.","og_url":"https:\/\/calzavara.ar\/index.php\/producto\/bisagra-165-grados-hafele-casoleta-35mm\/","og_site_name":"CALZAVARA","article_publisher":"https:\/\/www.facebook.com\/calzavarasrl","article_modified_time":"2026-01-19T11:42:43+00:00","og_image":[{"width":1144,"height":834,"url":"https:\/\/calzavara.ar\/wp-content\/uploads\/2023\/04\/44476-bisagra-165-grados.webp","type":"image\/webp"}],"twitter_card":"summary_large_image","twitter_misc":{"Tiempo de lectura":"1 minuto"},"schema":{"@context":"https:\/\/schema.org","@graph":[{"@type":"WebPage","@id":"https:\/\/calzavara.ar\/index.php\/producto\/bisagra-165-grados-hafele-casoleta-35mm\/","url":"https:\/\/calzavara.ar\/index.php\/producto\/bisagra-165-grados-hafele-casoleta-35mm\/","name":"Bisagra 165 Grados Hafele Casoleta 35mm - CALZAVARA","isPartOf":{"@id":"https:\/\/calzavara.ar\/#website"},"primaryImageOfPage":{"@id":"https:\/\/calzavara.ar\/index.php\/producto\/bisagra-165-grados-hafele-casoleta-35mm\/#primaryimage"},"image":{"@id":"https:\/\/calzavara.ar\/index.php\/producto\/bisagra-165-grados-hafele-casoleta-35mm\/#primaryimage"},"thumbnailUrl":"https:\/\/calzavara.ar\/wp-content\/uploads\/2023\/04\/44476-bisagra-165-grados.webp","datePublished":"2023-04-14T21:41:30+00:00","dateModified":"2026-01-19T11:42:43+00:00","breadcrumb":{"@id":"https:\/\/calzavara.ar\/index.php\/producto\/bisagra-165-grados-hafele-casoleta-35mm\/#breadcrumb"},"inLanguage":"es","potentialAction":[{"@type":"ReadAction","target":["https:\/\/calzavara.ar\/index.php\/producto\/bisagra-165-grados-hafele-casoleta-35mm\/"]}]},{"@type":"ImageObject","inLanguage":"es","@id":"https:\/\/calzavara.ar\/index.php\/producto\/bisagra-165-grados-hafele-casoleta-35mm\/#primaryimage","url":"https:\/\/calzavara.ar\/wp-content\/uploads\/2023\/04\/44476-bisagra-165-grados.webp","contentUrl":"https:\/\/calzavara.ar\/wp-content\/uploads\/2023\/04\/44476-bisagra-165-grados.webp","width":1144,"height":834},{"@type":"BreadcrumbList","@id":"https:\/\/calzavara.ar\/index.php\/producto\/bisagra-165-grados-hafele-casoleta-35mm\/#breadcrumb","itemListElement":[{"@type":"ListItem","position":1,"name":"Portada","item":"https:\/\/calzavara.ar\/"},{"@type":"ListItem","position":2,"name":"Tienda","item":"https:\/\/calzavara.ar\/index.php\/tienda\/"},{"@type":"ListItem","position":3,"name":"Bisagra 165 Grados Hafele Casoleta 35mm"}]},{"@type":"WebSite","@id":"https:\/\/calzavara.ar\/#website","url":"https:\/\/calzavara.ar\/","name":"CALZAVARA","description":"Tienda Oficial CALZAVARA","publisher":{"@id":"https:\/\/calzavara.ar\/#organization"},"potentialAction":[{"@type":"SearchAction","target":{"@type":"EntryPoint","urlTemplate":"https:\/\/calzavara.ar\/?s={search_term_string}"},"query-input":{"@type":"PropertyValueSpecification","valueRequired":true,"valueName":"search_term_string"}}],"inLanguage":"es"},{"@type":"Organization","@id":"https:\/\/calzavara.ar\/#organization","name":"CALZAVARA","url":"https:\/\/calzavara.ar\/","logo":{"@type":"ImageObject","inLanguage":"es","@id":"https:\/\/calzavara.ar\/#\/schema\/logo\/image\/","url":"https:\/\/calzavara.ar\/wp-content\/uploads\/2025\/05\/CalzaLogoRedes.jpg","contentUrl":"https:\/\/calzavara.ar\/wp-content\/uploads\/2025\/05\/CalzaLogoRedes.jpg","width":640,"height":640,"caption":"CALZAVARA"},"image":{"@id":"https:\/\/calzavara.ar\/#\/schema\/logo\/image\/"},"sameAs":["https:\/\/www.facebook.com\/calzavarasrl","https:\/\/www.instagram.com\/calzavara_herrajes","https:\/\/www.linkedin.com\/company\/calzavara\/","https:\/\/www.youtube.com\/@calzavara3279"]}]}},"jetpack_sharing_enabled":true,"_links":{"self":[{"href":"https:\/\/calzavara.ar\/index.php\/wp-json\/wp\/v2\/product\/11362","targetHints":{"allow":["GET"]}}],"collection":[{"href":"https:\/\/calzavara.ar\/index.php\/wp-json\/wp\/v2\/product"}],"about":[{"href":"https:\/\/calzavara.ar\/index.php\/wp-json\/wp\/v2\/types\/product"}],"wp:featuredmedia":[{"embeddable":true,"href":"https:\/\/calzavara.ar\/index.php\/wp-json\/wp\/v2\/media\/11363"}],"wp:attachment":[{"href":"https:\/\/calzavara.ar\/index.php\/wp-json\/wp\/v2\/media?parent=11362"}],"wp:term":[{"taxonomy":"product_brand","embeddable":true,"href":"https:\/\/calzavara.ar\/index.php\/wp-json\/wp\/v2\/product_brand?post=11362"},{"taxonomy":"product_cat","embeddable":true,"href":"https:\/\/calzavara.ar\/index.php\/wp-json\/wp\/v2\/product_cat?post=11362"},{"taxonomy":"product_tag","embeddable":true,"href":"https:\/\/calzavara.ar\/index.php\/wp-json\/wp\/v2\/product_tag?post=11362"}],"curies":[{"name":"wp","href":"https:\/\/api.w.org\/{rel}","templated":true}]}}