{"id":11347,"date":"2023-04-14T11:53:52","date_gmt":"2023-04-14T14:53:52","guid":{"rendered":"https:\/\/calzavara.ar\/?post_type=product&#038;p=11347"},"modified":"2026-01-19T08:42:43","modified_gmt":"2026-01-19T11:42:43","slug":"bisagra-cazoleta-35mm-codo-0-con-clip-hafele","status":"publish","type":"product","link":"https:\/\/calzavara.ar\/index.php\/producto\/bisagra-cazoleta-35mm-codo-0-con-clip-hafele\/","title":{"rendered":"Bisagra Cazoleta 35mm Codo 0 con Clip Hafele"},"content":{"rendered":"<p>Bisagra cazoleta de 35mm codo 0 marca Hafele con Clip.<\/p>\n<p>La bisagra de cazoleta se utiliza para puertas de muebles de madera o con marcos de aluminio y queda oculta al cerrar la puerta. Con sistema de Clip lo que permite una sencilla y practica instalaci\u00f3n como tambi\u00e9n la facilidad de quitar la puerta con tan solo presionando el clip. Para su instalaci\u00f3n requiere la hoja frezada para alojar la cazoleta de 35 mm .<br \/>\nPermite la apertura de las hojas hasta 110\u00ba.<\/p>\n<p>A tener en cuenta:<br \/>\n&#8211; Seg\u00fan el tama\u00f1o de la puerta depender\u00e1 la cantidad de<br \/>\nbisagras a colocar.\u00a0 \u00a0 \u00a0 \u00a0 \u00a0 \u00a0 \u00a0 \u00a0 \u00a0 \u00a0 \u00a0 \u00a0 \u00a0 \u00a0 \u00a0 \u00a0 \u00a0 \u00a0 \u00a0 \u00a0 \u00a0 \u00a0 \u00a0 \u00a0 \u00a0 \u00a0 \u00a0 \u00a0 \u00a0 \u00a0 \u00a0 \u00a0 \u00a0 \u00a0 \u00a0 \u00a0 \u00a0 \u00a0 \u00a0 \u00a0 \u00a0 \u00a0 \u00a0 \u00a0 \u00a0 \u00a0 \u00a0 \u00a0 \u00a0 \u00a0 \u00a0 \u00a0 \u00a0 \u00a0 \u00a0 \u00a0 \u00a0 \u00a0 \u00a0 \u00a0 \u00a0 \u00a0 \u00a0 \u00a0 \u00a0 \u00a0 \u00a0 \u00a0 \u00a0 \u00a0 \u00a0 \u00a0 \u00a0 \u00a0 \u00a0 \u00a0 \u00a0 \u00a0&#8211; Segun la ubicaci\u00f3n de la puerta va a depender\u00a0 el codo a utilizar.\u00a0 \u00a0 \u00a0 \u00a0 \u00a0 \u00a0 \u00a0 \u00a0 \u00a0 \u00a0 \u00a0 \u00a0 \u00a0 \u00a0 \u00a0 \u00a0 \u00a0 \u00a0 \u00a0 \u00a0 \u00a0 \u00a0 \u00a0 \u00a0 \u00a0 \u00a0 \u00a0 \u00a0 \u00a0 \u00a0 \u00a0 \u00a0 \u00a0 \u00a0 \u00a0 &#8211; Requiere de un fresado de 35 mm de di\u00e1metro en la puerta.<br \/>\n&#8211; Para puertas con espesores entre 12 mm y 22 mm.<br \/>\n&#8211; Altura m\u00ednima de marco de puerta 45 mm.<\/p>\n<p>Diferencia de montajes seg\u00fan modelos:<br \/>\n\u00b0 CODO 0: brazo de bisagra recto (cuando la puerta se cierra,<br \/>\nmonta totalmente el canto del mueble)<br \/>\n\u00b0 CODO 9: brazo de bisagra acodado (cuando la puerta se cierra,<br \/>\nmonta la mitad el canto del mueble)<br \/>\n\u00b0 CODO 18: brazo de bisagra superacodado (cuando la puerta se cierra,<br \/>\nqueda embutida enrasada al lateral del mueble)<\/p>\n<p>&nbsp;<\/p>\n<p>&nbsp;<\/p>\n","protected":false},"excerpt":{"rendered":"<p>Bisagra para muebles cazoleta 35mm codo 0 marca Hafele.<\/p>\n","protected":false},"featured_media":11349,"template":"","meta":[],"product_brand":[],"product_cat":[84,101,97],"product_tag":[804,429,805],"class_list":{"0":"post-11347","1":"product","2":"type-product","3":"status-publish","4":"has-post-thumbnail","6":"product_cat-bisagras","7":"product_cat-bisagras-muebles","8":"product_cat-muebles","9":"product_tag-bisagra-cozoleta","10":"product_tag-hafele","11":"product_tag-mueble-de-cocina","13":"first","14":"instock","15":"taxable","16":"shipping-taxable","17":"purchasable","18":"product-type-simple"},"yoast_head":"<!-- This site is optimized with the Yoast SEO plugin v27.2 - https:\/\/yoast.com\/product\/yoast-seo-wordpress\/ -->\n<title>Bisagra Cazoleta 35mm Codo 0 con Clip Hafele - CALZAVARA<\/title>\n<meta name=\"robots\" content=\"index, follow, max-snippet:-1, max-image-preview:large, max-video-preview:-1\" \/>\n<link rel=\"canonical\" href=\"https:\/\/calzavara.ar\/index.php\/producto\/bisagra-cazoleta-35mm-codo-0-con-clip-hafele\/\" \/>\n<meta property=\"og:locale\" content=\"es_ES\" \/>\n<meta property=\"og:type\" content=\"article\" \/>\n<meta property=\"og:title\" content=\"Bisagra Cazoleta 35mm Codo 0 con Clip Hafele - CALZAVARA\" \/>\n<meta property=\"og:description\" content=\"Bisagra para muebles cazoleta 35mm codo 0 marca Hafele.\" \/>\n<meta property=\"og:url\" content=\"https:\/\/calzavara.ar\/index.php\/producto\/bisagra-cazoleta-35mm-codo-0-con-clip-hafele\/\" \/>\n<meta property=\"og:site_name\" content=\"CALZAVARA\" \/>\n<meta property=\"article:publisher\" content=\"https:\/\/www.facebook.com\/calzavarasrl\" \/>\n<meta property=\"article:modified_time\" content=\"2026-01-19T11:42:43+00:00\" \/>\n<meta property=\"og:image\" content=\"https:\/\/calzavara.ar\/wp-content\/uploads\/2023\/04\/44175-bisagra-cazoleta-recta.webp\" \/>\n\t<meta property=\"og:image:width\" content=\"616\" \/>\n\t<meta property=\"og:image:height\" content=\"624\" \/>\n\t<meta property=\"og:image:type\" content=\"image\/webp\" \/>\n<meta name=\"twitter:card\" content=\"summary_large_image\" \/>\n<meta name=\"twitter:label1\" content=\"Tiempo de lectura\" \/>\n\t<meta name=\"twitter:data1\" content=\"1 minuto\" \/>\n<script type=\"application\/ld+json\" class=\"yoast-schema-graph\">{\"@context\":\"https:\/\/schema.org\",\"@graph\":[{\"@type\":\"WebPage\",\"@id\":\"https:\/\/calzavara.ar\/index.php\/producto\/bisagra-cazoleta-35mm-codo-0-con-clip-hafele\/\",\"url\":\"https:\/\/calzavara.ar\/index.php\/producto\/bisagra-cazoleta-35mm-codo-0-con-clip-hafele\/\",\"name\":\"Bisagra Cazoleta 35mm Codo 0 con Clip Hafele - CALZAVARA\",\"isPartOf\":{\"@id\":\"https:\/\/calzavara.ar\/#website\"},\"primaryImageOfPage\":{\"@id\":\"https:\/\/calzavara.ar\/index.php\/producto\/bisagra-cazoleta-35mm-codo-0-con-clip-hafele\/#primaryimage\"},\"image\":{\"@id\":\"https:\/\/calzavara.ar\/index.php\/producto\/bisagra-cazoleta-35mm-codo-0-con-clip-hafele\/#primaryimage\"},\"thumbnailUrl\":\"https:\/\/calzavara.ar\/wp-content\/uploads\/2023\/04\/44175-bisagra-cazoleta-recta.webp\",\"datePublished\":\"2023-04-14T14:53:52+00:00\",\"dateModified\":\"2026-01-19T11:42:43+00:00\",\"breadcrumb\":{\"@id\":\"https:\/\/calzavara.ar\/index.php\/producto\/bisagra-cazoleta-35mm-codo-0-con-clip-hafele\/#breadcrumb\"},\"inLanguage\":\"es\",\"potentialAction\":[{\"@type\":\"ReadAction\",\"target\":[\"https:\/\/calzavara.ar\/index.php\/producto\/bisagra-cazoleta-35mm-codo-0-con-clip-hafele\/\"]}]},{\"@type\":\"ImageObject\",\"inLanguage\":\"es\",\"@id\":\"https:\/\/calzavara.ar\/index.php\/producto\/bisagra-cazoleta-35mm-codo-0-con-clip-hafele\/#primaryimage\",\"url\":\"https:\/\/calzavara.ar\/wp-content\/uploads\/2023\/04\/44175-bisagra-cazoleta-recta.webp\",\"contentUrl\":\"https:\/\/calzavara.ar\/wp-content\/uploads\/2023\/04\/44175-bisagra-cazoleta-recta.webp\",\"width\":616,\"height\":624},{\"@type\":\"BreadcrumbList\",\"@id\":\"https:\/\/calzavara.ar\/index.php\/producto\/bisagra-cazoleta-35mm-codo-0-con-clip-hafele\/#breadcrumb\",\"itemListElement\":[{\"@type\":\"ListItem\",\"position\":1,\"name\":\"Portada\",\"item\":\"https:\/\/calzavara.ar\/\"},{\"@type\":\"ListItem\",\"position\":2,\"name\":\"Tienda\",\"item\":\"https:\/\/calzavara.ar\/index.php\/tienda\/\"},{\"@type\":\"ListItem\",\"position\":3,\"name\":\"Bisagra Cazoleta 35mm Codo 0 con Clip Hafele\"}]},{\"@type\":\"WebSite\",\"@id\":\"https:\/\/calzavara.ar\/#website\",\"url\":\"https:\/\/calzavara.ar\/\",\"name\":\"CALZAVARA\",\"description\":\"Tienda Oficial CALZAVARA\",\"publisher\":{\"@id\":\"https:\/\/calzavara.ar\/#organization\"},\"potentialAction\":[{\"@type\":\"SearchAction\",\"target\":{\"@type\":\"EntryPoint\",\"urlTemplate\":\"https:\/\/calzavara.ar\/?s={search_term_string}\"},\"query-input\":{\"@type\":\"PropertyValueSpecification\",\"valueRequired\":true,\"valueName\":\"search_term_string\"}}],\"inLanguage\":\"es\"},{\"@type\":\"Organization\",\"@id\":\"https:\/\/calzavara.ar\/#organization\",\"name\":\"CALZAVARA\",\"url\":\"https:\/\/calzavara.ar\/\",\"logo\":{\"@type\":\"ImageObject\",\"inLanguage\":\"es\",\"@id\":\"https:\/\/calzavara.ar\/#\/schema\/logo\/image\/\",\"url\":\"https:\/\/calzavara.ar\/wp-content\/uploads\/2025\/05\/CalzaLogoRedes.jpg\",\"contentUrl\":\"https:\/\/calzavara.ar\/wp-content\/uploads\/2025\/05\/CalzaLogoRedes.jpg\",\"width\":640,\"height\":640,\"caption\":\"CALZAVARA\"},\"image\":{\"@id\":\"https:\/\/calzavara.ar\/#\/schema\/logo\/image\/\"},\"sameAs\":[\"https:\/\/www.facebook.com\/calzavarasrl\",\"https:\/\/www.instagram.com\/calzavara_herrajes\",\"https:\/\/www.linkedin.com\/company\/calzavara\/\",\"https:\/\/www.youtube.com\/@calzavara3279\"]}]}<\/script>\n<!-- \/ Yoast SEO plugin. -->","yoast_head_json":{"title":"Bisagra Cazoleta 35mm Codo 0 con Clip Hafele - CALZAVARA","robots":{"index":"index","follow":"follow","max-snippet":"max-snippet:-1","max-image-preview":"max-image-preview:large","max-video-preview":"max-video-preview:-1"},"canonical":"https:\/\/calzavara.ar\/index.php\/producto\/bisagra-cazoleta-35mm-codo-0-con-clip-hafele\/","og_locale":"es_ES","og_type":"article","og_title":"Bisagra Cazoleta 35mm Codo 0 con Clip Hafele - CALZAVARA","og_description":"Bisagra para muebles cazoleta 35mm codo 0 marca Hafele.","og_url":"https:\/\/calzavara.ar\/index.php\/producto\/bisagra-cazoleta-35mm-codo-0-con-clip-hafele\/","og_site_name":"CALZAVARA","article_publisher":"https:\/\/www.facebook.com\/calzavarasrl","article_modified_time":"2026-01-19T11:42:43+00:00","og_image":[{"width":616,"height":624,"url":"https:\/\/calzavara.ar\/wp-content\/uploads\/2023\/04\/44175-bisagra-cazoleta-recta.webp","type":"image\/webp"}],"twitter_card":"summary_large_image","twitter_misc":{"Tiempo de lectura":"1 minuto"},"schema":{"@context":"https:\/\/schema.org","@graph":[{"@type":"WebPage","@id":"https:\/\/calzavara.ar\/index.php\/producto\/bisagra-cazoleta-35mm-codo-0-con-clip-hafele\/","url":"https:\/\/calzavara.ar\/index.php\/producto\/bisagra-cazoleta-35mm-codo-0-con-clip-hafele\/","name":"Bisagra Cazoleta 35mm Codo 0 con Clip Hafele - CALZAVARA","isPartOf":{"@id":"https:\/\/calzavara.ar\/#website"},"primaryImageOfPage":{"@id":"https:\/\/calzavara.ar\/index.php\/producto\/bisagra-cazoleta-35mm-codo-0-con-clip-hafele\/#primaryimage"},"image":{"@id":"https:\/\/calzavara.ar\/index.php\/producto\/bisagra-cazoleta-35mm-codo-0-con-clip-hafele\/#primaryimage"},"thumbnailUrl":"https:\/\/calzavara.ar\/wp-content\/uploads\/2023\/04\/44175-bisagra-cazoleta-recta.webp","datePublished":"2023-04-14T14:53:52+00:00","dateModified":"2026-01-19T11:42:43+00:00","breadcrumb":{"@id":"https:\/\/calzavara.ar\/index.php\/producto\/bisagra-cazoleta-35mm-codo-0-con-clip-hafele\/#breadcrumb"},"inLanguage":"es","potentialAction":[{"@type":"ReadAction","target":["https:\/\/calzavara.ar\/index.php\/producto\/bisagra-cazoleta-35mm-codo-0-con-clip-hafele\/"]}]},{"@type":"ImageObject","inLanguage":"es","@id":"https:\/\/calzavara.ar\/index.php\/producto\/bisagra-cazoleta-35mm-codo-0-con-clip-hafele\/#primaryimage","url":"https:\/\/calzavara.ar\/wp-content\/uploads\/2023\/04\/44175-bisagra-cazoleta-recta.webp","contentUrl":"https:\/\/calzavara.ar\/wp-content\/uploads\/2023\/04\/44175-bisagra-cazoleta-recta.webp","width":616,"height":624},{"@type":"BreadcrumbList","@id":"https:\/\/calzavara.ar\/index.php\/producto\/bisagra-cazoleta-35mm-codo-0-con-clip-hafele\/#breadcrumb","itemListElement":[{"@type":"ListItem","position":1,"name":"Portada","item":"https:\/\/calzavara.ar\/"},{"@type":"ListItem","position":2,"name":"Tienda","item":"https:\/\/calzavara.ar\/index.php\/tienda\/"},{"@type":"ListItem","position":3,"name":"Bisagra Cazoleta 35mm Codo 0 con Clip Hafele"}]},{"@type":"WebSite","@id":"https:\/\/calzavara.ar\/#website","url":"https:\/\/calzavara.ar\/","name":"CALZAVARA","description":"Tienda Oficial CALZAVARA","publisher":{"@id":"https:\/\/calzavara.ar\/#organization"},"potentialAction":[{"@type":"SearchAction","target":{"@type":"EntryPoint","urlTemplate":"https:\/\/calzavara.ar\/?s={search_term_string}"},"query-input":{"@type":"PropertyValueSpecification","valueRequired":true,"valueName":"search_term_string"}}],"inLanguage":"es"},{"@type":"Organization","@id":"https:\/\/calzavara.ar\/#organization","name":"CALZAVARA","url":"https:\/\/calzavara.ar\/","logo":{"@type":"ImageObject","inLanguage":"es","@id":"https:\/\/calzavara.ar\/#\/schema\/logo\/image\/","url":"https:\/\/calzavara.ar\/wp-content\/uploads\/2025\/05\/CalzaLogoRedes.jpg","contentUrl":"https:\/\/calzavara.ar\/wp-content\/uploads\/2025\/05\/CalzaLogoRedes.jpg","width":640,"height":640,"caption":"CALZAVARA"},"image":{"@id":"https:\/\/calzavara.ar\/#\/schema\/logo\/image\/"},"sameAs":["https:\/\/www.facebook.com\/calzavarasrl","https:\/\/www.instagram.com\/calzavara_herrajes","https:\/\/www.linkedin.com\/company\/calzavara\/","https:\/\/www.youtube.com\/@calzavara3279"]}]}},"jetpack_sharing_enabled":true,"_links":{"self":[{"href":"https:\/\/calzavara.ar\/index.php\/wp-json\/wp\/v2\/product\/11347","targetHints":{"allow":["GET"]}}],"collection":[{"href":"https:\/\/calzavara.ar\/index.php\/wp-json\/wp\/v2\/product"}],"about":[{"href":"https:\/\/calzavara.ar\/index.php\/wp-json\/wp\/v2\/types\/product"}],"wp:featuredmedia":[{"embeddable":true,"href":"https:\/\/calzavara.ar\/index.php\/wp-json\/wp\/v2\/media\/11349"}],"wp:attachment":[{"href":"https:\/\/calzavara.ar\/index.php\/wp-json\/wp\/v2\/media?parent=11347"}],"wp:term":[{"taxonomy":"product_brand","embeddable":true,"href":"https:\/\/calzavara.ar\/index.php\/wp-json\/wp\/v2\/product_brand?post=11347"},{"taxonomy":"product_cat","embeddable":true,"href":"https:\/\/calzavara.ar\/index.php\/wp-json\/wp\/v2\/product_cat?post=11347"},{"taxonomy":"product_tag","embeddable":true,"href":"https:\/\/calzavara.ar\/index.php\/wp-json\/wp\/v2\/product_tag?post=11347"}],"curies":[{"name":"wp","href":"https:\/\/api.w.org\/{rel}","templated":true}]}}