{"id":11051,"date":"2022-12-22T15:33:03","date_gmt":"2022-12-22T18:33:03","guid":{"rendered":"https:\/\/calzavara.ar\/?post_type=product&#038;p=11051"},"modified":"2026-01-19T08:42:40","modified_gmt":"2026-01-19T11:42:40","slug":"silicona-sellador-neutra-multiuso-260-ml-fischer","status":"publish","type":"product","link":"https:\/\/calzavara.ar\/index.php\/producto\/silicona-sellador-neutra-multiuso-260-ml-fischer\/","title":{"rendered":"Silicona Sellador Neutra Multiuso 260 Ml Fischer"},"content":{"rendered":"<p>La silicona para la construcci\u00f3n mas vers\u00e1til y efectiva!<br \/>\nSella y adhiere! Con fungicida.<\/p>\n<p>Adecuado en materiales de construcci\u00f3n como:<br \/>\n-Hormig\u00f3n -Cromo -Acero inoxidable -Metales anodizados -Esmalte -Epoxy -Azulejos -Cristales -Madera pintada -PVC -Cer\u00e1micos -Cobre -Mamposter\u00eda -Lat\u00f3n -Polyester -Acr\u00edlico sanitario -Acero -Zinc<\/p>\n<p>APLICACIONES<br \/>\n-Juntas de uni\u00f3n y de dilataci\u00f3n en la construcci\u00f3n.<br \/>\n-Juntas de uni\u00f3n en puertas y ventanas.<br \/>\n-Sellado de fachadas, paneles y estructuras met\u00e1licas.<br \/>\n-Juntas de uni\u00f3n en cocinas, \u00e1reas sanitarias e instalaciones diversas.<br \/>\n-Juntas de conexi\u00f3n y expansi\u00f3n en la construcci\u00f3n (ventanas, puertas, fachadas, c\u00fapulas)<br \/>\n-Vidriados.<br \/>\n-Juntas de movimiento y conexi\u00f3n en cocinas, \u00e1reas sanitarias e instalaciones.<br \/>\n-Fijaci\u00f3n de espejos (versi\u00f3n transparente)<br \/>\n-Sellado en la construcci\u00f3n de m\u00e1quinas, contenedores y aparatos.<\/p>\n<p>VENTAJAS Y BENEFICIOS<br \/>\n-Adecuada para m\u00faltiples aplicaciones en la construcci\u00f3n y en el sector industrial, ofreciendo por lo tanto un alto nivel de flexibilidad y seguridad funcional.<br \/>\n-Material altamente el\u00e1stico, que admite una deformaci\u00f3n m\u00e1xima de trabajo de hasta un 25%. Por esta raz\u00f3n es ideal para usar en juntas de uni\u00f3n y dilataci\u00f3n, garantizando uniones duraderas.<br \/>\n-Al no ser corrosivo, es ideal para materiales con cobre o en superficies zincadas. Esto significa que puede ser utilizada sin problemas en procesos industriales con metales.<br \/>\n-Tiene poco olor, por lo tanto resulta ideal en espacios cerrados.<br \/>\n-Se aplica y alisa con facilidad permitiendo un trabajo eficiente y juntas simples en poco tiempo.<br \/>\n-La elevada resistencia al desgaste le brinda un alto nivel de protecci\u00f3n a la superficie al limpiar asegurando un aspecto perfecto a largo plazo.<\/p>\n<p>CARACTER\u00cdSTICAS:<br \/>\n-Composici\u00f3n: Pol\u00edmero de Silicona, Silica, Biocina y Silano<br \/>\n-Poco olor.<br \/>\n-Forma piel en aproximadamente 5 minutos.<br \/>\n-Tiempo de secado superficial: aprox. 10 minutos.<br \/>\n-Temperatura de trabajo desde +5\u00b0C hasta +40\u00b0C.<br \/>\n-Resiste temperaturas desde -60\u00b0C hasta +180\u00b0C.<br \/>\n-Dureza Shore A:25.<br \/>\n-No es corrosiva.<br \/>\n-Muy buena resistencia a la intemperie, envejecimiento y UV.<br \/>\n-No es pintable.<br \/>\n-No se Recomienda su uso en juntas sumergidas<br \/>\n-Resistente a fricci\u00f3n y rayaduras.<\/p>\n<p>Presentaci\u00f3n: Cartucho<br \/>\nContenido: 260ml<br \/>\nColor: GRIS<br \/>\nMarca: Fischer<\/p>\n","protected":false},"excerpt":{"rendered":"<p>La silicona para la construcci\u00f3n mas vers\u00e1til y efectiva! Sella y adhiere! Con fungicida. Adecuado en materiales de construcci\u00f3n como:<\/p>\n","protected":false},"featured_media":11052,"template":"","meta":[],"product_brand":[],"product_cat":[69],"product_tag":[286,738,405,402],"class_list":{"0":"post-11051","1":"product","2":"type-product","3":"status-publish","4":"has-post-thumbnail","6":"product_cat-adhesivosselladores","7":"product_tag-fischer","8":"product_tag-neutra","9":"product_tag-sellador","10":"product_tag-silicona","12":"first","13":"outofstock","14":"taxable","15":"shipping-taxable","16":"product-type-simple"},"yoast_head":"<!-- This site is optimized with the Yoast SEO plugin v27.2 - https:\/\/yoast.com\/product\/yoast-seo-wordpress\/ -->\n<title>Silicona Sellador Neutra Multiuso 260 Ml Fischer - CALZAVARA<\/title>\n<meta name=\"robots\" content=\"index, follow, max-snippet:-1, max-image-preview:large, max-video-preview:-1\" \/>\n<link rel=\"canonical\" href=\"https:\/\/calzavara.ar\/index.php\/producto\/silicona-sellador-neutra-multiuso-260-ml-fischer\/\" \/>\n<meta property=\"og:locale\" content=\"es_ES\" \/>\n<meta property=\"og:type\" content=\"article\" \/>\n<meta property=\"og:title\" content=\"Silicona Sellador Neutra Multiuso 260 Ml Fischer - CALZAVARA\" \/>\n<meta property=\"og:description\" content=\"La silicona para la construcci\u00f3n mas vers\u00e1til y efectiva! Sella y adhiere! Con fungicida. Adecuado en materiales de construcci\u00f3n como:\" \/>\n<meta property=\"og:url\" content=\"https:\/\/calzavara.ar\/index.php\/producto\/silicona-sellador-neutra-multiuso-260-ml-fischer\/\" \/>\n<meta property=\"og:site_name\" content=\"CALZAVARA\" \/>\n<meta property=\"article:publisher\" content=\"https:\/\/www.facebook.com\/calzavarasrl\" \/>\n<meta property=\"article:modified_time\" content=\"2026-01-19T11:42:40+00:00\" \/>\n<meta property=\"og:image\" content=\"https:\/\/calzavara.ar\/wp-content\/uploads\/2022\/12\/11000.jpg\" \/>\n\t<meta property=\"og:image:width\" content=\"1200\" \/>\n\t<meta property=\"og:image:height\" content=\"1200\" \/>\n\t<meta property=\"og:image:type\" content=\"image\/jpeg\" \/>\n<meta name=\"twitter:card\" content=\"summary_large_image\" \/>\n<meta name=\"twitter:label1\" content=\"Tiempo de lectura\" \/>\n\t<meta name=\"twitter:data1\" content=\"2 minutos\" \/>\n<script type=\"application\/ld+json\" class=\"yoast-schema-graph\">{\"@context\":\"https:\/\/schema.org\",\"@graph\":[{\"@type\":\"WebPage\",\"@id\":\"https:\/\/calzavara.ar\/index.php\/producto\/silicona-sellador-neutra-multiuso-260-ml-fischer\/\",\"url\":\"https:\/\/calzavara.ar\/index.php\/producto\/silicona-sellador-neutra-multiuso-260-ml-fischer\/\",\"name\":\"Silicona Sellador Neutra Multiuso 260 Ml Fischer - CALZAVARA\",\"isPartOf\":{\"@id\":\"https:\/\/calzavara.ar\/#website\"},\"primaryImageOfPage\":{\"@id\":\"https:\/\/calzavara.ar\/index.php\/producto\/silicona-sellador-neutra-multiuso-260-ml-fischer\/#primaryimage\"},\"image\":{\"@id\":\"https:\/\/calzavara.ar\/index.php\/producto\/silicona-sellador-neutra-multiuso-260-ml-fischer\/#primaryimage\"},\"thumbnailUrl\":\"https:\/\/calzavara.ar\/wp-content\/uploads\/2022\/12\/11000.jpg\",\"datePublished\":\"2022-12-22T18:33:03+00:00\",\"dateModified\":\"2026-01-19T11:42:40+00:00\",\"breadcrumb\":{\"@id\":\"https:\/\/calzavara.ar\/index.php\/producto\/silicona-sellador-neutra-multiuso-260-ml-fischer\/#breadcrumb\"},\"inLanguage\":\"es\",\"potentialAction\":[{\"@type\":\"ReadAction\",\"target\":[\"https:\/\/calzavara.ar\/index.php\/producto\/silicona-sellador-neutra-multiuso-260-ml-fischer\/\"]}]},{\"@type\":\"ImageObject\",\"inLanguage\":\"es\",\"@id\":\"https:\/\/calzavara.ar\/index.php\/producto\/silicona-sellador-neutra-multiuso-260-ml-fischer\/#primaryimage\",\"url\":\"https:\/\/calzavara.ar\/wp-content\/uploads\/2022\/12\/11000.jpg\",\"contentUrl\":\"https:\/\/calzavara.ar\/wp-content\/uploads\/2022\/12\/11000.jpg\",\"width\":1200,\"height\":1200},{\"@type\":\"BreadcrumbList\",\"@id\":\"https:\/\/calzavara.ar\/index.php\/producto\/silicona-sellador-neutra-multiuso-260-ml-fischer\/#breadcrumb\",\"itemListElement\":[{\"@type\":\"ListItem\",\"position\":1,\"name\":\"Portada\",\"item\":\"https:\/\/calzavara.ar\/\"},{\"@type\":\"ListItem\",\"position\":2,\"name\":\"Tienda\",\"item\":\"https:\/\/calzavara.ar\/index.php\/tienda\/\"},{\"@type\":\"ListItem\",\"position\":3,\"name\":\"Silicona Sellador Neutra Multiuso 260 Ml Fischer\"}]},{\"@type\":\"WebSite\",\"@id\":\"https:\/\/calzavara.ar\/#website\",\"url\":\"https:\/\/calzavara.ar\/\",\"name\":\"CALZAVARA\",\"description\":\"Tienda Oficial CALZAVARA\",\"publisher\":{\"@id\":\"https:\/\/calzavara.ar\/#organization\"},\"potentialAction\":[{\"@type\":\"SearchAction\",\"target\":{\"@type\":\"EntryPoint\",\"urlTemplate\":\"https:\/\/calzavara.ar\/?s={search_term_string}\"},\"query-input\":{\"@type\":\"PropertyValueSpecification\",\"valueRequired\":true,\"valueName\":\"search_term_string\"}}],\"inLanguage\":\"es\"},{\"@type\":\"Organization\",\"@id\":\"https:\/\/calzavara.ar\/#organization\",\"name\":\"CALZAVARA\",\"url\":\"https:\/\/calzavara.ar\/\",\"logo\":{\"@type\":\"ImageObject\",\"inLanguage\":\"es\",\"@id\":\"https:\/\/calzavara.ar\/#\/schema\/logo\/image\/\",\"url\":\"https:\/\/calzavara.ar\/wp-content\/uploads\/2025\/05\/CalzaLogoRedes.jpg\",\"contentUrl\":\"https:\/\/calzavara.ar\/wp-content\/uploads\/2025\/05\/CalzaLogoRedes.jpg\",\"width\":640,\"height\":640,\"caption\":\"CALZAVARA\"},\"image\":{\"@id\":\"https:\/\/calzavara.ar\/#\/schema\/logo\/image\/\"},\"sameAs\":[\"https:\/\/www.facebook.com\/calzavarasrl\",\"https:\/\/www.instagram.com\/calzavara_herrajes\",\"https:\/\/www.linkedin.com\/company\/calzavara\/\",\"https:\/\/www.youtube.com\/@calzavara3279\"]}]}<\/script>\n<!-- \/ Yoast SEO plugin. -->","yoast_head_json":{"title":"Silicona Sellador Neutra Multiuso 260 Ml Fischer - CALZAVARA","robots":{"index":"index","follow":"follow","max-snippet":"max-snippet:-1","max-image-preview":"max-image-preview:large","max-video-preview":"max-video-preview:-1"},"canonical":"https:\/\/calzavara.ar\/index.php\/producto\/silicona-sellador-neutra-multiuso-260-ml-fischer\/","og_locale":"es_ES","og_type":"article","og_title":"Silicona Sellador Neutra Multiuso 260 Ml Fischer - CALZAVARA","og_description":"La silicona para la construcci\u00f3n mas vers\u00e1til y efectiva! Sella y adhiere! Con fungicida. Adecuado en materiales de construcci\u00f3n como:","og_url":"https:\/\/calzavara.ar\/index.php\/producto\/silicona-sellador-neutra-multiuso-260-ml-fischer\/","og_site_name":"CALZAVARA","article_publisher":"https:\/\/www.facebook.com\/calzavarasrl","article_modified_time":"2026-01-19T11:42:40+00:00","og_image":[{"width":1200,"height":1200,"url":"https:\/\/calzavara.ar\/wp-content\/uploads\/2022\/12\/11000.jpg","type":"image\/jpeg"}],"twitter_card":"summary_large_image","twitter_misc":{"Tiempo de lectura":"2 minutos"},"schema":{"@context":"https:\/\/schema.org","@graph":[{"@type":"WebPage","@id":"https:\/\/calzavara.ar\/index.php\/producto\/silicona-sellador-neutra-multiuso-260-ml-fischer\/","url":"https:\/\/calzavara.ar\/index.php\/producto\/silicona-sellador-neutra-multiuso-260-ml-fischer\/","name":"Silicona Sellador Neutra Multiuso 260 Ml Fischer - CALZAVARA","isPartOf":{"@id":"https:\/\/calzavara.ar\/#website"},"primaryImageOfPage":{"@id":"https:\/\/calzavara.ar\/index.php\/producto\/silicona-sellador-neutra-multiuso-260-ml-fischer\/#primaryimage"},"image":{"@id":"https:\/\/calzavara.ar\/index.php\/producto\/silicona-sellador-neutra-multiuso-260-ml-fischer\/#primaryimage"},"thumbnailUrl":"https:\/\/calzavara.ar\/wp-content\/uploads\/2022\/12\/11000.jpg","datePublished":"2022-12-22T18:33:03+00:00","dateModified":"2026-01-19T11:42:40+00:00","breadcrumb":{"@id":"https:\/\/calzavara.ar\/index.php\/producto\/silicona-sellador-neutra-multiuso-260-ml-fischer\/#breadcrumb"},"inLanguage":"es","potentialAction":[{"@type":"ReadAction","target":["https:\/\/calzavara.ar\/index.php\/producto\/silicona-sellador-neutra-multiuso-260-ml-fischer\/"]}]},{"@type":"ImageObject","inLanguage":"es","@id":"https:\/\/calzavara.ar\/index.php\/producto\/silicona-sellador-neutra-multiuso-260-ml-fischer\/#primaryimage","url":"https:\/\/calzavara.ar\/wp-content\/uploads\/2022\/12\/11000.jpg","contentUrl":"https:\/\/calzavara.ar\/wp-content\/uploads\/2022\/12\/11000.jpg","width":1200,"height":1200},{"@type":"BreadcrumbList","@id":"https:\/\/calzavara.ar\/index.php\/producto\/silicona-sellador-neutra-multiuso-260-ml-fischer\/#breadcrumb","itemListElement":[{"@type":"ListItem","position":1,"name":"Portada","item":"https:\/\/calzavara.ar\/"},{"@type":"ListItem","position":2,"name":"Tienda","item":"https:\/\/calzavara.ar\/index.php\/tienda\/"},{"@type":"ListItem","position":3,"name":"Silicona Sellador Neutra Multiuso 260 Ml Fischer"}]},{"@type":"WebSite","@id":"https:\/\/calzavara.ar\/#website","url":"https:\/\/calzavara.ar\/","name":"CALZAVARA","description":"Tienda Oficial CALZAVARA","publisher":{"@id":"https:\/\/calzavara.ar\/#organization"},"potentialAction":[{"@type":"SearchAction","target":{"@type":"EntryPoint","urlTemplate":"https:\/\/calzavara.ar\/?s={search_term_string}"},"query-input":{"@type":"PropertyValueSpecification","valueRequired":true,"valueName":"search_term_string"}}],"inLanguage":"es"},{"@type":"Organization","@id":"https:\/\/calzavara.ar\/#organization","name":"CALZAVARA","url":"https:\/\/calzavara.ar\/","logo":{"@type":"ImageObject","inLanguage":"es","@id":"https:\/\/calzavara.ar\/#\/schema\/logo\/image\/","url":"https:\/\/calzavara.ar\/wp-content\/uploads\/2025\/05\/CalzaLogoRedes.jpg","contentUrl":"https:\/\/calzavara.ar\/wp-content\/uploads\/2025\/05\/CalzaLogoRedes.jpg","width":640,"height":640,"caption":"CALZAVARA"},"image":{"@id":"https:\/\/calzavara.ar\/#\/schema\/logo\/image\/"},"sameAs":["https:\/\/www.facebook.com\/calzavarasrl","https:\/\/www.instagram.com\/calzavara_herrajes","https:\/\/www.linkedin.com\/company\/calzavara\/","https:\/\/www.youtube.com\/@calzavara3279"]}]}},"jetpack_sharing_enabled":true,"_links":{"self":[{"href":"https:\/\/calzavara.ar\/index.php\/wp-json\/wp\/v2\/product\/11051","targetHints":{"allow":["GET"]}}],"collection":[{"href":"https:\/\/calzavara.ar\/index.php\/wp-json\/wp\/v2\/product"}],"about":[{"href":"https:\/\/calzavara.ar\/index.php\/wp-json\/wp\/v2\/types\/product"}],"wp:featuredmedia":[{"embeddable":true,"href":"https:\/\/calzavara.ar\/index.php\/wp-json\/wp\/v2\/media\/11052"}],"wp:attachment":[{"href":"https:\/\/calzavara.ar\/index.php\/wp-json\/wp\/v2\/media?parent=11051"}],"wp:term":[{"taxonomy":"product_brand","embeddable":true,"href":"https:\/\/calzavara.ar\/index.php\/wp-json\/wp\/v2\/product_brand?post=11051"},{"taxonomy":"product_cat","embeddable":true,"href":"https:\/\/calzavara.ar\/index.php\/wp-json\/wp\/v2\/product_cat?post=11051"},{"taxonomy":"product_tag","embeddable":true,"href":"https:\/\/calzavara.ar\/index.php\/wp-json\/wp\/v2\/product_tag?post=11051"}],"curies":[{"name":"wp","href":"https:\/\/api.w.org\/{rel}","templated":true}]}}